{"id":957,"date":"2016-09-29T12:08:37","date_gmt":"2016-09-29T12:08:37","guid":{"rendered":"http:\/\/tecnodiabetes.ai2.upv.es\/?page_id=957"},"modified":"2025-08-12T09:48:50","modified_gmt":"2025-08-12T07:48:50","slug":"nota-legal","status":"publish","type":"page","link":"https:\/\/tecnodiabetes.ai2.upv.es\/index.php\/nota-legal\/","title":{"rendered":"Nota legal"},"content":{"rendered":"<p>[et_pb_section fb_built=\u00bb1&#8243; admin_label=\u00bbsection\u00bb _builder_version=\u00bb4.16&#8243; global_colors_info=\u00bb{}\u00bb][et_pb_row admin_label=\u00bbrow\u00bb _builder_version=\u00bb4.16&#8243; background_size=\u00bbinitial\u00bb background_position=\u00bbtop_left\u00bb background_repeat=\u00bbrepeat\u00bb global_colors_info=\u00bb{}\u00bb][et_pb_column type=\u00bb4_4&#8243; _builder_version=\u00bb4.16&#8243; custom_padding=\u00bb|||\u00bb global_colors_info=\u00bb{}\u00bb custom_padding__hover=\u00bb|||\u00bb][et_pb_text _builder_version=\u00bb4.27.4&#8243; background_size=\u00bbinitial\u00bb background_position=\u00bbtop_left\u00bb background_repeat=\u00bbrepeat\u00bb hover_enabled=\u00bb0&#8243; use_border_color=\u00bboff\u00bb global_colors_info=\u00bb{}\u00bb sticky_enabled=\u00bb0&#8243;]<\/p>\n<h2>Pol\u00edtica de privacidad<\/h2>\n<h3>Datos de identificaci\u00f3n<\/h3>\n<p>En cumplimiento del deber de informaci\u00f3n establecido en el art\u00edculo 10 de la Ley 34\/2002, de 11 de julio, de Servicios de la Sociedad de la Informaci\u00f3n y de Comercio Electr\u00f3nico, y del Reglamento General de Protecci\u00f3n de Datos (en adelante, RGPD), aplicable desde el 25 de mayo de 2018, se proporciona la siguiente informaci\u00f3n:<\/p>\n<ul>\n<li title=\"\" data-original-title=\"\">La empresa titular de este sitio web y responsable del tratamiento de los datos es el Instituto de Autom\u00e1tica e Inform\u00e1tica Industrial de la UPV (en adelante, Instituto ai2), con domicilio social en C\/ Camino de Vera s\/N, Edificio 8G, Acceso D, 4.\u00aa planta, 46022 Valencia, Espa\u00f1a, con CIF: Q4618002B. Correo electr\u00f3nico de contacto: <a href=\"mailto:instituto@ai2.upv.es\"> instituto@ai2.upv.es<\/a>.<\/li>\n<li title=\"\" data-original-title=\"\">El Instituto ai2 se reserva el derecho de modificar o eliminar el contenido y los servicios de este sitio web en cualquier momento y sin previo aviso. No asume ninguna responsabilidad por ello ni por la informaci\u00f3n desactualizada.<\/li>\n<\/ul>\n<h3>Tratamiento de datos personales<\/h3>\n<ul>\n<li title=\"\" data-original-title=\"\">&nbsp;Los datos personales que proporcione a trav\u00e9s del sitio web http:\/\/tecnodiabetes.ai2.upv.es (en adelante, el Sitio Web) ser\u00e1n tratados por el Instituto ai2 con la finalidad de gestionar a los usuarios del sitio web, as\u00ed como los servicios ofrecidos a trav\u00e9s de dicho sitio. Asimismo, el Instituto ai2  tratar\u00e1 los datos para gestionar las consultas que reciba de los usuarios, las cuales se registrar\u00e1n para su an\u00e1lisis por parte de los investigadores y para identificar las necesidades de la comunidad de personas con diabetes, \u00fanicamente con fines de investigaci\u00f3n. En ning\u00fan caso se enviar\u00e1 publicidad ni informaci\u00f3n comercial. El tratamiento de datos para estos fines continuar\u00e1 mientras mantenga cualquier relaci\u00f3n comercial o contractual con el Instituto ai2 e incluso despu\u00e9s de la finalizaci\u00f3n de dicha relaci\u00f3n, por un m\u00e1ximo de cinco a\u00f1os.<\/li>\n<li title=\"\" data-original-title=\"\">Usted garantiza que los datos proporcionados son verdaderos, exactos, completos y actualizados, y es responsable de cualquier da\u00f1o o p\u00e9rdida, directa o indirecta, que pudiera derivarse del incumplimiento de esta obligaci\u00f3n. Si los datos proporcionados pertenecen a un tercero, usted garantiza haberle informado de los aspectos contenidos en esta Pol\u00edtica y haber obtenido su autorizaci\u00f3n para facilitar sus datos a ai2 Institute para los fines indicados.<\/li>\n<li title=\"\" data-original-title=\"\">Cuando se recopilen datos personales a trav\u00e9s del formulario, se le solicitar\u00e1 que proporcione al menos los datos marcados como obligatorios. De no proporcionar estos datos, considerados necesarios, el Instituto ai2 no podr\u00e1 aceptar y gestionar el servicio web, la consulta o la solicitud presentada.<\/li>\n<\/ul>\n<h3>Recopilaci\u00f3n de datos estad\u00edsticos<\/h3>\n<ul>\n<li title=\"\" data-original-title=\"\">Para ofrecerle el mejor servicio a trav\u00e9s de este sitio web y facilitar su uso, se analiza el n\u00famero de p\u00e1ginas visitadas, el n\u00famero de visitas, as\u00ed como la actividad de los visitantes del sitio web y su frecuencia de uso. Para ello, se utilizan datos estad\u00edsticos recopilados por el proveedor de servicios de internet del Instituto ai2.<\/li>\n<li title=\"\" data-original-title=\"\">Esta informaci\u00f3n se utiliza para analizar la frecuencia de uso del sitio web del Instituto ai2 en funci\u00f3n de los datos de conexi\u00f3n y las secciones m\u00e1s visitadas.<\/li>\n<\/ul>\n<h3>Control de Privacidad y Derecho a Oponerse, Rectificar, Suprimir, Portabilidad y Actualizaci\u00f3n de Datos<\/h3>\n<ul>\n<li title=\"\" data-original-title=\"\">El Instituto ai2 utiliza cookies en el sitio web mencionado. Para m\u00e1s informaci\u00f3n, consulte nuestra <a href=\"https:\/\/www.ai2.upv.es\/politica-de-cookies\/\">Pol\u00edtica de Cookies<\/a>.<\/li>\n<li title=\"\" data-original-title=\"\">Puede ejercer sus derechos de acceso, rectificaci\u00f3n, supresi\u00f3n, oposici\u00f3n, limitaci\u00f3n del tratamiento y portabilidad de sus datos personales, as\u00ed como retirar su consentimiento en cualquier momento. Para ello, deber\u00e1 enviar una comunicaci\u00f3n a la direcci\u00f3n proporcionada o por correo electr\u00f3nico a tecnodiabetes@ai2.upv.es, aportando una fotocopia de su documento nacional de identidad, pasaporte u otro documento v\u00e1lido de identificaci\u00f3n.<\/li>\n<li title=\"\" data-original-title=\"\">Si considera que sus datos personales no se han tratado conforme a la normativa, o si tiene alguna pregunta, puede ponerse en contacto con el Instituto ai2 en tecnodiabetes@ai2.upv.es. En cualquier caso, podr\u00e1 presentar reclamaci\u00f3n ante la Agencia Espa\u00f1ola de Protecci\u00f3n de Datos (www.agpd.es).<\/li>\n<\/ul>\n<p>[\/et_pb_text][\/et_pb_column][\/et_pb_row][\/et_pb_section]<\/p>\n","protected":false},"excerpt":{"rendered":"<p>Pol\u00edtica de privacidad Datos de identificaci\u00f3n En cumplimiento del deber de informaci\u00f3n establecido en el art\u00edculo 10 de la Ley 34\/2002, de 11 de julio, de Servicios de la Sociedad de la Informaci\u00f3n y de Comercio Electr\u00f3nico, y del Reglamento General de Protecci\u00f3n de Datos (en adelante, RGPD), aplicable desde el 25 de mayo de [&hellip;]<\/p>\n","protected":false},"author":1,"featured_media":0,"parent":0,"menu_order":0,"comment_status":"closed","ping_status":"closed","template":"","meta":{"_et_pb_use_builder":"on","_et_pb_old_content":"This website is made available to you in order to enhance the sustainable use of energy. Your access to, and use of, this website is provided by and is subject to the terms, conditions and notices set out herein and all applicable laws and regulations. By accessing and using this website, you accept and agree to be bound by, without limitation or qualification, these terms and conditions. If you do not agree and accept, without limitation or qualification, these terms and conditions, then you do not have permission to access the contents of this website and therefore should cease using this website immediately. Any external links to other websites are identifiable as such, and we are not responsible for the content or the privacy policies of such other websites.\r\n \r\n\r\nPRIVACY POLICY\r\n\r\n1. Introduction\r\nWe at ClosedLoop4Meal project and its partners respect your right to privacy and comply with our obligations under the Data Protection Acts 1988. The purpose of this Privacy Policy is to outline how we deal with any personal data that you provide to us while visiting this website.\r\n\r\n2. Types of information collected\r\nWe may retain two types of data:\r\n\r\na. Personal information voluntarily submitted by you to us This is data that you voluntarily submit to us, and can be used to identify or contact you and may include your name, address, email address, telephone number, information preferences and user IP addresses. Such information is only collected from you if you voluntarily submit it to us.\r\n\r\nb. Aggregate data Like most websites, we gather statistical and other analytical information collected on an aggregate basis from all visitors to our website. This non-personal data comprises information that cannot be used to identify or contact you.\r\n\r\n3. Purposes for which we may hold your Information\r\n\r\na. Personal data We may hold Personal data you provide to us for the following purposes: (i) to send you email or other communications that you have requested to receive; (ii) to contact you if required in connection with your enquiries or to respond to any communications you might send to us. We will not sell or rent your Personal data to any third parties.\r\n\r\nb. Aggregate data We may gather certain usage information about the numbers and frequency of visitors to our website. We may use such data gathered from visitors to our website in an aggregate form to get a better understanding of where our visitors come from and to help us improve our website and services. c. Cookies This website uses \"cookie\" technology. A cookie is a piece of text stored by the browser on your computer, at the request of our server. We may use cookies to save your personal preferences so you do not have to re-enter them each time you connect to our website. Cookies cannot be used to obtain other information from your hard disk. The Cookie is used to collect statistical information and is not used to identify individuals. You may reset your browser either to notify you when you have received a Cookie or to refuse to accept Cookies. Note that if you decline our cookies or ask for notification each time a cookie is being sent, this may affect your ease of use of this website.\r\n\r\n4. Disclosure of Information to Third Parties\r\nWe will not disclose your Personal data to third parties unless you have consented to this disclosure or unless the third party is required to fulfil your requests to us, e.g. should you request materials shown on this website (in such circumstances, the third party is bound by similar data protection requirements).\r\nWe may provide Aggregate data to third parties, where such information is combined with similar information of other users of our website. By way of example, this may include statistics on the number of visitors to our website, their geographic origin, the parts of the website that they visit, etc. We will disclose your Personal data if we believe in good faith that we are required to disclose it in order to comply with any applicable law, a summons, a search warrant, a court or regulatory order, or other statutory requirement.\r\n\r\n5. Security\r\nShould you submit Personal data to us, this will be held in secure storage which is not accessible through the Internet. However, in relation to information that you transmit to us via the Internet, i.e. when entering information online, the nature of the Internet is such that we cannot guarantee or warrant the security of any information that you transmit to us via the Internet. No data transmission over the Internet can be guaranteed to be 100% secure. However, once we receive your data, we will take all reasonable steps (including appropriate technical and organisational measures) to protect your Personal data.\r\n\r\n6. Updating, verifying and deleting personal data\r\nYou may inform us of any changes in your Personal data, and in accordance with our obligations under the Data Protection Acts 1988 we will update or delete your Personal data accordingly. To find out what Personal data we hold on you or to have your Personal data updated, amended or removed from our database, please send an email to jbondia@isa.upv.es with your email address and the information you would like to view update, amend or remove.\r\n\r\n7. Changes to the Website Privacy Policy\r\nAny changes to this Website Privacy Policy will be posted on this website. If at any time we decide to use Personal data in a manner significantly different from that stated in this Privacy Policy, or otherwise disclosed to you at the time it was collected, we will notify you by email, and you will have a choice as to whether or not we use your information in the new manner.\r\n\r\nTERMS AND CONDITIONS\r\nIt is the policy of ClosedLoop4Meal project and its partners to respect the privacy of site visitors and people who register their details with us. We will not monitor, edit or disclose any personal information about you without your prior consent. In relation to the activity of ClosedLoop4Meal project we may acquire personal data and information about you which you have registered with us. In this regard, we undertake to only use your data in complete accordance with the following conditions:\r\nWe will not rent or sell any data which may personally identify you to any third party.\r\nWe may aggregate your Non personal data for disclosure to advertisers or business associates for promotion and marketing purposes.\r\nCertain data such as your password will never be disclosed. You are responsible for keeping your password confidential and for all activities that occur under your password or account. Please let ClosedLoop4Meal.org know of any unauthorised use of your password, or any other breach of security.\r\nWe will clearly state why we are collecting personal information and how it will be used. We reserve the right to, and you hereby agree, to allow us to disclose any information about you to law enforcement, government officials or to any court or court officials as we in our sole discretion believe necessary or appropriate.\r\nNothing in this Agreement relating to the confidentiality of information shall prevent or hinder from complying with its legal obligations as to disclosure or otherwise under the Data Protection Act 1988.\r\n\r\nUSE OF MATERIALS\r\nYou may not use, reproduce, distribute, display or create derivative works based on any Materials that appear on the Website. You acknowledge and agree that the Material copyright holder retains all ownership rights in and to the Materials, and that such Materials are covered and protected by copyright, trademark and other intellectual property rights. You shall have no right to sell or distribute for sale the Material or any reproductions thereof, whether alone or incorporated or together with or onto any item of merchandise or other work of authorship, in any media or format now or hereafter known which primary value lies in the Material itself. The person or organisation requesting materials shall have no right to grant further sublicenses.\r\n\r\nCOPYRIGHT\r\nThe information and images contained on our websites are the property of ClosedLoop4Meal project or its partners unless explicitly stated to the contrary. They are protected by copyright laws. Material may be downloaded or printed without requiring specific permission. This is subject to the material not being used in a derogatory manner, in a misleading context or for commercial purposes. If the material is being issued to others, the source including the web address and copyright status must be acknowledged. We may require you to register your details before downloading certain information or documents.\r\n\r\nDISCLAIMER\r\nClosedLoop4Meal project and its partners does not accept any responsibility for any loss or damage including, without limitation, indirect or consequential loss or damage, or any loss or damages whatsoever arising from use or loss of use of, data or profits arising out of or in connection with the use of this website. ClosedLoop4Meal project and its partners do not guarantee that access to and use of this website will be uninterrupted or error-free. ClosedLoop4Meal project and its partners have taken all reasonable effort to ensure that the information contained within the web site is correct, you should be aware that the information it contains may be incomplete, incorrect, or may have become out of date.\r\nInformation, advice and opinions expressed in this Site are of a general nature only and are not intended to address the specific circumstances of any particular individual or entity. It should not be relied upon for personal, legal, financial or other decisions.\r\nMention of third party products, services, companies and websites on this website is for informational purposes only and constitutes neither an endorsement nor a recommendation. This website holds a wide range of links to related websites from a variety of related organisations, companies and services. While every effort is made to check the content and accuracy of the websites we link to, ClosedLoop4Meal project or its partners take no responsibility for information contained on websites maintained by other organisations or for action taken as a result of information contained on websites maintained by other organisations.\r\n\r\nGOVERNING LAW\r\nThese terms and conditions shall be governed by and construed in accordance with the laws of England and Wales. Any dispute arising under these terms and conditions shall be subject to the exclusive jurisdiction of the courts of England and Wales.\r\n\r\nCopyright \u00a9 2011 ClosedLoop4Meal. All rights reserved.","_et_gb_content_width":"","inline_featured_image":false,"footnotes":""},"class_list":["post-957","page","type-page","status-publish","hentry"],"yoast_head":"<!-- This site is optimized with the Yoast SEO plugin v27.6 - https:\/\/yoast.com\/product\/yoast-seo-wordpress\/ -->\n<title>Nota legal - Tecnodiabetes<\/title>\n<meta name=\"description\" content=\"diabetes, tecnolog\u00eda, investigaci\u00f3n, innovaci\u00f3n, diabetes tipo 1, diabetes tipo 2, p\u00e1ncreas artificial, bomba de insulina, monitor continuo de glucosa, glucosa, insulina, educaci\u00f3n diabetes, simulador diabetes, robot diabetes, CSII, MDI, SAP, CGM, type 1 diabetes, type 2 diabetes, artificial pancreas, insulin pump, continuous glucose monitor, glucose, insulin, diabetes education, diabetes simulator\" \/>\n<meta name=\"robots\" content=\"index, follow, max-snippet:-1, max-image-preview:large, max-video-preview:-1\" \/>\n<link rel=\"canonical\" href=\"https:\/\/tecnodiabetes.ai2.upv.es\/index.php\/nota-legal\/\" \/>\n<meta property=\"og:locale\" content=\"es_ES\" \/>\n<meta property=\"og:type\" content=\"article\" \/>\n<meta property=\"og:title\" content=\"Nota legal - Tecnodiabetes\" \/>\n<meta property=\"og:description\" content=\"diabetes, tecnolog\u00eda, investigaci\u00f3n, innovaci\u00f3n, diabetes tipo 1, diabetes tipo 2, p\u00e1ncreas artificial, bomba de insulina, monitor continuo de glucosa, glucosa, insulina, educaci\u00f3n diabetes, simulador diabetes, robot diabetes, CSII, MDI, SAP, CGM, type 1 diabetes, type 2 diabetes, artificial pancreas, insulin pump, continuous glucose monitor, glucose, insulin, diabetes education, diabetes simulator\" \/>\n<meta property=\"og:url\" content=\"https:\/\/tecnodiabetes.ai2.upv.es\/index.php\/nota-legal\/\" \/>\n<meta property=\"og:site_name\" content=\"Tecnodiabetes\" \/>\n<meta property=\"article:publisher\" content=\"https:\/\/www.facebook.com\/Tecnodiabetes-1788690764738148\/\" \/>\n<meta property=\"article:modified_time\" content=\"2025-08-12T07:48:50+00:00\" \/>\n<meta name=\"twitter:card\" content=\"summary_large_image\" \/>\n<meta name=\"twitter:site\" content=\"@tecnodiabetes\" \/>\n<meta name=\"twitter:label1\" content=\"Tiempo de lectura\" \/>\n\t<meta name=\"twitter:data1\" content=\"4 minutos\" \/>\n<script type=\"application\/ld+json\" class=\"yoast-schema-graph\">{\"@context\":\"https:\\\/\\\/schema.org\",\"@graph\":[{\"@type\":\"WebPage\",\"@id\":\"https:\\\/\\\/tecnodiabetes.ai2.upv.es\\\/index.php\\\/nota-legal\\\/\",\"url\":\"https:\\\/\\\/tecnodiabetes.ai2.upv.es\\\/index.php\\\/nota-legal\\\/\",\"name\":\"Nota legal - Tecnodiabetes\",\"isPartOf\":{\"@id\":\"https:\\\/\\\/tecnodiabetes.ai2.upv.es\\\/#website\"},\"datePublished\":\"2016-09-29T12:08:37+00:00\",\"dateModified\":\"2025-08-12T07:48:50+00:00\",\"description\":\"diabetes, tecnolog\u00eda, investigaci\u00f3n, innovaci\u00f3n, diabetes tipo 1, diabetes tipo 2, p\u00e1ncreas artificial, bomba de insulina, monitor continuo de glucosa, glucosa, insulina, educaci\u00f3n diabetes, simulador diabetes, robot diabetes, CSII, MDI, SAP, CGM, type 1 diabetes, type 2 diabetes, artificial pancreas, insulin pump, continuous glucose monitor, glucose, insulin, diabetes education, diabetes simulator\",\"breadcrumb\":{\"@id\":\"https:\\\/\\\/tecnodiabetes.ai2.upv.es\\\/index.php\\\/nota-legal\\\/#breadcrumb\"},\"inLanguage\":\"es\",\"potentialAction\":[{\"@type\":\"ReadAction\",\"target\":[\"https:\\\/\\\/tecnodiabetes.ai2.upv.es\\\/index.php\\\/nota-legal\\\/\"]}]},{\"@type\":\"BreadcrumbList\",\"@id\":\"https:\\\/\\\/tecnodiabetes.ai2.upv.es\\\/index.php\\\/nota-legal\\\/#breadcrumb\",\"itemListElement\":[{\"@type\":\"ListItem\",\"position\":1,\"name\":\"Portada\",\"item\":\"https:\\\/\\\/tecnodiabetes.ai2.upv.es\\\/\"},{\"@type\":\"ListItem\",\"position\":2,\"name\":\"Nota legal\"}]},{\"@type\":\"WebSite\",\"@id\":\"https:\\\/\\\/tecnodiabetes.ai2.upv.es\\\/#website\",\"url\":\"https:\\\/\\\/tecnodiabetes.ai2.upv.es\\\/\",\"name\":\"Tecnodiabetes\",\"description\":\"Divulgaci\u00f3n Cient\u00edfica sobre Diabetes\",\"potentialAction\":[{\"@type\":\"SearchAction\",\"target\":{\"@type\":\"EntryPoint\",\"urlTemplate\":\"https:\\\/\\\/tecnodiabetes.ai2.upv.es\\\/?s={search_term_string}\"},\"query-input\":{\"@type\":\"PropertyValueSpecification\",\"valueRequired\":true,\"valueName\":\"search_term_string\"}}],\"inLanguage\":\"es\"}]}<\/script>\n<!-- \/ Yoast SEO plugin. -->","yoast_head_json":{"title":"Nota legal - Tecnodiabetes","description":"diabetes, tecnolog\u00eda, investigaci\u00f3n, innovaci\u00f3n, diabetes tipo 1, diabetes tipo 2, p\u00e1ncreas artificial, bomba de insulina, monitor continuo de glucosa, glucosa, insulina, educaci\u00f3n diabetes, simulador diabetes, robot diabetes, CSII, MDI, SAP, CGM, type 1 diabetes, type 2 diabetes, artificial pancreas, insulin pump, continuous glucose monitor, glucose, insulin, diabetes education, diabetes simulator","robots":{"index":"index","follow":"follow","max-snippet":"max-snippet:-1","max-image-preview":"max-image-preview:large","max-video-preview":"max-video-preview:-1"},"canonical":"https:\/\/tecnodiabetes.ai2.upv.es\/index.php\/nota-legal\/","og_locale":"es_ES","og_type":"article","og_title":"Nota legal - Tecnodiabetes","og_description":"diabetes, tecnolog\u00eda, investigaci\u00f3n, innovaci\u00f3n, diabetes tipo 1, diabetes tipo 2, p\u00e1ncreas artificial, bomba de insulina, monitor continuo de glucosa, glucosa, insulina, educaci\u00f3n diabetes, simulador diabetes, robot diabetes, CSII, MDI, SAP, CGM, type 1 diabetes, type 2 diabetes, artificial pancreas, insulin pump, continuous glucose monitor, glucose, insulin, diabetes education, diabetes simulator","og_url":"https:\/\/tecnodiabetes.ai2.upv.es\/index.php\/nota-legal\/","og_site_name":"Tecnodiabetes","article_publisher":"https:\/\/www.facebook.com\/Tecnodiabetes-1788690764738148\/","article_modified_time":"2025-08-12T07:48:50+00:00","twitter_card":"summary_large_image","twitter_site":"@tecnodiabetes","twitter_misc":{"Tiempo de lectura":"4 minutos"},"schema":{"@context":"https:\/\/schema.org","@graph":[{"@type":"WebPage","@id":"https:\/\/tecnodiabetes.ai2.upv.es\/index.php\/nota-legal\/","url":"https:\/\/tecnodiabetes.ai2.upv.es\/index.php\/nota-legal\/","name":"Nota legal - Tecnodiabetes","isPartOf":{"@id":"https:\/\/tecnodiabetes.ai2.upv.es\/#website"},"datePublished":"2016-09-29T12:08:37+00:00","dateModified":"2025-08-12T07:48:50+00:00","description":"diabetes, tecnolog\u00eda, investigaci\u00f3n, innovaci\u00f3n, diabetes tipo 1, diabetes tipo 2, p\u00e1ncreas artificial, bomba de insulina, monitor continuo de glucosa, glucosa, insulina, educaci\u00f3n diabetes, simulador diabetes, robot diabetes, CSII, MDI, SAP, CGM, type 1 diabetes, type 2 diabetes, artificial pancreas, insulin pump, continuous glucose monitor, glucose, insulin, diabetes education, diabetes simulator","breadcrumb":{"@id":"https:\/\/tecnodiabetes.ai2.upv.es\/index.php\/nota-legal\/#breadcrumb"},"inLanguage":"es","potentialAction":[{"@type":"ReadAction","target":["https:\/\/tecnodiabetes.ai2.upv.es\/index.php\/nota-legal\/"]}]},{"@type":"BreadcrumbList","@id":"https:\/\/tecnodiabetes.ai2.upv.es\/index.php\/nota-legal\/#breadcrumb","itemListElement":[{"@type":"ListItem","position":1,"name":"Portada","item":"https:\/\/tecnodiabetes.ai2.upv.es\/"},{"@type":"ListItem","position":2,"name":"Nota legal"}]},{"@type":"WebSite","@id":"https:\/\/tecnodiabetes.ai2.upv.es\/#website","url":"https:\/\/tecnodiabetes.ai2.upv.es\/","name":"Tecnodiabetes","description":"Divulgaci\u00f3n Cient\u00edfica sobre Diabetes","potentialAction":[{"@type":"SearchAction","target":{"@type":"EntryPoint","urlTemplate":"https:\/\/tecnodiabetes.ai2.upv.es\/?s={search_term_string}"},"query-input":{"@type":"PropertyValueSpecification","valueRequired":true,"valueName":"search_term_string"}}],"inLanguage":"es"}]}},"_links":{"self":[{"href":"https:\/\/tecnodiabetes.ai2.upv.es\/index.php\/wp-json\/wp\/v2\/pages\/957","targetHints":{"allow":["GET"]}}],"collection":[{"href":"https:\/\/tecnodiabetes.ai2.upv.es\/index.php\/wp-json\/wp\/v2\/pages"}],"about":[{"href":"https:\/\/tecnodiabetes.ai2.upv.es\/index.php\/wp-json\/wp\/v2\/types\/page"}],"author":[{"embeddable":true,"href":"https:\/\/tecnodiabetes.ai2.upv.es\/index.php\/wp-json\/wp\/v2\/users\/1"}],"replies":[{"embeddable":true,"href":"https:\/\/tecnodiabetes.ai2.upv.es\/index.php\/wp-json\/wp\/v2\/comments?post=957"}],"version-history":[{"count":10,"href":"https:\/\/tecnodiabetes.ai2.upv.es\/index.php\/wp-json\/wp\/v2\/pages\/957\/revisions"}],"predecessor-version":[{"id":3599,"href":"https:\/\/tecnodiabetes.ai2.upv.es\/index.php\/wp-json\/wp\/v2\/pages\/957\/revisions\/3599"}],"wp:attachment":[{"href":"https:\/\/tecnodiabetes.ai2.upv.es\/index.php\/wp-json\/wp\/v2\/media?parent=957"}],"curies":[{"name":"wp","href":"https:\/\/api.w.org\/{rel}","templated":true}]}}