{"id":813,"date":"2016-09-23T11:49:38","date_gmt":"2016-09-23T11:49:38","guid":{"rendered":"http:\/\/tecnodiabetes.ai2.upv.es\/?page_id=813"},"modified":"2025-08-14T10:01:38","modified_gmt":"2025-08-14T08:01:38","slug":"insulaid","status":"publish","type":"page","link":"https:\/\/tecnodiabetes.ai2.upv.es\/index.php\/insulaid\/","title":{"rendered":"INSULAID"},"content":{"rendered":"<p>[et_pb_section fb_built=\u00bb1&#8243; fullwidth=\u00bbon\u00bb custom_padding_last_edited=\u00bbon|desktop\u00bb admin_label=\u00bbSecci\u00f3n\u00bb _builder_version=\u00bb4.16&#8243; background_color=\u00bb#f15d2f\u00bb custom_padding=\u00bb30px|||\u00bb custom_padding_tablet=\u00bb50px|0|50px|0&#8243; custom_padding_phone=\u00bb50px|0|50px|0&#8243; transparent_background=\u00bboff\u00bb padding_mobile=\u00bboff\u00bb make_fullwidth=\u00bboff\u00bb use_custom_width=\u00bboff\u00bb width_unit=\u00bbon\u00bb custom_width_px=\u00bb1080px\u00bb custom_width_percent=\u00bb80%\u00bb global_colors_info=\u00bb{}\u00bb][et_pb_fullwidth_code admin_label=\u00bbC\u00f3digo de anchura completa\u00bb _builder_version=\u00bb4.16&#8243; global_colors_info=\u00bb{}\u00bb].[\/et_pb_fullwidth_code][\/et_pb_section][et_pb_section fb_built=\u00bb1&#8243; custom_padding_last_edited=\u00bbon|desktop\u00bb admin_label=\u00bbSecci\u00f3n\u00bb _builder_version=\u00bb4.16&#8243; custom_padding=\u00bb54px|0px|0px|0px\u00bb custom_padding_tablet=\u00bb50px|0|50px|0&#8243; custom_padding_phone=\u00bb50px|0|50px|0&#8243; transparent_background=\u00bboff\u00bb padding_mobile=\u00bboff\u00bb make_fullwidth=\u00bboff\u00bb use_custom_width=\u00bboff\u00bb width_unit=\u00bboff\u00bb custom_width_px=\u00bb1080px\u00bb custom_width_percent=\u00bb80%\u00bb global_colors_info=\u00bb{}\u00bb][et_pb_row _builder_version=\u00bb4.27.4&#8243; _module_preset=\u00bbdefault\u00bb column_structure=\u00bb1_5,1_5,1_5,1_5,1_5&#8243; custom_margin=\u00bb-52px||||false|false\u00bb hover_enabled=\u00bb0&#8243; sticky_enabled=\u00bb0&#8243;][et_pb_column _builder_version=\u00bb4.27.4&#8243; _module_preset=\u00bbdefault\u00bb type=\u00bb1_5&#8243;][\/et_pb_column][et_pb_column _builder_version=\u00bb4.27.4&#8243; _module_preset=\u00bbdefault\u00bb type=\u00bb1_5&#8243;][\/et_pb_column][et_pb_column _builder_version=\u00bb4.27.4&#8243; _module_preset=\u00bbdefault\u00bb type=\u00bb1_5&#8243;][\/et_pb_column][et_pb_column _builder_version=\u00bb4.27.4&#8243; _module_preset=\u00bbdefault\u00bb type=\u00bb1_5&#8243;][\/et_pb_column][et_pb_column _builder_version=\u00bb4.27.4&#8243; _module_preset=\u00bbdefault\u00bb type=\u00bb1_5&#8243;][et_pb_image src=\u00bbhttps:\/\/tecnodiabetes.ai2.upv.es\/wp-content\/uploads\/2023\/01\/Logotipo_del_Ministerio_de_Educacion_y_Ciencia.png\u00bb _builder_version=\u00bb4.27.4&#8243; _module_preset=\u00bbdefault\u00bb alt=\u00bbMinisterio de Educaci\u00f3n y Ciencia\u00bb title_text=\u00bbMinisterio de Educaci\u00f3n y Ciencia\u00bb hover_enabled=\u00bb0&#8243; sticky_enabled=\u00bb0&#8243;][\/et_pb_image][\/et_pb_column][\/et_pb_row][et_pb_row padding_mobile=\u00bboff\u00bb column_padding_mobile=\u00bbon\u00bb admin_label=\u00bbrow\u00bb _builder_version=\u00bb4.27.4&#8243; background_size=\u00bbinitial\u00bb background_position=\u00bbtop_left\u00bb background_repeat=\u00bbrepeat\u00bb hover_enabled=\u00bb0&#8243; make_fullwidth=\u00bboff\u00bb use_custom_width=\u00bboff\u00bb width_unit=\u00bboff\u00bb custom_width_px=\u00bb1080px\u00bb custom_width_percent=\u00bb80%\u00bb global_colors_info=\u00bb{}\u00bb custom_margin=\u00bb-20px||||false|false\u00bb sticky_enabled=\u00bb0&#8243;][et_pb_column type=\u00bb4_4&#8243; _builder_version=\u00bb4.16&#8243; custom_padding=\u00bb|||\u00bb global_colors_info=\u00bb{}\u00bb custom_padding__hover=\u00bb|||\u00bb][et_pb_text admin_label=\u00bbTexto\u00bb _builder_version=\u00bb4.16&#8243; text_font=\u00bb|||on|\u00bb background_size=\u00bbinitial\u00bb background_position=\u00bbtop_left\u00bb background_repeat=\u00bbrepeat\u00bb text_orientation=\u00bbcenter\u00bb module_alignment=\u00bbcenter\u00bb use_border_color=\u00bboff\u00bb border_style=\u00bbsolid\u00bb saved_tabs=\u00bball\u00bb inline_fonts=\u00bbMontserrat\u00bb global_colors_info=\u00bb{}\u00bb]<\/p>\n<h4><span style=\"font-family: Montserrat; color: #999999;\" data-mce-style=\"font-family: Montserrat; color: #999999;\">PROYECTOS&nbsp;<\/span><\/h4>\n<h3>INSULAID<br \/><\/h3>\n<p><span style=\"font-family: Montserrat; font-size: large;\" data-mce-style=\"font-family: Montserrat; font-size: large;\">Desarrollo de un sistema de predicci\u00f3n gluc\u00e9mica y ayuda a la dosificaci\u00f3n de insulina para pacientes con diabetes mellitus 1<\/span><br data-mce-bogus=\"1\"><\/p>\n<p>[\/et_pb_text][\/et_pb_column][\/et_pb_row][et_pb_row column_structure=\u00bb1_2,1_2&#8243; padding_mobile=\u00bboff\u00bb column_padding_mobile=\u00bbon\u00bb admin_label=\u00bbFila\u00bb _builder_version=\u00bb4.16&#8243; background_size=\u00bbinitial\u00bb background_position=\u00bbtop_left\u00bb background_repeat=\u00bbrepeat\u00bb make_fullwidth=\u00bboff\u00bb use_custom_width=\u00bboff\u00bb width_unit=\u00bboff\u00bb custom_width_px=\u00bb1080px\u00bb custom_width_percent=\u00bb80%\u00bb global_colors_info=\u00bb{}\u00bb][et_pb_column type=\u00bb1_2&#8243; _builder_version=\u00bb4.16&#8243; custom_padding=\u00bb|||\u00bb global_colors_info=\u00bb{}\u00bb custom_padding__hover=\u00bb|||\u00bb][et_pb_image src=\u00bbhttp:\/\/tecnodiabetes.ai2.upv.es\/wp-content\/uploads\/2016\/11\/MODAS-005b.jpg\u00bb align_tablet=\u00bbcenter\u00bb align_phone=\u00bbcenter\u00bb align_last_edited=\u00bbon|desktop\u00bb admin_label=\u00bbImagen\u00bb _builder_version=\u00bb4.16&#8243; animation_style=\u00bbslide\u00bb animation_direction=\u00bbleft\u00bb animation_duration=\u00bb500ms\u00bb animation_intensity_slide=\u00bb10%\u00bb use_border_color=\u00bboff\u00bb border_color=\u00bb#ffffff\u00bb border_style=\u00bbsolid\u00bb animation=\u00bbleft\u00bb sticky=\u00bboff\u00bb always_center_on_mobile=\u00bbon\u00bb global_colors_info=\u00bb{}\u00bb][\/et_pb_image][\/et_pb_column][et_pb_column type=\u00bb1_2&#8243; _builder_version=\u00bb4.16&#8243; custom_padding=\u00bb|||\u00bb global_colors_info=\u00bb{}\u00bb custom_padding__hover=\u00bb|||\u00bb][et_pb_text admin_label=\u00bbTexto\u00bb _builder_version=\u00bb4.16&#8243; background_size=\u00bbinitial\u00bb background_position=\u00bbtop_left\u00bb background_repeat=\u00bbrepeat\u00bb use_border_color=\u00bboff\u00bb border_color=\u00bb#ffffff\u00bb border_style=\u00bbsolid\u00bb global_colors_info=\u00bb{}\u00bb]<\/p>\n<h4>Datos administrativos<\/h4>\n<p><strong>Referencia del proyecto:<\/strong> DPI2004-07167-C02-01<br \/><strong>T\u00edtulo:<\/strong> Desarrollo de un sistema de predicci\u00f3n gluc\u00e9mica y ayuda a la dosificaci\u00f3n de insulina para pacientes con diabetes mellitus 1 \u2013 INSULAID<br \/><strong style=\"font-size: 14px;\" data-mce-style=\"font-size: 14px;\">Entidades participantes:<\/strong><span style=\"font-size: 14px;\" data-mce-style=\"font-size: 14px;\"> Proyecto coordinado <br \/><strong>Subproyecto 1:<\/strong> Universitat Polit\u00e8cnica de Val\u00e8ncia (coordinador); <strong>Subproyecto 2:<\/strong> Universitat de Girona<br \/><\/span><strong>Investigador principal:<\/strong> Jorge Bondia (coordinador); Josep Veh\u00ed<br \/><strong>Entidad financiadora:<\/strong> Ministerio de Educaci\u00f3n y Ciencia<br \/><strong>Duraci\u00f3n:<\/strong> 13\/12\/2004-13\/12\/2007<br \/><strong>Financiaci\u00f3n recibida:<\/strong> Subproyecto 1: 92.000,00\u20ac; Subproyecto 2: 97.750,00\u20ac<\/p>\n<p>[\/et_pb_text][\/et_pb_column][\/et_pb_row][et_pb_row padding_mobile=\u00bboff\u00bb column_padding_mobile=\u00bbon\u00bb admin_label=\u00bbFila\u00bb _builder_version=\u00bb4.16&#8243; background_size=\u00bbinitial\u00bb background_position=\u00bbtop_left\u00bb background_repeat=\u00bbrepeat\u00bb make_fullwidth=\u00bboff\u00bb use_custom_width=\u00bboff\u00bb width_unit=\u00bboff\u00bb custom_width_px=\u00bb1080px\u00bb custom_width_percent=\u00bb80%\u00bb global_colors_info=\u00bb{}\u00bb][et_pb_column type=\u00bb4_4&#8243; _builder_version=\u00bb4.16&#8243; custom_padding=\u00bb|||\u00bb global_colors_info=\u00bb{}\u00bb custom_padding__hover=\u00bb|||\u00bb][et_pb_text admin_label=\u00bbTexto\u00bb _builder_version=\u00bb4.16&#8243; background_size=\u00bbinitial\u00bb background_position=\u00bbtop_left\u00bb background_repeat=\u00bbrepeat\u00bb use_border_color=\u00bboff\u00bb border_style=\u00bbsolid\u00bb global_colors_info=\u00bb{}\u00bb]<\/p>\n<h4>Resumen del proyecto<\/h4>\n<p>La diabetes mellitus tipo I es una enfermedad cr\u00f3nica de gran impacto individual y social y que afecta a un n\u00famero importante de personas. \u00c9sta provoca importantes complicaciones en los \u00f3rganos diana (ojos, ri\u00f1\u00f3n, coraz\u00f3n, etc.) que ser\u00e1n causa de graves enfermedades, ocasionando serias minusval\u00edas (ceguera, insuficiencia renal, infarto agudo de miocardio, etc.), as\u00ed como una disminuci\u00f3n muy significativa de la esperanza de vida. Estos hechos se relacionan muy directamente con los niveles de glucosa en sangre. Por ello, el control de la glucemia dentro de los l\u00edmites de la normalidad es el objetivo principal del tratamiento para la diabetes mellitus I. <\/p>\n<p>El desarrollo de modelos predictivos de la glucemia permitir\u00e1 el mejor control metab\u00f3lico y, por tanto, disminuir las complicaciones propias de esta enfermedad. El modelado del metabolismo de la glucosa de Cobelli ya se encuentra ampliamente validado en experiencias cl\u00ednicas. Dicho modelo es no lineal, y tiene m\u00e1s de 30 par\u00e1metros a identificar. En este proyecto se plantea la identificaci\u00f3n param\u00e9trica de dicho modelo para pacientes particulares y el desarrollo de un sistema de entrenamiento y simulaci\u00f3n para que los pacientes puedan predecir de forma garantizada la evoluci\u00f3n de su glucemia seg\u00fan las acciones que vayan a realizar. Bas\u00e1ndose en este sistema tambi\u00e9n se plantea una ayuda a la dosificaci\u00f3n de insulina. Mediante estos dos sistemas se pretende que el paciente se encuentre dentro del rango normogluc\u00e9mico durante un mayor intervalo de tiempo elevando de este modo su calidad y esperanza de vida. Para ello se utilizar\u00e1n t\u00e9cnicas de resoluci\u00f3n de problemas de restricciones sobre dominios continuos, que  han experimentado avances importantes gracias, sobre todo, a la aportaci\u00f3n de los m\u00e9todos basados en el an\u00e1lisis de intervalos y la combinaci\u00f3n de diversas t\u00e9cnicas de programaci\u00f3n y optimizaci\u00f3n.<\/p>\n<p>[\/et_pb_text][\/et_pb_column][\/et_pb_row][et_pb_row padding_mobile=\u00bboff\u00bb column_padding_mobile=\u00bbon\u00bb admin_label=\u00bbrow\u00bb _builder_version=\u00bb4.16&#8243; background_size=\u00bbinitial\u00bb background_position=\u00bbtop_left\u00bb background_repeat=\u00bbrepeat\u00bb custom_padding=\u00bb0px|0px|17px|0px\u00bb make_fullwidth=\u00bboff\u00bb use_custom_width=\u00bboff\u00bb width_unit=\u00bboff\u00bb custom_width_px=\u00bb1080px\u00bb custom_width_percent=\u00bb80%\u00bb global_colors_info=\u00bb{}\u00bb][et_pb_column type=\u00bb4_4&#8243; _builder_version=\u00bb4.16&#8243; custom_padding=\u00bb|||\u00bb global_colors_info=\u00bb{}\u00bb custom_padding__hover=\u00bb|||\u00bb][et_pb_text admin_label=\u00bbTexto\u00bb _builder_version=\u00bb4.16&#8243; background_size=\u00bbinitial\u00bb background_position=\u00bbtop_left\u00bb background_repeat=\u00bbrepeat\u00bb use_border_color=\u00bboff\u00bb border_style=\u00bbsolid\u00bb global_colors_info=\u00bb{}\u00bb]<\/p>\n<h4>Investigadores<\/h4>\n<p>[\/et_pb_text][\/et_pb_column][\/et_pb_row][et_pb_row column_structure=\u00bb1_3,1_3,1_3&#8243; padding_mobile=\u00bboff\u00bb column_padding_mobile=\u00bbon\u00bb admin_label=\u00bbrow\u00bb _builder_version=\u00bb4.16&#8243; background_size=\u00bbinitial\u00bb background_position=\u00bbtop_left\u00bb background_repeat=\u00bbrepeat\u00bb custom_padding=\u00bb0px|0px|27px|0px\u00bb make_fullwidth=\u00bboff\u00bb use_custom_width=\u00bboff\u00bb width_unit=\u00bboff\u00bb custom_width_px=\u00bb1080px\u00bb custom_width_percent=\u00bb80%\u00bb global_colors_info=\u00bb{}\u00bb][et_pb_column type=\u00bb1_3&#8243; _builder_version=\u00bb4.16&#8243; custom_padding=\u00bb|||\u00bb global_colors_info=\u00bb{}\u00bb custom_padding__hover=\u00bb|||\u00bb][et_pb_text admin_label=\u00bbTexto\u00bb _builder_version=\u00bb4.16&#8243; background_size=\u00bbinitial\u00bb background_position=\u00bbtop_left\u00bb background_repeat=\u00bbrepeat\u00bb use_border_color=\u00bboff\u00bb border_color=\u00bb#ffffff\u00bb border_style=\u00bbsolid\u00bb global_colors_info=\u00bb{}\u00bb]<\/p>\n<h6>Universitat Polit\u00e8cnica de Val\u00e8ncia:<\/h6>\n<ul>\n<li>Jorge Bondia (coordinador)<\/li>\n<li>Jes\u00fas Pic\u00f3<\/li>\n<li>Cristina Tar\u00edn<\/li>\n<li>Edgar Teufel<\/li>\n<\/ul>\n<p>[\/et_pb_text][\/et_pb_column][et_pb_column type=\u00bb1_3&#8243; _builder_version=\u00bb4.16&#8243; custom_padding=\u00bb|||\u00bb global_colors_info=\u00bb{}\u00bb custom_padding__hover=\u00bb|||\u00bb][et_pb_text admin_label=\u00bbTexto\u00bb _builder_version=\u00bb4.16&#8243; background_size=\u00bbinitial\u00bb background_position=\u00bbtop_left\u00bb background_repeat=\u00bbrepeat\u00bb use_border_color=\u00bboff\u00bb border_style=\u00bbsolid\u00bb global_colors_info=\u00bb{}\u00bb]<H6>Universitat de Girona<\/H6><\/p>\n<ul>\n<li>Josep Veh\u00ed (co-IP)<\/li>\n<li>Remei Calm<\/li>\n<li>Miguel \u00c1ngel Sainz<\/li>\n<li>Ra\u00fal Fern\u00e1ndez<\/li>\n<\/ul>\n<p><\/p>\n<ul>\n<\/ul>\n<p>[\/et_pb_text][\/et_pb_column][et_pb_column type=\u00bb1_3&#8243; _builder_version=\u00bb4.16&#8243; custom_padding=\u00bb|||\u00bb global_colors_info=\u00bb{}\u00bb custom_padding__hover=\u00bb|||\u00bb][et_pb_text admin_label=\u00bbTexto\u00bb _builder_version=\u00bb4.16&#8243; background_size=\u00bbinitial\u00bb background_position=\u00bbtop_left\u00bb background_repeat=\u00bbrepeat\u00bb use_border_color=\u00bboff\u00bb border_style=\u00bbsolid\u00bb global_colors_info=\u00bb{}\u00bb]<H6>Hospital\u00a0Josep Trueta de Girona<\/span><\/H6><\/p>\n<ul>\n<li>Wifredo Ricart<\/li>\n<li>Jos\u00e9 Manuel Fern\u00e1ndez Real<\/li>\n<\/ul>\n<p><\/p>\n<ul>\n<\/ul>\n<p>[\/et_pb_text][\/et_pb_column][\/et_pb_row][\/et_pb_section]<\/p>\n","protected":false},"excerpt":{"rendered":"<p>PROYECTOS&nbsp; INSULAID Desarrollo de un sistema de predicci\u00f3n gluc\u00e9mica y ayuda a la dosificaci\u00f3n de insulina para pacientes con diabetes mellitus 1 Datos administrativos Referencia del proyecto: DPI2004-07167-C02-01T\u00edtulo: Desarrollo de un sistema de predicci\u00f3n gluc\u00e9mica y ayuda a la dosificaci\u00f3n de insulina para pacientes con diabetes mellitus 1 \u2013 INSULAIDEntidades participantes: Proyecto coordinado Subproyecto 1: [&hellip;]<\/p>\n","protected":false},"author":1,"featured_media":0,"parent":0,"menu_order":0,"comment_status":"closed","ping_status":"closed","template":"","meta":{"_et_pb_use_builder":"on","_et_pb_old_content":"","_et_gb_content_width":"","inline_featured_image":false,"footnotes":""},"class_list":["post-813","page","type-page","status-publish","hentry"],"yoast_head":"<!-- This site is optimized with the Yoast SEO plugin v27.5 - https:\/\/yoast.com\/product\/yoast-seo-wordpress\/ -->\n<title>Proyecto de p\u00e1ncreas artificial INSULAID - Tecnodiabetes<\/title>\n<meta name=\"description\" content=\"Conoce el proyecto INSULAID &quot;Desarrollo de un sistema de predicci\u00f3n gluc\u00e9mica y ayuda a la dosificaci\u00f3n de insulina para pacientes con diabetes mellitus 1&quot;\" \/>\n<meta name=\"robots\" content=\"index, follow, max-snippet:-1, max-image-preview:large, max-video-preview:-1\" \/>\n<link rel=\"canonical\" href=\"https:\/\/tecnodiabetes.ai2.upv.es\/index.php\/insulaid\/\" \/>\n<meta property=\"og:locale\" content=\"es_ES\" \/>\n<meta property=\"og:type\" content=\"article\" \/>\n<meta property=\"og:title\" content=\"Proyecto de p\u00e1ncreas artificial INSULAID - Tecnodiabetes\" \/>\n<meta property=\"og:description\" content=\"Conoce el proyecto INSULAID &quot;Desarrollo de un sistema de predicci\u00f3n gluc\u00e9mica y ayuda a la dosificaci\u00f3n de insulina para pacientes con diabetes mellitus 1&quot;\" \/>\n<meta property=\"og:url\" content=\"https:\/\/tecnodiabetes.ai2.upv.es\/index.php\/insulaid\/\" \/>\n<meta property=\"og:site_name\" content=\"Tecnodiabetes\" \/>\n<meta property=\"article:publisher\" content=\"https:\/\/www.facebook.com\/Tecnodiabetes-1788690764738148\/\" \/>\n<meta property=\"article:modified_time\" content=\"2025-08-14T08:01:38+00:00\" \/>\n<meta name=\"twitter:card\" content=\"summary_large_image\" \/>\n<meta name=\"twitter:site\" content=\"@tecnodiabetes\" \/>\n<meta name=\"twitter:label1\" content=\"Tiempo de lectura\" \/>\n\t<meta name=\"twitter:data1\" content=\"7 minutos\" \/>\n<script type=\"application\/ld+json\" class=\"yoast-schema-graph\">{\"@context\":\"https:\\\/\\\/schema.org\",\"@graph\":[{\"@type\":\"WebPage\",\"@id\":\"https:\\\/\\\/tecnodiabetes.ai2.upv.es\\\/index.php\\\/insulaid\\\/\",\"url\":\"https:\\\/\\\/tecnodiabetes.ai2.upv.es\\\/index.php\\\/insulaid\\\/\",\"name\":\"Proyecto de p\u00e1ncreas artificial INSULAID - Tecnodiabetes\",\"isPartOf\":{\"@id\":\"https:\\\/\\\/tecnodiabetes.ai2.upv.es\\\/#website\"},\"datePublished\":\"2016-09-23T11:49:38+00:00\",\"dateModified\":\"2025-08-14T08:01:38+00:00\",\"description\":\"Conoce el proyecto INSULAID \\\"Desarrollo de un sistema de predicci\u00f3n gluc\u00e9mica y ayuda a la dosificaci\u00f3n de insulina para pacientes con diabetes mellitus 1\\\"\",\"breadcrumb\":{\"@id\":\"https:\\\/\\\/tecnodiabetes.ai2.upv.es\\\/index.php\\\/insulaid\\\/#breadcrumb\"},\"inLanguage\":\"es\",\"potentialAction\":[{\"@type\":\"ReadAction\",\"target\":[\"https:\\\/\\\/tecnodiabetes.ai2.upv.es\\\/index.php\\\/insulaid\\\/\"]}]},{\"@type\":\"BreadcrumbList\",\"@id\":\"https:\\\/\\\/tecnodiabetes.ai2.upv.es\\\/index.php\\\/insulaid\\\/#breadcrumb\",\"itemListElement\":[{\"@type\":\"ListItem\",\"position\":1,\"name\":\"Portada\",\"item\":\"https:\\\/\\\/tecnodiabetes.ai2.upv.es\\\/\"},{\"@type\":\"ListItem\",\"position\":2,\"name\":\"INSULAID\"}]},{\"@type\":\"WebSite\",\"@id\":\"https:\\\/\\\/tecnodiabetes.ai2.upv.es\\\/#website\",\"url\":\"https:\\\/\\\/tecnodiabetes.ai2.upv.es\\\/\",\"name\":\"Tecnodiabetes\",\"description\":\"Divulgaci\u00f3n Cient\u00edfica sobre Diabetes\",\"potentialAction\":[{\"@type\":\"SearchAction\",\"target\":{\"@type\":\"EntryPoint\",\"urlTemplate\":\"https:\\\/\\\/tecnodiabetes.ai2.upv.es\\\/?s={search_term_string}\"},\"query-input\":{\"@type\":\"PropertyValueSpecification\",\"valueRequired\":true,\"valueName\":\"search_term_string\"}}],\"inLanguage\":\"es\"}]}<\/script>\n<!-- \/ Yoast SEO plugin. -->","yoast_head_json":{"title":"Proyecto de p\u00e1ncreas artificial INSULAID - Tecnodiabetes","description":"Conoce el proyecto INSULAID \"Desarrollo de un sistema de predicci\u00f3n gluc\u00e9mica y ayuda a la dosificaci\u00f3n de insulina para pacientes con diabetes mellitus 1\"","robots":{"index":"index","follow":"follow","max-snippet":"max-snippet:-1","max-image-preview":"max-image-preview:large","max-video-preview":"max-video-preview:-1"},"canonical":"https:\/\/tecnodiabetes.ai2.upv.es\/index.php\/insulaid\/","og_locale":"es_ES","og_type":"article","og_title":"Proyecto de p\u00e1ncreas artificial INSULAID - Tecnodiabetes","og_description":"Conoce el proyecto INSULAID \"Desarrollo de un sistema de predicci\u00f3n gluc\u00e9mica y ayuda a la dosificaci\u00f3n de insulina para pacientes con diabetes mellitus 1\"","og_url":"https:\/\/tecnodiabetes.ai2.upv.es\/index.php\/insulaid\/","og_site_name":"Tecnodiabetes","article_publisher":"https:\/\/www.facebook.com\/Tecnodiabetes-1788690764738148\/","article_modified_time":"2025-08-14T08:01:38+00:00","twitter_card":"summary_large_image","twitter_site":"@tecnodiabetes","twitter_misc":{"Tiempo de lectura":"7 minutos"},"schema":{"@context":"https:\/\/schema.org","@graph":[{"@type":"WebPage","@id":"https:\/\/tecnodiabetes.ai2.upv.es\/index.php\/insulaid\/","url":"https:\/\/tecnodiabetes.ai2.upv.es\/index.php\/insulaid\/","name":"Proyecto de p\u00e1ncreas artificial INSULAID - Tecnodiabetes","isPartOf":{"@id":"https:\/\/tecnodiabetes.ai2.upv.es\/#website"},"datePublished":"2016-09-23T11:49:38+00:00","dateModified":"2025-08-14T08:01:38+00:00","description":"Conoce el proyecto INSULAID \"Desarrollo de un sistema de predicci\u00f3n gluc\u00e9mica y ayuda a la dosificaci\u00f3n de insulina para pacientes con diabetes mellitus 1\"","breadcrumb":{"@id":"https:\/\/tecnodiabetes.ai2.upv.es\/index.php\/insulaid\/#breadcrumb"},"inLanguage":"es","potentialAction":[{"@type":"ReadAction","target":["https:\/\/tecnodiabetes.ai2.upv.es\/index.php\/insulaid\/"]}]},{"@type":"BreadcrumbList","@id":"https:\/\/tecnodiabetes.ai2.upv.es\/index.php\/insulaid\/#breadcrumb","itemListElement":[{"@type":"ListItem","position":1,"name":"Portada","item":"https:\/\/tecnodiabetes.ai2.upv.es\/"},{"@type":"ListItem","position":2,"name":"INSULAID"}]},{"@type":"WebSite","@id":"https:\/\/tecnodiabetes.ai2.upv.es\/#website","url":"https:\/\/tecnodiabetes.ai2.upv.es\/","name":"Tecnodiabetes","description":"Divulgaci\u00f3n Cient\u00edfica sobre Diabetes","potentialAction":[{"@type":"SearchAction","target":{"@type":"EntryPoint","urlTemplate":"https:\/\/tecnodiabetes.ai2.upv.es\/?s={search_term_string}"},"query-input":{"@type":"PropertyValueSpecification","valueRequired":true,"valueName":"search_term_string"}}],"inLanguage":"es"}]}},"_links":{"self":[{"href":"https:\/\/tecnodiabetes.ai2.upv.es\/index.php\/wp-json\/wp\/v2\/pages\/813","targetHints":{"allow":["GET"]}}],"collection":[{"href":"https:\/\/tecnodiabetes.ai2.upv.es\/index.php\/wp-json\/wp\/v2\/pages"}],"about":[{"href":"https:\/\/tecnodiabetes.ai2.upv.es\/index.php\/wp-json\/wp\/v2\/types\/page"}],"author":[{"embeddable":true,"href":"https:\/\/tecnodiabetes.ai2.upv.es\/index.php\/wp-json\/wp\/v2\/users\/1"}],"replies":[{"embeddable":true,"href":"https:\/\/tecnodiabetes.ai2.upv.es\/index.php\/wp-json\/wp\/v2\/comments?post=813"}],"version-history":[{"count":11,"href":"https:\/\/tecnodiabetes.ai2.upv.es\/index.php\/wp-json\/wp\/v2\/pages\/813\/revisions"}],"predecessor-version":[{"id":3739,"href":"https:\/\/tecnodiabetes.ai2.upv.es\/index.php\/wp-json\/wp\/v2\/pages\/813\/revisions\/3739"}],"wp:attachment":[{"href":"https:\/\/tecnodiabetes.ai2.upv.es\/index.php\/wp-json\/wp\/v2\/media?parent=813"}],"curies":[{"name":"wp","href":"https:\/\/api.w.org\/{rel}","templated":true}]}}