{"id":794,"date":"2016-09-23T10:39:19","date_gmt":"2016-09-23T10:39:19","guid":{"rendered":"http:\/\/tecnodiabetes.ai2.upv.es\/?page_id=794"},"modified":"2025-08-14T10:40:38","modified_gmt":"2025-08-14T08:40:38","slug":"closedloop4meal","status":"publish","type":"page","link":"https:\/\/tecnodiabetes.ai2.upv.es\/index.php\/closedloop4meal\/","title":{"rendered":"CLOSEDLOOP4MEAL"},"content":{"rendered":"<p>[et_pb_section fb_built=\u00bb1&#8243; fullwidth=\u00bbon\u00bb custom_padding_last_edited=\u00bbon|desktop\u00bb admin_label=\u00bbSecci\u00f3n\u00bb _builder_version=\u00bb4.16&#8243; background_color=\u00bb#f15d2f\u00bb custom_padding=\u00bb30px|||\u00bb custom_padding_tablet=\u00bb50px|0|50px|0&#8243; custom_padding_phone=\u00bb50px|0|50px|0&#8243; transparent_background=\u00bboff\u00bb padding_mobile=\u00bboff\u00bb make_fullwidth=\u00bboff\u00bb use_custom_width=\u00bboff\u00bb width_unit=\u00bbon\u00bb custom_width_px=\u00bb1080px\u00bb custom_width_percent=\u00bb80%\u00bb global_colors_info=\u00bb{}\u00bb][et_pb_fullwidth_code admin_label=\u00bbC\u00f3digo de anchura completa\u00bb _builder_version=\u00bb4.16&#8243; global_colors_info=\u00bb{}\u00bb].[\/et_pb_fullwidth_code][\/et_pb_section][et_pb_section fb_built=\u00bb1&#8243; custom_padding_last_edited=\u00bbon|desktop\u00bb admin_label=\u00bbSecci\u00f3n\u00bb _builder_version=\u00bb4.16&#8243; custom_padding=\u00bb54px|0px|0px|0px\u00bb custom_padding_tablet=\u00bb50px|0|50px|0&#8243; custom_padding_phone=\u00bb50px|0|50px|0&#8243; transparent_background=\u00bboff\u00bb padding_mobile=\u00bboff\u00bb make_fullwidth=\u00bboff\u00bb use_custom_width=\u00bboff\u00bb width_unit=\u00bboff\u00bb custom_width_px=\u00bb1080px\u00bb custom_width_percent=\u00bb80%\u00bb global_colors_info=\u00bb{}\u00bb][et_pb_row _builder_version=\u00bb4.27.4&#8243; _module_preset=\u00bbdefault\u00bb column_structure=\u00bb1_5,1_5,1_5,1_5,1_5&#8243; custom_margin=\u00bb-52px||||false|false\u00bb hover_enabled=\u00bb0&#8243; sticky_enabled=\u00bb0&#8243;][et_pb_column _builder_version=\u00bb4.27.4&#8243; _module_preset=\u00bbdefault\u00bb type=\u00bb1_5&#8243;][\/et_pb_column][et_pb_column _builder_version=\u00bb4.27.4&#8243; _module_preset=\u00bbdefault\u00bb type=\u00bb1_5&#8243;][\/et_pb_column][et_pb_column _builder_version=\u00bb4.27.4&#8243; _module_preset=\u00bbdefault\u00bb type=\u00bb1_5&#8243;][\/et_pb_column][et_pb_column _builder_version=\u00bb4.27.4&#8243; _module_preset=\u00bbdefault\u00bb type=\u00bb1_5&#8243;][\/et_pb_column][et_pb_column _builder_version=\u00bb4.27.4&#8243; _module_preset=\u00bbdefault\u00bb type=\u00bb1_5&#8243;][et_pb_image src=\u00bbhttps:\/\/tecnodiabetes.ai2.upv.es\/wp-content\/uploads\/2023\/01\/Logotipo_del_Ministerio_de_Ciencia_e_Innovacion.png\u00bb _builder_version=\u00bb4.27.4&#8243; _module_preset=\u00bbdefault\u00bb alt=\u00bbMinisterio de Ciencia e Innovaci\u00f3n\u00bb title_text=\u00bbLogotipo_del_Ministerio_de_Ciencia_e_Innovaci\u00f3n\u00bb hover_enabled=\u00bb0&#8243; sticky_enabled=\u00bb0&#8243;][\/et_pb_image][\/et_pb_column][\/et_pb_row][et_pb_row padding_mobile=\u00bboff\u00bb column_padding_mobile=\u00bbon\u00bb admin_label=\u00bbrow\u00bb _builder_version=\u00bb4.27.4&#8243; background_size=\u00bbinitial\u00bb background_position=\u00bbtop_left\u00bb background_repeat=\u00bbrepeat\u00bb hover_enabled=\u00bb0&#8243; make_fullwidth=\u00bboff\u00bb use_custom_width=\u00bboff\u00bb width_unit=\u00bboff\u00bb custom_width_px=\u00bb1080px\u00bb custom_width_percent=\u00bb80%\u00bb global_colors_info=\u00bb{}\u00bb custom_margin=\u00bb-20px||||false|false\u00bb sticky_enabled=\u00bb0&#8243;][et_pb_column type=\u00bb4_4&#8243; _builder_version=\u00bb4.16&#8243; custom_padding=\u00bb|||\u00bb global_colors_info=\u00bb{}\u00bb custom_padding__hover=\u00bb|||\u00bb][et_pb_text admin_label=\u00bbTexto\u00bb _builder_version=\u00bb4.16&#8243; text_font=\u00bb|||on|\u00bb background_size=\u00bbinitial\u00bb background_position=\u00bbtop_left\u00bb background_repeat=\u00bbrepeat\u00bb text_orientation=\u00bbcenter\u00bb module_alignment=\u00bbcenter\u00bb use_border_color=\u00bboff\u00bb border_style=\u00bbsolid\u00bb saved_tabs=\u00bball\u00bb inline_fonts=\u00bbMontserrat\u00bb global_colors_info=\u00bb{}\u00bb]<\/p>\n<h4><span style=\"font-family: Montserrat; color: #999999;\" data-mce-style=\"font-family: Montserrat; color: #999999;\">PROYECTOS<\/span><\/h4>\n<h3>CLOSEDLOOP4MEAL<br \/><\/h3>\n<p><span style=\"font-family: Montserrat; font-size: large;\" data-mce-style=\"font-family: Montserrat; font-size: large;\">Nuevas estrategias de control gluc\u00e9mico postprandial mediante terapia con bomba de insulina en diabetes tipo 1 <\/span><br data-mce-bogus=\"1\"><\/p>\n<p>[\/et_pb_text][\/et_pb_column][\/et_pb_row][et_pb_row column_structure=\u00bb1_2,1_2&#8243; padding_mobile=\u00bboff\u00bb column_padding_mobile=\u00bbon\u00bb admin_label=\u00bbFila\u00bb _builder_version=\u00bb4.16&#8243; background_size=\u00bbinitial\u00bb background_position=\u00bbtop_left\u00bb background_repeat=\u00bbrepeat\u00bb custom_padding=\u00bb26px|0px|26.5313px|0px\u00bb make_fullwidth=\u00bboff\u00bb use_custom_width=\u00bboff\u00bb width_unit=\u00bboff\u00bb custom_width_px=\u00bb1080px\u00bb custom_width_percent=\u00bb80%\u00bb global_colors_info=\u00bb{}\u00bb][et_pb_column type=\u00bb1_2&#8243; _builder_version=\u00bb4.16&#8243; custom_padding=\u00bb|||\u00bb global_colors_info=\u00bb{}\u00bb custom_padding__hover=\u00bb|||\u00bb][et_pb_text admin_label=\u00bbTexto\u00bb _builder_version=\u00bb4.16&#8243; background_size=\u00bbinitial\u00bb background_position=\u00bbtop_left\u00bb background_repeat=\u00bbrepeat\u00bb use_border_color=\u00bboff\u00bb border_style=\u00bbsolid\u00bb global_colors_info=\u00bb{}\u00bb]<iframe loading=\"lazy\" width=\"560\" height=\"315\" src=\"https:\/\/www.youtube.com\/embed\/nsnn2Gf5V3Y\" frameborder=\"0\" allowfullscreen><\/iframe><br \/>\n[\/et_pb_text][\/et_pb_column][et_pb_column type=\u00bb1_2&#8243; _builder_version=\u00bb4.16&#8243; custom_padding=\u00bb|||\u00bb global_colors_info=\u00bb{}\u00bb custom_padding__hover=\u00bb|||\u00bb][et_pb_text admin_label=\u00bbTexto\u00bb _builder_version=\u00bb4.16&#8243; background_size=\u00bbinitial\u00bb background_position=\u00bbtop_left\u00bb background_repeat=\u00bbrepeat\u00bb use_border_color=\u00bboff\u00bb border_color=\u00bb#ffffff\u00bb border_style=\u00bbsolid\u00bb global_colors_info=\u00bb{}\u00bb]<\/p>\n<h4>Datos administrativos<\/h4>\n<p>\n<strong>Referencia del proyecto:<\/strong> DPI2010-20764-C02-01<br \/>\n<strong>T\u00edtulo:<\/strong>&nbsp;Nuevas estrategias de control gluc\u00e9mico postprandial mediante terapia con bomba de insulina en diabetes tipo 1  \u2013 CLOSEDLOOP4MEAL<br \/>\n<strong>Entidades participantes:<\/strong> Proyecto coordinado<br \/>\n<strong>Subproyecto 1:<\/strong> Universitat Polit\u00e8cnica de Val\u00e8ncia (coordinador);<br \/>\n<strong>Subproyecto 2:<\/strong> Universitat de Girona<br \/>\n<strong>Investigador principal:<\/strong> Jorge Bondia (coordinador); Josep Veh\u00ed<br \/>\n<strong>Entidad financiadora:<\/strong> Ministerio de Ciencia e Innovaci\u00f3n<br \/>\n<strong>Duraci\u00f3n:<\/strong> 01\/01\/2011-31\/12\/2014<br \/>\n<strong>Financiaci\u00f3n recibida:<\/strong> Subproyecto 1: 267.410,00\u20ac; Subproyecto 2: 223.850,00\u20ac<\/p>\n<p>[\/et_pb_text][\/et_pb_column][\/et_pb_row][et_pb_row padding_mobile=\u00bboff\u00bb column_padding_mobile=\u00bbon\u00bb admin_label=\u00bbFila\u00bb _builder_version=\u00bb4.16&#8243; background_size=\u00bbinitial\u00bb background_position=\u00bbtop_left\u00bb background_repeat=\u00bbrepeat\u00bb custom_padding=\u00bb27px|0px|0px|0px\u00bb make_fullwidth=\u00bboff\u00bb use_custom_width=\u00bboff\u00bb width_unit=\u00bboff\u00bb custom_width_px=\u00bb1080px\u00bb custom_width_percent=\u00bb80%\u00bb global_colors_info=\u00bb{}\u00bb][et_pb_column type=\u00bb4_4&#8243; _builder_version=\u00bb4.16&#8243; custom_padding=\u00bb|||\u00bb global_colors_info=\u00bb{}\u00bb custom_padding__hover=\u00bb|||\u00bb][et_pb_text admin_label=\u00bbTexto\u00bb _builder_version=\u00bb4.16&#8243; background_size=\u00bbinitial\u00bb background_position=\u00bbtop_left\u00bb background_repeat=\u00bbrepeat\u00bb use_border_color=\u00bboff\u00bb border_color=\u00bb#ffffff\u00bb border_style=\u00bbsolid\u00bb global_colors_info=\u00bb{}\u00bb]<\/p>\n<h4>Resumen del proyecto<\/h4>\n<p style=\"margin-right: -0cm; margin-top: 0.11cm; margin-bottom: 0.11cm;\" align=\"LEFT\">La diabetes es una enfermedad cr\u00f3nica caracterizada por una deficiencia absoluta o relativa de insulina (diabetes mellitus tipo 1 y diabetes mellitus tipo2, respectivamente). Se predice que el n\u00famero total de diab\u00e9ticos subir\u00e1 de 284.6 millones en 2010 a 438.4 millones en 2030. El coste de la diabetes en la UE es responsable en la mayor\u00eda de pa\u00edses de m\u00e1s del 10% del gasto sanitario. Comparado a las inyecciones diarias de insulina, la infusi\u00f3n cont\u00ednua subcut\u00e1nea de insulina (CSII) a trav\u00e9s de una bomba de insulina se ha demostrado efectiva en la reducci\u00f3n de HbA1c (un \u00edndice de control gluc\u00e9mico medio) en adultos con diabetes tipo 1, sin embargo, los episodios de hipoglucemia no se reducen. En las \u00faltimas dos d\u00e9cadas, el progreso tecnol\u00f3gico ha relanzado la investigaci\u00f3n en sistemas de control de glucosa en lazo cerrado (p\u00e1ncreas artificial) combinando una bomba de insulina y un monitor continuo de glucosa (CGM), para un tratamiento m\u00e1s efectivo en sujetos con diabetes tipo 1. Aunque se han reportado resultados cl\u00ednicos suficientemente satisfactorios en control nocturno, el control postprandial (despu\u00e9s de la comida) es todav\u00eda un tema abierto debido a la sobrecorrecci\u00f3n del controlador produciendo hipoglucemia. La falta de precisi\u00f3n de los monitores continuous de glucosa actuales, especialmente en hipoglucemia, tambi\u00e9n ha sido identificado un factor limitante en el desarrollo del p\u00e1ncreas artificial.<\/p>\n<p style=\"margin-right: -0cm; margin-top: 0.11cm; margin-bottom: 0.11cm;\" align=\"LEFT\">El objetivo general del este proyecto es por tanto el desarrollo de nuevas estrategias eficientes y seguras para el control postprandial de glucosa en diab\u00e9ticos tipo 1, con el objeto de aliviar las complicaciones de la hipoglucemia. Este proyecto se centrar\u00e1 en terapias basadas en bomba, tanto en lazo abierto (CSII) como en lazo cerrado (p\u00e1ncreas artificial). Esto se llevar\u00e1 a cabo a trav\u00e9s de los siguientes objetivos espec\u00edficos:<\/p>\n<p style=\"margin-right: -0cm; margin-top: 0.11cm; margin-bottom: 0.11cm;\" align=\"LEFT\"><strong>Objetivo 1.<\/strong> Conocer mejor el efecto en la glucemia de una comida mixta.<\/p>\n<p style=\"margin-right: -0cm; margin-top: 0.11cm; margin-bottom: 0.11cm;\" align=\"LEFT\"><strong>Objetivo 2.<\/strong> Desarrollar nuevas estrategias robustas de control para compensar eficientemente el efecto de las comidas sin riesgo de hipoglucemia.<\/p>\n<p style=\"margin-right: -0cm; margin-top: 0.11cm; margin-bottom: 0.11cm;\" align=\"LEFT\"><strong>Objetivo 3.<\/strong> Conocer mejor la relaci\u00f3n din\u00e1mica entre glucosa plasm\u00e1tica e intersticial para desarrollar nuevos algoritmos de calibraci\u00f3n para CGM con mejor precisi\u00f3n y detecci\u00f3n de hipoglucemias.<\/p>\n<p style=\"margin-right: -0cm; margin-top: 0.11cm; margin-bottom: 0.11cm;\" align=\"LEFT\"><strong>Objetivo 4.<\/strong> Desarrollar algoritmos de detecci\u00f3n de fallos para la supervisi\u00f3n de la infusi\u00f3n de insulina. Se espera que la mejora en algoritmos de control, precisi\u00f3n de la medida y sistemas de detecci\u00f3n de fallos permitir\u00e1 alcanzar las prestaciones y la seguridad requeridas para un control postprandial autom\u00e1tico en diabetes tipo 1.<\/p>\n<p style=\"margin-bottom: 0cm;\">\n<p>[\/et_pb_text][\/et_pb_column][\/et_pb_row][et_pb_row padding_mobile=\u00bboff\u00bb column_padding_mobile=\u00bbon\u00bb admin_label=\u00bbrow\u00bb _builder_version=\u00bb4.16&#8243; background_size=\u00bbinitial\u00bb background_position=\u00bbtop_left\u00bb background_repeat=\u00bbrepeat\u00bb custom_padding=\u00bb0px|0px|17px|0px\u00bb make_fullwidth=\u00bboff\u00bb use_custom_width=\u00bboff\u00bb width_unit=\u00bboff\u00bb custom_width_px=\u00bb1080px\u00bb custom_width_percent=\u00bb80%\u00bb global_colors_info=\u00bb{}\u00bb][et_pb_column type=\u00bb4_4&#8243; _builder_version=\u00bb4.16&#8243; custom_padding=\u00bb|||\u00bb global_colors_info=\u00bb{}\u00bb custom_padding__hover=\u00bb|||\u00bb][et_pb_text admin_label=\u00bbTexto\u00bb _builder_version=\u00bb4.16&#8243; background_size=\u00bbinitial\u00bb background_position=\u00bbtop_left\u00bb background_repeat=\u00bbrepeat\u00bb use_border_color=\u00bboff\u00bb border_style=\u00bbsolid\u00bb global_colors_info=\u00bb{}\u00bb]<\/p>\n<h4>Investigadores<\/h4>\n<p>[\/et_pb_text][\/et_pb_column][\/et_pb_row][et_pb_row column_structure=\u00bb1_3,1_3,1_3&#8243; padding_mobile=\u00bboff\u00bb column_padding_mobile=\u00bbon\u00bb admin_label=\u00bbrow\u00bb _builder_version=\u00bb4.16&#8243; background_size=\u00bbinitial\u00bb background_position=\u00bbtop_left\u00bb background_repeat=\u00bbrepeat\u00bb custom_padding=\u00bb0px|0px|27px|0px\u00bb make_fullwidth=\u00bboff\u00bb use_custom_width=\u00bboff\u00bb width_unit=\u00bboff\u00bb custom_width_px=\u00bb1080px\u00bb custom_width_percent=\u00bb80%\u00bb global_colors_info=\u00bb{}\u00bb][et_pb_column type=\u00bb1_3&#8243; _builder_version=\u00bb4.16&#8243; custom_padding=\u00bb|||\u00bb global_colors_info=\u00bb{}\u00bb custom_padding__hover=\u00bb|||\u00bb][et_pb_text admin_label=\u00bbTexto\u00bb _builder_version=\u00bb4.16&#8243; background_size=\u00bbinitial\u00bb background_position=\u00bbtop_left\u00bb background_repeat=\u00bbrepeat\u00bb use_border_color=\u00bboff\u00bb border_style=\u00bbsolid\u00bb global_colors_info=\u00bb{}\u00bb]<\/p>\n<h6>Universitat Polit\u00e8cnica de Val\u00e8ncia:<\/h6>\n<ul>\n<li>\n<p style=\"margin-bottom: 0cm;\" data-mce-style=\"margin-bottom: 0cm;\">Jorge Bondia (coordinador)<\/p>\n<\/li>\n<li>\n<p style=\"margin-bottom: 0cm;\" data-mce-style=\"margin-bottom: 0cm;\">Jos\u00e9 Luis D\u00edez<\/p>\n<\/li>\n<li>\n<p style=\"margin-bottom: 0cm;\" data-mce-style=\"margin-bottom: 0cm;\">Sergio Romero<\/p>\n<\/li>\n<li>\n<p style=\"margin-bottom: 0cm;\" data-mce-style=\"margin-bottom: 0cm;\">Beatriz Ricarte<\/p>\n<\/li>\n<li>F\u00e1tima Barcel\u00f3<\/li>\n<li>Alejandro Laguna<\/li>\n<li>Diego de Pereda<\/li>\n<\/ul>\n<p>[\/et_pb_text][\/et_pb_column][et_pb_column type=\u00bb1_3&#8243; _builder_version=\u00bb4.16&#8243; custom_padding=\u00bb|||\u00bb global_colors_info=\u00bb{}\u00bb custom_padding__hover=\u00bb|||\u00bb][et_pb_text admin_label=\u00bbTexto\u00bb _builder_version=\u00bb4.27.4&#8243; background_size=\u00bbinitial\u00bb background_position=\u00bbtop_left\u00bb background_repeat=\u00bbrepeat\u00bb hover_enabled=\u00bb0&#8243; use_border_color=\u00bboff\u00bb border_style=\u00bbsolid\u00bb global_colors_info=\u00bb{}\u00bb sticky_enabled=\u00bb0&#8243;]<\/p>\n<h6>Universitat de Girona<\/h6>\n<ul>\n<li>Josep Veh\u00ed (co-IP)<\/li>\n<li>Remei Calm<\/li>\n<li>\n<p style=\"margin-bottom: 0cm\">Maira Garc\u00eda-Jaramillo<\/p>\n<\/li>\n<li>\n<p style=\"margin-bottom: 0cm\">Fabi\u00e1n Le\u00f3n<\/p>\n<\/li>\n<li>\n<p style=\"margin-bottom: 0cm\">Yenny Leal<\/p>\n<\/li>\n<li>\n<p style=\"margin-bottom: 0cm\">Cris\u00f3stomo A. Barajas<\/p>\n<\/li>\n<\/ul>\n<h6>Hospital Cl\u00ednico de Valencia<\/h6>\n<ul>\n<li>F. Javier Ampudia<\/li>\n<\/ul>\n<p>[\/et_pb_text][\/et_pb_column][et_pb_column type=\u00bb1_3&#8243; _builder_version=\u00bb4.16&#8243; custom_padding=\u00bb|||\u00bb global_colors_info=\u00bb{}\u00bb custom_padding__hover=\u00bb|||\u00bb][et_pb_text admin_label=\u00bbTexto\u00bb _builder_version=\u00bb4.16&#8243; background_size=\u00bbinitial\u00bb background_position=\u00bbtop_left\u00bb background_repeat=\u00bbrepeat\u00bb use_border_color=\u00bboff\u00bb border_style=\u00bbsolid\u00bb global_colors_info=\u00bb{}\u00bb]<\/p>\n<h6>Hospital Francesc de Borja de Gand\u00eda<\/h6>\n<ul>\n<li>Paolo Rossetti<\/li>\n<\/ul>\n<h6>Hospital Cl\u00ednic de Barcelona<\/h6>\n<ul>\n<li>Ignacio Conget<\/li>\n<li>Marga Gim\u00e9nez<\/li>\n<li>Carmen Quir\u00f3s<\/li>\n<\/ul>\n<p><strong>\u00a0<\/strong><\/p>\n<p>[\/et_pb_text][\/et_pb_column][\/et_pb_row][\/et_pb_section]<\/p>\n","protected":false},"excerpt":{"rendered":"<p>PROYECTOS CLOSEDLOOP4MEAL Nuevas estrategias de control gluc\u00e9mico postprandial mediante terapia con bomba de insulina en diabetes tipo 1 Datos administrativos Referencia del proyecto: DPI2010-20764-C02-01 T\u00edtulo:&nbsp;Nuevas estrategias de control gluc\u00e9mico postprandial mediante terapia con bomba de insulina en diabetes tipo 1 \u2013 CLOSEDLOOP4MEAL Entidades participantes: Proyecto coordinado Subproyecto 1: Universitat Polit\u00e8cnica de Val\u00e8ncia (coordinador); Subproyecto 2: [&hellip;]<\/p>\n","protected":false},"author":1,"featured_media":0,"parent":0,"menu_order":0,"comment_status":"closed","ping_status":"closed","template":"","meta":{"_et_pb_use_builder":"on","_et_pb_old_content":"","_et_gb_content_width":"","inline_featured_image":false,"footnotes":""},"class_list":["post-794","page","type-page","status-publish","hentry"],"yoast_head":"<!-- This site is optimized with the Yoast SEO plugin v27.5 - https:\/\/yoast.com\/product\/yoast-seo-wordpress\/ -->\n<title>Proyecto de p\u00e1ncreas artificial CLOSEDLOOP4MEAL - Tecnodiabetes<\/title>\n<meta name=\"description\" content=\"Conoce el proyecto CLOSEDLOOP4MEAL &quot;Nuevas estrategias de control gluc\u00e9mico postprandial mediante terapia con bomba de insulina en diabetes tipo 1&quot;\" \/>\n<meta name=\"robots\" content=\"index, follow, max-snippet:-1, max-image-preview:large, max-video-preview:-1\" \/>\n<link rel=\"canonical\" href=\"https:\/\/tecnodiabetes.ai2.upv.es\/index.php\/closedloop4meal\/\" \/>\n<meta property=\"og:locale\" content=\"es_ES\" \/>\n<meta property=\"og:type\" content=\"article\" \/>\n<meta property=\"og:title\" content=\"Proyecto de p\u00e1ncreas artificial CLOSEDLOOP4MEAL - Tecnodiabetes\" \/>\n<meta property=\"og:description\" content=\"Conoce el proyecto CLOSEDLOOP4MEAL &quot;Nuevas estrategias de control gluc\u00e9mico postprandial mediante terapia con bomba de insulina en diabetes tipo 1&quot;\" \/>\n<meta property=\"og:url\" content=\"https:\/\/tecnodiabetes.ai2.upv.es\/index.php\/closedloop4meal\/\" \/>\n<meta property=\"og:site_name\" content=\"Tecnodiabetes\" \/>\n<meta property=\"article:publisher\" content=\"https:\/\/www.facebook.com\/Tecnodiabetes-1788690764738148\/\" \/>\n<meta property=\"article:modified_time\" content=\"2025-08-14T08:40:38+00:00\" \/>\n<meta name=\"twitter:card\" content=\"summary_large_image\" \/>\n<meta name=\"twitter:site\" content=\"@tecnodiabetes\" \/>\n<meta name=\"twitter:label1\" content=\"Tiempo de lectura\" \/>\n\t<meta name=\"twitter:data1\" content=\"8 minutos\" \/>\n<script type=\"application\/ld+json\" class=\"yoast-schema-graph\">{\"@context\":\"https:\\\/\\\/schema.org\",\"@graph\":[{\"@type\":\"WebPage\",\"@id\":\"https:\\\/\\\/tecnodiabetes.ai2.upv.es\\\/index.php\\\/closedloop4meal\\\/\",\"url\":\"https:\\\/\\\/tecnodiabetes.ai2.upv.es\\\/index.php\\\/closedloop4meal\\\/\",\"name\":\"Proyecto de p\u00e1ncreas artificial CLOSEDLOOP4MEAL - Tecnodiabetes\",\"isPartOf\":{\"@id\":\"https:\\\/\\\/tecnodiabetes.ai2.upv.es\\\/#website\"},\"datePublished\":\"2016-09-23T10:39:19+00:00\",\"dateModified\":\"2025-08-14T08:40:38+00:00\",\"description\":\"Conoce el proyecto CLOSEDLOOP4MEAL \\\"Nuevas estrategias de control gluc\u00e9mico postprandial mediante terapia con bomba de insulina en diabetes tipo 1\\\"\",\"breadcrumb\":{\"@id\":\"https:\\\/\\\/tecnodiabetes.ai2.upv.es\\\/index.php\\\/closedloop4meal\\\/#breadcrumb\"},\"inLanguage\":\"es\",\"potentialAction\":[{\"@type\":\"ReadAction\",\"target\":[\"https:\\\/\\\/tecnodiabetes.ai2.upv.es\\\/index.php\\\/closedloop4meal\\\/\"]}]},{\"@type\":\"BreadcrumbList\",\"@id\":\"https:\\\/\\\/tecnodiabetes.ai2.upv.es\\\/index.php\\\/closedloop4meal\\\/#breadcrumb\",\"itemListElement\":[{\"@type\":\"ListItem\",\"position\":1,\"name\":\"Portada\",\"item\":\"https:\\\/\\\/tecnodiabetes.ai2.upv.es\\\/\"},{\"@type\":\"ListItem\",\"position\":2,\"name\":\"CLOSEDLOOP4MEAL\"}]},{\"@type\":\"WebSite\",\"@id\":\"https:\\\/\\\/tecnodiabetes.ai2.upv.es\\\/#website\",\"url\":\"https:\\\/\\\/tecnodiabetes.ai2.upv.es\\\/\",\"name\":\"Tecnodiabetes\",\"description\":\"Divulgaci\u00f3n Cient\u00edfica sobre Diabetes\",\"potentialAction\":[{\"@type\":\"SearchAction\",\"target\":{\"@type\":\"EntryPoint\",\"urlTemplate\":\"https:\\\/\\\/tecnodiabetes.ai2.upv.es\\\/?s={search_term_string}\"},\"query-input\":{\"@type\":\"PropertyValueSpecification\",\"valueRequired\":true,\"valueName\":\"search_term_string\"}}],\"inLanguage\":\"es\"}]}<\/script>\n<!-- \/ Yoast SEO plugin. -->","yoast_head_json":{"title":"Proyecto de p\u00e1ncreas artificial CLOSEDLOOP4MEAL - Tecnodiabetes","description":"Conoce el proyecto CLOSEDLOOP4MEAL \"Nuevas estrategias de control gluc\u00e9mico postprandial mediante terapia con bomba de insulina en diabetes tipo 1\"","robots":{"index":"index","follow":"follow","max-snippet":"max-snippet:-1","max-image-preview":"max-image-preview:large","max-video-preview":"max-video-preview:-1"},"canonical":"https:\/\/tecnodiabetes.ai2.upv.es\/index.php\/closedloop4meal\/","og_locale":"es_ES","og_type":"article","og_title":"Proyecto de p\u00e1ncreas artificial CLOSEDLOOP4MEAL - Tecnodiabetes","og_description":"Conoce el proyecto CLOSEDLOOP4MEAL \"Nuevas estrategias de control gluc\u00e9mico postprandial mediante terapia con bomba de insulina en diabetes tipo 1\"","og_url":"https:\/\/tecnodiabetes.ai2.upv.es\/index.php\/closedloop4meal\/","og_site_name":"Tecnodiabetes","article_publisher":"https:\/\/www.facebook.com\/Tecnodiabetes-1788690764738148\/","article_modified_time":"2025-08-14T08:40:38+00:00","twitter_card":"summary_large_image","twitter_site":"@tecnodiabetes","twitter_misc":{"Tiempo de lectura":"8 minutos"},"schema":{"@context":"https:\/\/schema.org","@graph":[{"@type":"WebPage","@id":"https:\/\/tecnodiabetes.ai2.upv.es\/index.php\/closedloop4meal\/","url":"https:\/\/tecnodiabetes.ai2.upv.es\/index.php\/closedloop4meal\/","name":"Proyecto de p\u00e1ncreas artificial CLOSEDLOOP4MEAL - Tecnodiabetes","isPartOf":{"@id":"https:\/\/tecnodiabetes.ai2.upv.es\/#website"},"datePublished":"2016-09-23T10:39:19+00:00","dateModified":"2025-08-14T08:40:38+00:00","description":"Conoce el proyecto CLOSEDLOOP4MEAL \"Nuevas estrategias de control gluc\u00e9mico postprandial mediante terapia con bomba de insulina en diabetes tipo 1\"","breadcrumb":{"@id":"https:\/\/tecnodiabetes.ai2.upv.es\/index.php\/closedloop4meal\/#breadcrumb"},"inLanguage":"es","potentialAction":[{"@type":"ReadAction","target":["https:\/\/tecnodiabetes.ai2.upv.es\/index.php\/closedloop4meal\/"]}]},{"@type":"BreadcrumbList","@id":"https:\/\/tecnodiabetes.ai2.upv.es\/index.php\/closedloop4meal\/#breadcrumb","itemListElement":[{"@type":"ListItem","position":1,"name":"Portada","item":"https:\/\/tecnodiabetes.ai2.upv.es\/"},{"@type":"ListItem","position":2,"name":"CLOSEDLOOP4MEAL"}]},{"@type":"WebSite","@id":"https:\/\/tecnodiabetes.ai2.upv.es\/#website","url":"https:\/\/tecnodiabetes.ai2.upv.es\/","name":"Tecnodiabetes","description":"Divulgaci\u00f3n Cient\u00edfica sobre Diabetes","potentialAction":[{"@type":"SearchAction","target":{"@type":"EntryPoint","urlTemplate":"https:\/\/tecnodiabetes.ai2.upv.es\/?s={search_term_string}"},"query-input":{"@type":"PropertyValueSpecification","valueRequired":true,"valueName":"search_term_string"}}],"inLanguage":"es"}]}},"_links":{"self":[{"href":"https:\/\/tecnodiabetes.ai2.upv.es\/index.php\/wp-json\/wp\/v2\/pages\/794","targetHints":{"allow":["GET"]}}],"collection":[{"href":"https:\/\/tecnodiabetes.ai2.upv.es\/index.php\/wp-json\/wp\/v2\/pages"}],"about":[{"href":"https:\/\/tecnodiabetes.ai2.upv.es\/index.php\/wp-json\/wp\/v2\/types\/page"}],"author":[{"embeddable":true,"href":"https:\/\/tecnodiabetes.ai2.upv.es\/index.php\/wp-json\/wp\/v2\/users\/1"}],"replies":[{"embeddable":true,"href":"https:\/\/tecnodiabetes.ai2.upv.es\/index.php\/wp-json\/wp\/v2\/comments?post=794"}],"version-history":[{"count":17,"href":"https:\/\/tecnodiabetes.ai2.upv.es\/index.php\/wp-json\/wp\/v2\/pages\/794\/revisions"}],"predecessor-version":[{"id":3774,"href":"https:\/\/tecnodiabetes.ai2.upv.es\/index.php\/wp-json\/wp\/v2\/pages\/794\/revisions\/3774"}],"wp:attachment":[{"href":"https:\/\/tecnodiabetes.ai2.upv.es\/index.php\/wp-json\/wp\/v2\/media?parent=794"}],"curies":[{"name":"wp","href":"https:\/\/api.w.org\/{rel}","templated":true}]}}