{"id":767,"date":"2016-09-23T05:28:40","date_gmt":"2016-09-23T05:28:40","guid":{"rendered":"http:\/\/tecnodiabetes.ai2.upv.es\/?page_id=767"},"modified":"2025-08-16T00:22:51","modified_gmt":"2025-08-15T22:22:51","slug":"safe-ap","status":"publish","type":"page","link":"https:\/\/tecnodiabetes.ai2.upv.es\/index.php\/safe-ap\/","title":{"rendered":"SAFE-AP"},"content":{"rendered":"<p>[et_pb_section fb_built=\u00bb1&#8243; fullwidth=\u00bbon\u00bb custom_padding_last_edited=\u00bbon|desktop\u00bb admin_label=\u00bbSecci\u00f3n\u00bb _builder_version=\u00bb4.16&#8243; background_color=\u00bb#f15d2f\u00bb custom_padding=\u00bb30px|||\u00bb custom_padding_tablet=\u00bb50px|0|50px|0&#8243; custom_padding_phone=\u00bb50px|0|50px|0&#8243; transparent_background=\u00bboff\u00bb padding_mobile=\u00bboff\u00bb make_fullwidth=\u00bboff\u00bb use_custom_width=\u00bboff\u00bb width_unit=\u00bbon\u00bb custom_width_px=\u00bb1080px\u00bb custom_width_percent=\u00bb80%\u00bb global_colors_info=\u00bb{}\u00bb][et_pb_fullwidth_code admin_label=\u00bbC\u00f3digo de anchura completa\u00bb _builder_version=\u00bb4.16&#8243; global_colors_info=\u00bb{}\u00bb].[\/et_pb_fullwidth_code][\/et_pb_section][et_pb_section fb_built=\u00bb1&#8243; custom_padding_last_edited=\u00bbon|desktop\u00bb admin_label=\u00bbSecci\u00f3n\u00bb _builder_version=\u00bb4.16&#8243; custom_padding=\u00bb54px|0px|0px|0px\u00bb custom_padding_tablet=\u00bb50px|0|50px|0&#8243; custom_padding_phone=\u00bb50px|0|50px|0&#8243; transparent_background=\u00bboff\u00bb padding_mobile=\u00bboff\u00bb make_fullwidth=\u00bboff\u00bb use_custom_width=\u00bboff\u00bb width_unit=\u00bboff\u00bb custom_width_px=\u00bb1080px\u00bb custom_width_percent=\u00bb80%\u00bb global_colors_info=\u00bb{}\u00bb][et_pb_row column_structure=\u00bb1_5,1_5,1_5,1_5,1_5&#8243; _builder_version=\u00bb4.27.4&#8243; _module_preset=\u00bbdefault\u00bb hover_enabled=\u00bb0&#8243; global_colors_info=\u00bb{}\u00bb custom_margin=\u00bb-52px||||false|false\u00bb sticky_enabled=\u00bb0&#8243;][et_pb_column type=\u00bb1_5&#8243; _builder_version=\u00bb4.27.4&#8243; _module_preset=\u00bbdefault\u00bb global_colors_info=\u00bb{}\u00bb][\/et_pb_column][et_pb_column type=\u00bb1_5&#8243; _builder_version=\u00bb4.27.4&#8243; _module_preset=\u00bbdefault\u00bb global_colors_info=\u00bb{}\u00bb][\/et_pb_column][et_pb_column type=\u00bb1_5&#8243; _builder_version=\u00bb4.27.4&#8243; _module_preset=\u00bbdefault\u00bb global_colors_info=\u00bb{}\u00bb][\/et_pb_column][et_pb_column type=\u00bb1_5&#8243; _builder_version=\u00bb4.27.4&#8243; _module_preset=\u00bbdefault\u00bb global_colors_info=\u00bb{}\u00bb][\/et_pb_column][et_pb_column type=\u00bb1_5&#8243; _builder_version=\u00bb4.27.4&#8243; _module_preset=\u00bbdefault\u00bb global_colors_info=\u00bb{}\u00bb][et_pb_image src=\u00bbhttps:\/\/tecnodiabetes.ai2.upv.es\/wp-content\/uploads\/2023\/01\/Logotipo_del_Ministerio_de_Economia_y_Competitividad.png\u00bb alt=\u00bbMinisterio de Econom\u00eda y c\u00bb title_text=\u00bbLogotipo_del_Ministerio_de_Econom\u00eda_y_Competitividad\u00bb _builder_version=\u00bb4.27.4&#8243; _module_preset=\u00bbdefault\u00bb global_colors_info=\u00bb{}\u00bb][\/et_pb_image][\/et_pb_column][\/et_pb_row][et_pb_row padding_mobile=\u00bboff\u00bb column_padding_mobile=\u00bbon\u00bb admin_label=\u00bbrow\u00bb _builder_version=\u00bb4.27.4&#8243; background_size=\u00bbinitial\u00bb background_position=\u00bbtop_left\u00bb background_repeat=\u00bbrepeat\u00bb custom_margin=\u00bb-20px||||false|false\u00bb hover_enabled=\u00bb0&#8243; make_fullwidth=\u00bboff\u00bb use_custom_width=\u00bboff\u00bb width_unit=\u00bboff\u00bb custom_width_px=\u00bb1080px\u00bb custom_width_percent=\u00bb80%\u00bb global_colors_info=\u00bb{}\u00bb sticky_enabled=\u00bb0&#8243;][et_pb_column type=\u00bb4_4&#8243; _builder_version=\u00bb4.16&#8243; custom_padding=\u00bb|||\u00bb global_colors_info=\u00bb{}\u00bb custom_padding__hover=\u00bb|||\u00bb][et_pb_text admin_label=\u00bbTexto\u00bb _builder_version=\u00bb4.16&#8243; background_size=\u00bbinitial\u00bb background_position=\u00bbtop_left\u00bb background_repeat=\u00bbrepeat\u00bb text_orientation=\u00bbcenter\u00bb module_alignment=\u00bbcenter\u00bb use_border_color=\u00bboff\u00bb border_style=\u00bbsolid\u00bb inline_fonts=\u00bbMontserrat\u00bb global_colors_info=\u00bb{}\u00bb]<\/p>\n<h4><span style=\"font-family: Montserrat; color: #999999;\" data-mce-style=\"font-family: Montserrat; color: #999999;\">PROYECTOS<\/span><\/h4>\n<h3>SAFE-AP<\/h3>\n<p><span style=\"font-family: Montserrat; font-size: large;\" data-mce-style=\"font-family: Montserrat; font-size: large;\">NUEVOS M\u00c9TODOS PARA LA EFICIENCIA Y SEGURIDAD DEL P\u00c1NCREAS ARTIFICIAL DOMICILIARIO EN DIABETES TIPO 1<\/span><br data-mce-bogus=\"1\"><\/p>\n<p>[\/et_pb_text][\/et_pb_column][\/et_pb_row][et_pb_row column_structure=\u00bb1_2,1_2&#8243; padding_mobile=\u00bboff\u00bb column_padding_mobile=\u00bbon\u00bb admin_label=\u00bbFila\u00bb _builder_version=\u00bb4.16&#8243; background_size=\u00bbinitial\u00bb background_position=\u00bbtop_left\u00bb background_repeat=\u00bbrepeat\u00bb make_fullwidth=\u00bboff\u00bb use_custom_width=\u00bboff\u00bb width_unit=\u00bboff\u00bb custom_width_px=\u00bb1080px\u00bb custom_width_percent=\u00bb80%\u00bb global_colors_info=\u00bb{}\u00bb][et_pb_column type=\u00bb1_2&#8243; _builder_version=\u00bb4.16&#8243; custom_padding=\u00bb|||\u00bb global_colors_info=\u00bb{}\u00bb custom_padding__hover=\u00bb|||\u00bb][et_pb_gallery gallery_ids=\u00bb1224,1225,1226,1227,1228&#8243; fullwidth=\u00bbon\u00bb admin_label=\u00bbGaler\u00eda\u00bb _builder_version=\u00bb4.16&#8243; caption_all_caps=\u00bboff\u00bb auto=\u00bbon\u00bb auto_speed=\u00bb3000&#8243; use_border_color=\u00bboff\u00bb border_color=\u00bb#ffffff\u00bb border_width=\u00bb1px\u00bb border_style=\u00bbsolid\u00bb global_colors_info=\u00bb{}\u00bb][\/et_pb_gallery][\/et_pb_column][et_pb_column type=\u00bb1_2&#8243; _builder_version=\u00bb4.16&#8243; custom_padding=\u00bb|||\u00bb global_colors_info=\u00bb{}\u00bb custom_padding__hover=\u00bb|||\u00bb][et_pb_text admin_label=\u00bbTexto\u00bb _builder_version=\u00bb4.16&#8243; background_size=\u00bbinitial\u00bb background_position=\u00bbtop_left\u00bb background_repeat=\u00bbrepeat\u00bb use_border_color=\u00bboff\u00bb border_color=\u00bb#ffffff\u00bb border_style=\u00bbsolid\u00bb global_colors_info=\u00bb{}\u00bb]<\/p>\n<h4>Datos administrativos<\/h4>\n<\/p>\n<p><strong>Referencia del proyecto:<\/strong> DPI2013-46982-C2-1-R<br \/>\n<strong style=\"font-size: 14px;\" data-mce-style=\"font-size: 14px;\">T\u00edtulo:<\/strong><span style=\"font-size: 14px;\" data-mce-style=\"font-size: 14px;\"> Nuevos m\u00e9todos para la eficiencia y seguridad del p\u00e1ncreas&nbsp;artificial domiciliario en diabetes tipo 1 &#8211; SAFE-AP<br \/>\n<\/span><strong style=\"font-size: 14px;\" data-mce-style=\"font-size: 14px;\">Entidades participantes:<\/strong><span style=\"font-size: 14px;\" data-mce-style=\"font-size: 14px;\"> Proyecto coordinado<br \/>\n<\/span><strong style=\"font-size: 14px;\" data-mce-style=\"font-size: 14px;\">Subproyecto 1:<\/strong><span style=\"font-size: 14px;\" data-mce-style=\"font-size: 14px;\"> Universitat Polit\u00e8cnica de Val\u00e8ncia (coordinador)<br \/>\n<\/span><strong style=\"font-size: 14px;\" data-mce-style=\"font-size: 14px;\">Subproyecto 2:<\/strong><span style=\"font-size: 14px;\" data-mce-style=\"font-size: 14px;\"> Universitat de Girona<br \/>\n<\/span><strong style=\"font-size: 14px;\" data-mce-style=\"font-size: 14px;\">Investigador principal:<\/strong><span style=\"font-size: 14px;\" data-mce-style=\"font-size: 14px;\"> Jorge Bondia (coordinador); Josep Veh\u00ed<br \/>\n<strong style=\"font-size: 14px;\" data-mce-style=\"font-size: 14px;\">Entidad financiadora:<\/strong><span style=\"font-size: 14px;\" data-mce-style=\"font-size: 14px;\"> Ministerio de Econom\u00eda y Competitividad<br \/>\n<\/span><strong style=\"font-size: 14px;\" data-mce-style=\"font-size: 14px;\">Duraci\u00f3n:<\/strong><span style=\"font-size: 14px;\" data-mce-style=\"font-size: 14px;\"> 01\/01\/2014-30\/06\/2018<br \/>\n<\/span><strong style=\"font-size: 14px;\" data-mce-style=\"font-size: 14px;\">Financiaci\u00f3n recibida:<\/strong><span style=\"font-size: 14px;\" data-mce-style=\"font-size: 14px;\"> Subproyecto 1: 219.010,00\u20ac<br \/>\n<\/span><span style=\"font-size: 14px;\" data-mce-style=\"font-size: 14px;\">Subproyecto 2: 200.860,00 \u20ac<\/span><\/span><\/p>\n<p>[\/et_pb_text][\/et_pb_column][\/et_pb_row][et_pb_row padding_mobile=\u00bboff\u00bb column_padding_mobile=\u00bbon\u00bb admin_label=\u00bbFila\u00bb _builder_version=\u00bb4.16&#8243; background_size=\u00bbinitial\u00bb background_position=\u00bbtop_left\u00bb background_repeat=\u00bbrepeat\u00bb custom_padding=\u00bb22.1094px|0px|0px|0px\u00bb make_fullwidth=\u00bboff\u00bb use_custom_width=\u00bboff\u00bb width_unit=\u00bboff\u00bb custom_width_px=\u00bb1080px\u00bb custom_width_percent=\u00bb80%\u00bb global_colors_info=\u00bb{}\u00bb][et_pb_column type=\u00bb4_4&#8243; _builder_version=\u00bb4.16&#8243; custom_padding=\u00bb|||\u00bb global_colors_info=\u00bb{}\u00bb custom_padding__hover=\u00bb|||\u00bb][et_pb_text admin_label=\u00bbTexto\u00bb _builder_version=\u00bb4.16&#8243; background_size=\u00bbinitial\u00bb background_position=\u00bbtop_left\u00bb background_repeat=\u00bbrepeat\u00bb use_border_color=\u00bboff\u00bb border_style=\u00bbsolid\u00bb global_colors_info=\u00bb{}\u00bb]<\/p>\n<h4>Resumen del proyecto<\/h4>\n<p>El p\u00e1ncreas artificial, o el control autom\u00e1tico de la glucosa, es una tecnolog\u00eda por la cual las grandes empresas en el campo de la diabetes est\u00e1n apostando, ya que se espera que revolucione el tratamiento de la diabetes tipo 1, liberando al paciente de la carga actual de toma de decisiones y mejorando el control metab\u00f3lico. Hoy en d\u00eda, varios prototipos de p\u00e1ncreas artificial han sido validados en estudios hospitalarios controlados. Sin embargo, el uso domiciliario del p\u00e1ncreas artificial requiere, adem\u00e1s de un controlador eficiente capaz de hacer frente a las condiciones de la vida diaria, los mecanismos de seguridad que permitan su uso sin riesgo adicional para el paciente:<br \/>\n(a) Tolerancia a fallos en la instrumentaci\u00f3n y comunicaci\u00f3n entre dispositivos.<br \/>\n(b) Supervisi\u00f3n del paciente que permita la detecci\u00f3n\/predicci\u00f3n de situaciones de riesgo, m\u00e1s all\u00e1 de la hipoglucemia, como estados an\u00f3malos del paciente y malfuncionamiento del controlador.<br \/>\n(c) Robustez y eficacia del controlador frente a perturbaciones como ingestas t\u00edpicas en la dieta del paciente, ejercicio, estr\u00e9s y enfermedades concomitantes.<br \/>\n(d) Optimizaci\u00f3n de la sintonizaci\u00f3n del controlador en la pr\u00e1ctica cl\u00ednica para hacer frente a caracter\u00edsticas metab\u00f3licas particulares, situaciones transitorias y cambios metab\u00f3licos debidos al progreso de la enfermedad.<br \/>\nResolver estos aspectos es esencial para que un dispositivo como el p\u00e1ncreas artificial sea aprobado por las agencias reguladoras y llegue al mercado, as\u00ed como su aceptaci\u00f3n por parte del paciente y el personal m\u00e9dico, apoyado por herramientas que faciliten su gesti\u00f3n y supervisi\u00f3n.<br \/>\nEstos desaf\u00edos configuran el principal objetivo de este proyecto: el desarrollo de nuevos m\u00e9todos y herramientas para la eficiencia y seguridad a largo plazo del p\u00e1ncreas artificial domiciliario. Esto se plasma en los siguientes objetivos espec\u00edficos:<\/p>\n<p><strong>Objetivo 1.<\/strong> Desarrollar y validar m\u00e9todos para la detecci\u00f3n y diagn\u00f3stico de fallos en la instrumentaci\u00f3n. Se considerar\u00e1n, entre otros, obstrucciones en la infusi\u00f3n de insulina, p\u00e9rdidas de se\u00f1al del monitor continuo de glucosa, sensores fallidos, errores de calibraci\u00f3n, etc.<\/p>\n<p><strong>Objetivo 2.<\/strong> Desarrollar y validar m\u00e9todos para la mejora de la exactitud de los monitores continuos de glucosa y la mitigaci\u00f3n de errores significativos en las lecturas de glucosa o su tendencia debido a estados metab\u00f3licos relacionados con cambios hemodin\u00e1micos como ejercicio y estr\u00e9s, presentes en la vida diaria del paciente.<\/p>\n<p><strong>Objetivo 3.<\/strong> Desarrollar m\u00e9todos para la evaluaci\u00f3n de riesgos. Se abordar\u00e1 la predicci\u00f3n de hipoglucemias e hiperglucemias severas, la detecci\u00f3n de estados an\u00f3malos o alterados del paciente fuera del rango de operaci\u00f3n del controlador, y malfuncionamiento o desintonizaci\u00f3n del controlador debido a cambios metab\u00f3licos.<\/p>\n<p><strong>Objetivo 4.<\/strong> Desarrollar y validar algoritmos de control para la tolerancia a fallos y robustez ante perturbaciones de la vida diaria del paciente.<\/p>\n<p><strong>Objetivo 5.<\/strong> Dise\u00f1ar e implementar un p\u00e1ncreas artificial para uso domiciliario basado en \u201csmartphone\u201d que integre los m\u00e9todos anteriores para su eficiencia y seguridad durante la vida \u00fatil del sistema.<\/p>\n<p><strong>Objetivo 6.<\/strong> Dise\u00f1ar e implementar un sistema remoto de supervisi\u00f3n para la optimizaci\u00f3n de prestaciones y seguridad. El sistema constituir\u00e1 una herramienta de generaci\u00f3n de conocimiento, a partir de t\u00e9cnicas de miner\u00eda de datos masivos (\u201cbig data\u201d) para la ayuda a la toma de decisiones del personal m\u00e9dico.<\/p>\n<p>[\/et_pb_text][\/et_pb_column][\/et_pb_row][et_pb_row padding_mobile=\u00bboff\u00bb column_padding_mobile=\u00bbon\u00bb admin_label=\u00bbrow\u00bb _builder_version=\u00bb4.16&#8243; background_size=\u00bbinitial\u00bb background_position=\u00bbtop_left\u00bb background_repeat=\u00bbrepeat\u00bb custom_padding=\u00bb27px|0px|15px|0px\u00bb make_fullwidth=\u00bboff\u00bb use_custom_width=\u00bboff\u00bb width_unit=\u00bboff\u00bb custom_width_px=\u00bb1080px\u00bb custom_width_percent=\u00bb80%\u00bb global_colors_info=\u00bb{}\u00bb][et_pb_column type=\u00bb4_4&#8243; _builder_version=\u00bb4.16&#8243; custom_padding=\u00bb|||\u00bb global_colors_info=\u00bb{}\u00bb custom_padding__hover=\u00bb|||\u00bb][et_pb_text admin_label=\u00bbTexto\u00bb _builder_version=\u00bb4.16&#8243; background_size=\u00bbinitial\u00bb background_position=\u00bbtop_left\u00bb background_repeat=\u00bbrepeat\u00bb use_border_color=\u00bboff\u00bb border_style=\u00bbsolid\u00bb global_colors_info=\u00bb{}\u00bb]<\/p>\n<h4>Investigadores<\/h4>\n<p>[\/et_pb_text][\/et_pb_column][\/et_pb_row][et_pb_row column_structure=\u00bb1_3,1_3,1_3&#8243; padding_mobile=\u00bboff\u00bb column_padding_mobile=\u00bbon\u00bb admin_label=\u00bbrow\u00bb _builder_version=\u00bb4.16&#8243; background_size=\u00bbinitial\u00bb background_position=\u00bbtop_left\u00bb background_repeat=\u00bbrepeat\u00bb custom_padding=\u00bb0px|0px|35px|0px\u00bb make_fullwidth=\u00bboff\u00bb use_custom_width=\u00bboff\u00bb width_unit=\u00bboff\u00bb custom_width_px=\u00bb1080px\u00bb custom_width_percent=\u00bb80%\u00bb global_colors_info=\u00bb{}\u00bb][et_pb_column type=\u00bb1_3&#8243; _builder_version=\u00bb4.16&#8243; custom_padding=\u00bb|||\u00bb global_colors_info=\u00bb{}\u00bb custom_padding__hover=\u00bb|||\u00bb][et_pb_text admin_label=\u00bbTexto\u00bb _builder_version=\u00bb4.16&#8243; background_size=\u00bbinitial\u00bb background_position=\u00bbtop_left\u00bb background_repeat=\u00bbrepeat\u00bb use_border_color=\u00bboff\u00bb border_style=\u00bbsolid\u00bb global_colors_info=\u00bb{}\u00bb]<\/p>\n<h6>Universitat Polit\u00e8cnica de Val\u00e8ncia<\/h6>\n<ul>\n<li>Jorge Bondia (coordinador)<\/li>\n<li>Jos\u00e9 Luis D\u00edez<\/li>\n<li>Sergio Romero<\/li>\n<li>Beatriz Ricarte<\/li>\n<li>Juan Fernando Mart\u00edn<\/li>\n<li>Vanessa Moscard\u00f3<\/li>\n<li>Eslam Montaser<\/li>\n<li>Daniel Ru\u00edz<\/li>\n<\/ul>\n<p>[\/et_pb_text][\/et_pb_column][et_pb_column type=\u00bb1_3&#8243; _builder_version=\u00bb4.16&#8243; custom_padding=\u00bb|||\u00bb global_colors_info=\u00bb{}\u00bb custom_padding__hover=\u00bb|||\u00bb][et_pb_text admin_label=\u00bbTexto\u00bb _builder_version=\u00bb4.16&#8243; background_size=\u00bbinitial\u00bb background_position=\u00bbtop_left\u00bb background_repeat=\u00bbrepeat\u00bb use_border_color=\u00bboff\u00bb border_style=\u00bbsolid\u00bb global_colors_info=\u00bb{}\u00bb]<\/p>\n<h6>Universitat de Girona<\/h6>\n<ul>\n<li>Josep Veh\u00ed (co-IP)<\/li>\n<li>Remei Calm<\/li>\n<li>Anna C. Comas<\/li>\n<li>Charrise Raamkimsoon<\/li>\n<li>Silvia Oviedo<\/li>\n<li>Lyvia Regina Biagi Silva Bertachi<\/li>\n<li>Aleix Beneyto<\/li>\n<li>Arthur Hirata Bertachi<\/li>\n<\/ul>\n<h6>Hospital Cl\u00ednico de Valencia<\/h6>\n<\/p>\n<ul>\n<li>F. Javier Ampudia<\/li>\n<\/ul>\n<p>[\/et_pb_text][\/et_pb_column][et_pb_column type=\u00bb1_3&#8243; _builder_version=\u00bb4.16&#8243; custom_padding=\u00bb|||\u00bb global_colors_info=\u00bb{}\u00bb custom_padding__hover=\u00bb|||\u00bb][et_pb_text admin_label=\u00bbTexto\u00bb _builder_version=\u00bb4.27.4&#8243; background_size=\u00bbinitial\u00bb background_position=\u00bbtop_left\u00bb background_repeat=\u00bbrepeat\u00bb use_border_color=\u00bboff\u00bb border_style=\u00bbsolid\u00bb global_colors_info=\u00bb{}\u00bb]<\/p>\n<h6>Hospital Francesc de Borja de Gand\u00eda<\/h6>\n<ul>\n<li>Paolo Rossetti<\/li>\n<\/ul>\n<h6>\nHospital Cl\u00ednic de Barcelona<\/h6>\n<ul>\n<li>Ignacio Conget<\/li>\n<li>Marga Gim\u00e9nez<\/li>\n<li>Carmen Quir\u00f3s<\/li>\n<\/ul>\n<p><h6>\nImperial College London<\/h6>\n<ul>\n<li>Pau Herrero<\/li>\n<li>Pantelis Georgiou<\/li>\n<\/ul>\n<p>[\/et_pb_text][\/et_pb_column][\/et_pb_row][\/et_pb_section]<\/p>\n","protected":false},"excerpt":{"rendered":"<p>PROYECTOS SAFE-AP NUEVOS M\u00c9TODOS PARA LA EFICIENCIA Y SEGURIDAD DEL P\u00c1NCREAS ARTIFICIAL DOMICILIARIO EN DIABETES TIPO 1 Datos administrativos Referencia del proyecto: DPI2013-46982-C2-1-R T\u00edtulo: Nuevos m\u00e9todos para la eficiencia y seguridad del p\u00e1ncreas&nbsp;artificial domiciliario en diabetes tipo 1 &#8211; SAFE-AP Entidades participantes: Proyecto coordinado Subproyecto 1: Universitat Polit\u00e8cnica de Val\u00e8ncia (coordinador) Subproyecto 2: Universitat de [&hellip;]<\/p>\n","protected":false},"author":1,"featured_media":0,"parent":0,"menu_order":0,"comment_status":"closed","ping_status":"closed","template":"","meta":{"_et_pb_use_builder":"on","_et_pb_old_content":"","_et_gb_content_width":"","inline_featured_image":false,"footnotes":""},"class_list":["post-767","page","type-page","status-publish","hentry"],"yoast_head":"<!-- This site is optimized with the Yoast SEO plugin v27.6 - https:\/\/yoast.com\/product\/yoast-seo-wordpress\/ -->\n<title>Proyecto de p\u00e1ncreas artificial SAFE-AP - Tecnodiabetes<\/title>\n<meta name=\"description\" content=\"Conoce el proyecto SAFE-AP &quot;Nuevos m\u00e9todos para la eficiencia y seguridad del p\u00e1ncreas artificial domiciliario en diabetes tipo 1&quot;\" \/>\n<meta name=\"robots\" content=\"index, follow, max-snippet:-1, max-image-preview:large, max-video-preview:-1\" \/>\n<link rel=\"canonical\" href=\"https:\/\/tecnodiabetes.ai2.upv.es\/index.php\/safe-ap\/\" \/>\n<meta property=\"og:locale\" content=\"es_ES\" \/>\n<meta property=\"og:type\" content=\"article\" \/>\n<meta property=\"og:title\" content=\"Proyecto de p\u00e1ncreas artificial SAFE-AP - Tecnodiabetes\" \/>\n<meta property=\"og:description\" content=\"Conoce el proyecto SAFE-AP &quot;Nuevos m\u00e9todos para la eficiencia y seguridad del p\u00e1ncreas artificial domiciliario en diabetes tipo 1&quot;\" \/>\n<meta property=\"og:url\" content=\"https:\/\/tecnodiabetes.ai2.upv.es\/index.php\/safe-ap\/\" \/>\n<meta property=\"og:site_name\" content=\"Tecnodiabetes\" \/>\n<meta property=\"article:publisher\" content=\"https:\/\/www.facebook.com\/Tecnodiabetes-1788690764738148\/\" \/>\n<meta property=\"article:modified_time\" content=\"2025-08-15T22:22:51+00:00\" \/>\n<meta name=\"twitter:card\" content=\"summary_large_image\" \/>\n<meta name=\"twitter:site\" content=\"@tecnodiabetes\" \/>\n<meta name=\"twitter:label1\" content=\"Tiempo de lectura\" \/>\n\t<meta name=\"twitter:data1\" content=\"9 minutos\" \/>\n<script type=\"application\/ld+json\" class=\"yoast-schema-graph\">{\"@context\":\"https:\\\/\\\/schema.org\",\"@graph\":[{\"@type\":\"WebPage\",\"@id\":\"https:\\\/\\\/tecnodiabetes.ai2.upv.es\\\/index.php\\\/safe-ap\\\/\",\"url\":\"https:\\\/\\\/tecnodiabetes.ai2.upv.es\\\/index.php\\\/safe-ap\\\/\",\"name\":\"Proyecto de p\u00e1ncreas artificial SAFE-AP - Tecnodiabetes\",\"isPartOf\":{\"@id\":\"https:\\\/\\\/tecnodiabetes.ai2.upv.es\\\/#website\"},\"datePublished\":\"2016-09-23T05:28:40+00:00\",\"dateModified\":\"2025-08-15T22:22:51+00:00\",\"description\":\"Conoce el proyecto SAFE-AP \\\"Nuevos m\u00e9todos para la eficiencia y seguridad del p\u00e1ncreas artificial domiciliario en diabetes tipo 1\\\"\",\"breadcrumb\":{\"@id\":\"https:\\\/\\\/tecnodiabetes.ai2.upv.es\\\/index.php\\\/safe-ap\\\/#breadcrumb\"},\"inLanguage\":\"es\",\"potentialAction\":[{\"@type\":\"ReadAction\",\"target\":[\"https:\\\/\\\/tecnodiabetes.ai2.upv.es\\\/index.php\\\/safe-ap\\\/\"]}]},{\"@type\":\"BreadcrumbList\",\"@id\":\"https:\\\/\\\/tecnodiabetes.ai2.upv.es\\\/index.php\\\/safe-ap\\\/#breadcrumb\",\"itemListElement\":[{\"@type\":\"ListItem\",\"position\":1,\"name\":\"Portada\",\"item\":\"https:\\\/\\\/tecnodiabetes.ai2.upv.es\\\/\"},{\"@type\":\"ListItem\",\"position\":2,\"name\":\"SAFE-AP\"}]},{\"@type\":\"WebSite\",\"@id\":\"https:\\\/\\\/tecnodiabetes.ai2.upv.es\\\/#website\",\"url\":\"https:\\\/\\\/tecnodiabetes.ai2.upv.es\\\/\",\"name\":\"Tecnodiabetes\",\"description\":\"Divulgaci\u00f3n Cient\u00edfica sobre Diabetes\",\"potentialAction\":[{\"@type\":\"SearchAction\",\"target\":{\"@type\":\"EntryPoint\",\"urlTemplate\":\"https:\\\/\\\/tecnodiabetes.ai2.upv.es\\\/?s={search_term_string}\"},\"query-input\":{\"@type\":\"PropertyValueSpecification\",\"valueRequired\":true,\"valueName\":\"search_term_string\"}}],\"inLanguage\":\"es\"}]}<\/script>\n<!-- \/ Yoast SEO plugin. -->","yoast_head_json":{"title":"Proyecto de p\u00e1ncreas artificial SAFE-AP - Tecnodiabetes","description":"Conoce el proyecto SAFE-AP \"Nuevos m\u00e9todos para la eficiencia y seguridad del p\u00e1ncreas artificial domiciliario en diabetes tipo 1\"","robots":{"index":"index","follow":"follow","max-snippet":"max-snippet:-1","max-image-preview":"max-image-preview:large","max-video-preview":"max-video-preview:-1"},"canonical":"https:\/\/tecnodiabetes.ai2.upv.es\/index.php\/safe-ap\/","og_locale":"es_ES","og_type":"article","og_title":"Proyecto de p\u00e1ncreas artificial SAFE-AP - Tecnodiabetes","og_description":"Conoce el proyecto SAFE-AP \"Nuevos m\u00e9todos para la eficiencia y seguridad del p\u00e1ncreas artificial domiciliario en diabetes tipo 1\"","og_url":"https:\/\/tecnodiabetes.ai2.upv.es\/index.php\/safe-ap\/","og_site_name":"Tecnodiabetes","article_publisher":"https:\/\/www.facebook.com\/Tecnodiabetes-1788690764738148\/","article_modified_time":"2025-08-15T22:22:51+00:00","twitter_card":"summary_large_image","twitter_site":"@tecnodiabetes","twitter_misc":{"Tiempo de lectura":"9 minutos"},"schema":{"@context":"https:\/\/schema.org","@graph":[{"@type":"WebPage","@id":"https:\/\/tecnodiabetes.ai2.upv.es\/index.php\/safe-ap\/","url":"https:\/\/tecnodiabetes.ai2.upv.es\/index.php\/safe-ap\/","name":"Proyecto de p\u00e1ncreas artificial SAFE-AP - Tecnodiabetes","isPartOf":{"@id":"https:\/\/tecnodiabetes.ai2.upv.es\/#website"},"datePublished":"2016-09-23T05:28:40+00:00","dateModified":"2025-08-15T22:22:51+00:00","description":"Conoce el proyecto SAFE-AP \"Nuevos m\u00e9todos para la eficiencia y seguridad del p\u00e1ncreas artificial domiciliario en diabetes tipo 1\"","breadcrumb":{"@id":"https:\/\/tecnodiabetes.ai2.upv.es\/index.php\/safe-ap\/#breadcrumb"},"inLanguage":"es","potentialAction":[{"@type":"ReadAction","target":["https:\/\/tecnodiabetes.ai2.upv.es\/index.php\/safe-ap\/"]}]},{"@type":"BreadcrumbList","@id":"https:\/\/tecnodiabetes.ai2.upv.es\/index.php\/safe-ap\/#breadcrumb","itemListElement":[{"@type":"ListItem","position":1,"name":"Portada","item":"https:\/\/tecnodiabetes.ai2.upv.es\/"},{"@type":"ListItem","position":2,"name":"SAFE-AP"}]},{"@type":"WebSite","@id":"https:\/\/tecnodiabetes.ai2.upv.es\/#website","url":"https:\/\/tecnodiabetes.ai2.upv.es\/","name":"Tecnodiabetes","description":"Divulgaci\u00f3n Cient\u00edfica sobre Diabetes","potentialAction":[{"@type":"SearchAction","target":{"@type":"EntryPoint","urlTemplate":"https:\/\/tecnodiabetes.ai2.upv.es\/?s={search_term_string}"},"query-input":{"@type":"PropertyValueSpecification","valueRequired":true,"valueName":"search_term_string"}}],"inLanguage":"es"}]}},"_links":{"self":[{"href":"https:\/\/tecnodiabetes.ai2.upv.es\/index.php\/wp-json\/wp\/v2\/pages\/767","targetHints":{"allow":["GET"]}}],"collection":[{"href":"https:\/\/tecnodiabetes.ai2.upv.es\/index.php\/wp-json\/wp\/v2\/pages"}],"about":[{"href":"https:\/\/tecnodiabetes.ai2.upv.es\/index.php\/wp-json\/wp\/v2\/types\/page"}],"author":[{"embeddable":true,"href":"https:\/\/tecnodiabetes.ai2.upv.es\/index.php\/wp-json\/wp\/v2\/users\/1"}],"replies":[{"embeddable":true,"href":"https:\/\/tecnodiabetes.ai2.upv.es\/index.php\/wp-json\/wp\/v2\/comments?post=767"}],"version-history":[{"count":36,"href":"https:\/\/tecnodiabetes.ai2.upv.es\/index.php\/wp-json\/wp\/v2\/pages\/767\/revisions"}],"predecessor-version":[{"id":3791,"href":"https:\/\/tecnodiabetes.ai2.upv.es\/index.php\/wp-json\/wp\/v2\/pages\/767\/revisions\/3791"}],"wp:attachment":[{"href":"https:\/\/tecnodiabetes.ai2.upv.es\/index.php\/wp-json\/wp\/v2\/media?parent=767"}],"curies":[{"name":"wp","href":"https:\/\/api.w.org\/{rel}","templated":true}]}}