{"id":3600,"date":"2025-08-12T09:58:50","date_gmt":"2025-08-12T07:58:50","guid":{"rendered":"https:\/\/tecnodiabetes.ai2.upv.es\/index.php\/legal-notice\/"},"modified":"2025-08-12T09:59:39","modified_gmt":"2025-08-12T07:59:39","slug":"legal-notice","status":"publish","type":"page","link":"https:\/\/tecnodiabetes.ai2.upv.es\/index.php\/legal-notice\/?lang=en","title":{"rendered":"Legal Notice"},"content":{"rendered":"<p>[et_pb_section fb_built=\u00bb1&#8243; admin_label=\u00bbsection\u00bb _builder_version=\u00bb4.16&#8243; global_colors_info=\u00bb{}\u00bb][et_pb_row admin_label=\u00bbrow\u00bb _builder_version=\u00bb4.16&#8243; background_size=\u00bbinitial\u00bb background_position=\u00bbtop_left\u00bb background_repeat=\u00bbrepeat\u00bb global_colors_info=\u00bb{}\u00bb][et_pb_column type=\u00bb4_4&#8243; _builder_version=\u00bb4.16&#8243; custom_padding=\u00bb|||\u00bb global_colors_info=\u00bb{}\u00bb custom_padding__hover=\u00bb|||\u00bb][et_pb_text _builder_version=\u00bb4.27.4&#8243; background_size=\u00bbinitial\u00bb background_position=\u00bbtop_left\u00bb background_repeat=\u00bbrepeat\u00bb hover_enabled=\u00bb0&#8243; use_border_color=\u00bboff\u00bb global_colors_info=\u00bb{}\u00bb sticky_enabled=\u00bb0&#8243;]<\/p>\n<h2>Privacy Policy<\/h2>\n<h3>Identification data<\/h3>\n<p>In compliance with the duty to provide information contained in Article 10 of Law 34\/2002, of July 11, on Information Society Services and Electronic Commerce, and the General Data Protection Regulation (hereinafter, GDPR), applicable as of May 25, 2018, the following information is provided:<\/p>\n<ul>\n<li title=\"\" data-original-title=\"\">The company that owns this website and is responsible for data processing is the Institute of Automation and Industrial Computing of the UPV (hereinafter, ai2 Institute), with a registered office at C\/ Camino de Vera s\/N, Building 8G, Access D, 4th floor, 46022 Valencia, Spain, with Tax Identification Number (CIF): Q4618002B. Contact email: <a href=\"mailto:instituto@ai2.upv.es\">instituto@ai2.upv.es.<\/a> <\/li>\n<li title=\"\" data-original-title=\"\">The ai2 Institute reserves the right to modify or delete the content and services found on this website at any time and without prior notice. It assumes no liability for this or for any outdated information. <\/li>\n<\/ul>\n<h3>Processing of Personal Data<\/h3>\n<ul>\n<li title=\"\" data-original-title=\"\">&nbsp;The personal data you provide through the Website http:\/\/tecnodiabetes.ai2.upv.es (hereinafter, the Website) will be processed by ai2 Institute for the purposes of managing the Website\u2019s users, as well as the management of the services offered through said Website. Likewise, ai2 Institute will process the data to manage the inquiries it receives from users, which will be recorded for analysis by researchers and to identify the needs of the community of people with diabetes, solely for research purposes. Under no circumstances will advertising or commercial information be sent. The processing of data for these purposes will continue as long as you maintain any business or contractual relationship with ai2 Institute and even after the termination of such relationships for a maximum of five years.   <\/li>\n<li title=\"\" data-original-title=\"\">You guarantee that the data provided is true, accurate, complete, and up-to-date, and you are liable for any direct or indirect damage or loss that may arise as a result of breaching this obligation. If the data provided belongs to a third party, you guarantee that you have informed said third party of the aspects contained in this Policy and obtained their authorization to provide their data to ai2 Institute for the purposes indicated. <\/li>\n<li title=\"\" data-original-title=\"\">When personal data is collected through the form, you will be required to provide at least those marked as mandatory. Failure to provide these data, deemed necessary, will prevent Instituto ai2 from accepting and managing the web service, query, or request submitted. <\/li>\n<\/ul>\n<h3>Statistical Data Collection<\/h3>\n<ul>\n<li title=\"\" data-original-title=\"\">In order to offer you the best service through this website and to facilitate its use, the number of pages visited, the number of visits, as well as the activity of website visitors and their frequency of use are analyzed. For these purposes, statistical data compiled by ai2 Institute\u2019s Internet Service Provider is used. <\/li>\n<li title=\"\" data-original-title=\"\">This information is used to analyze the frequency of use of the ai2 Institute website based on connection data and the most visited sections.<\/li>\n<\/ul>\n<h3>Privacy Control and Right to Object, Rectify, Erase, Portability, and Update Data<\/h3>\n<ul>\n<li title=\"\" data-original-title=\"\">Ai2 Institute uses cookies on the aforementioned Website. For more information, see our <a href=\"https:\/\/www.ai2.upv.es\/politica-de-cookies\/\">Cookies Policy<\/a> <\/li>\n<li title=\"\" data-original-title=\"\">You may exercise your rights of access, rectification, deletion, objection, restriction of processing, and portability regarding your personal data, as well as withdraw your consent at any time. To this end, it must be send a communication to the address provided or by email to tecnodiabetes@ai2.upv.es, providing a photocopy of national identity card, passport, or other valid identification document. <\/li>\n<li title=\"\" data-original-title=\"\">If you believe that your personal data has not been processed in accordance with the regulations, or if you have any questions, you can contact the ai2 Institute at tecnodiabetes@ai2.upv.es. In any case, a complaint may be filed with the Spanish Data Protection Agency (www.agpd.es). <\/li>\n<\/ul>\n<p>[\/et_pb_text][\/et_pb_column][\/et_pb_row][\/et_pb_section]<\/p>\n","protected":false},"excerpt":{"rendered":"<p>Privacy Policy Identification data In compliance with the duty to provide information contained in Article 10 of Law 34\/2002, of July 11, on Information Society Services and Electronic Commerce, and the General Data Protection Regulation (hereinafter, GDPR), applicable as of May 25, 2018, the following information is provided: The company that owns this website and [&hellip;]<\/p>\n","protected":false},"author":1,"featured_media":0,"parent":0,"menu_order":0,"comment_status":"closed","ping_status":"closed","template":"","meta":{"_et_pb_use_builder":"on","_et_pb_old_content":"","_et_gb_content_width":"","inline_featured_image":false,"footnotes":""},"class_list":["post-3600","page","type-page","status-publish","hentry"],"yoast_head":"<!-- This site is optimized with the Yoast SEO plugin v27.4 - https:\/\/yoast.com\/product\/yoast-seo-wordpress\/ -->\n<title>Legal Notice - Tecnodiabetes<\/title>\n<meta name=\"description\" content=\"diabetes, tecnolog\u00eda, investigaci\u00f3n, innovaci\u00f3n, diabetes tipo 1, diabetes tipo 2, p\u00e1ncreas artificial, bomba de insulina, monitor continuo de glucosa, glucosa, insulina, educaci\u00f3n diabetes, simulador diabetes, robot diabetes, CSII, MDI, SAP, CGM, type 1 diabetes, type 2 diabetes, artificial pancreas, insulin pump, continuous glucose monitor, glucose, insulin, diabetes education, diabetes simulator\" \/>\n<meta name=\"robots\" content=\"index, follow, max-snippet:-1, max-image-preview:large, max-video-preview:-1\" \/>\n<link rel=\"canonical\" href=\"https:\/\/tecnodiabetes.ai2.upv.es\/index.php\/legal-notice\/?lang=en\" \/>\n<meta property=\"og:locale\" content=\"es_ES\" \/>\n<meta property=\"og:type\" content=\"article\" \/>\n<meta property=\"og:title\" content=\"Legal Notice - Tecnodiabetes\" \/>\n<meta property=\"og:description\" content=\"diabetes, tecnolog\u00eda, investigaci\u00f3n, innovaci\u00f3n, diabetes tipo 1, diabetes tipo 2, p\u00e1ncreas artificial, bomba de insulina, monitor continuo de glucosa, glucosa, insulina, educaci\u00f3n diabetes, simulador diabetes, robot diabetes, CSII, MDI, SAP, CGM, type 1 diabetes, type 2 diabetes, artificial pancreas, insulin pump, continuous glucose monitor, glucose, insulin, diabetes education, diabetes simulator\" \/>\n<meta property=\"og:url\" content=\"https:\/\/tecnodiabetes.ai2.upv.es\/index.php\/legal-notice\/?lang=en\" \/>\n<meta property=\"og:site_name\" content=\"Tecnodiabetes\" \/>\n<meta property=\"article:publisher\" content=\"https:\/\/www.facebook.com\/Tecnodiabetes-1788690764738148\/\" \/>\n<meta property=\"article:modified_time\" content=\"2025-08-12T07:59:39+00:00\" \/>\n<meta name=\"twitter:card\" content=\"summary_large_image\" \/>\n<meta name=\"twitter:site\" content=\"@tecnodiabetes\" \/>\n<meta name=\"twitter:label1\" content=\"Tiempo de lectura\" \/>\n\t<meta name=\"twitter:data1\" content=\"3 minutos\" \/>\n<script type=\"application\/ld+json\" class=\"yoast-schema-graph\">{\"@context\":\"https:\\\/\\\/schema.org\",\"@graph\":[{\"@type\":\"WebPage\",\"@id\":\"https:\\\/\\\/tecnodiabetes.ai2.upv.es\\\/index.php\\\/legal-notice\\\/?lang=en\",\"url\":\"https:\\\/\\\/tecnodiabetes.ai2.upv.es\\\/index.php\\\/legal-notice\\\/?lang=en\",\"name\":\"Legal Notice - Tecnodiabetes\",\"isPartOf\":{\"@id\":\"https:\\\/\\\/tecnodiabetes.ai2.upv.es\\\/#website\"},\"datePublished\":\"2025-08-12T07:58:50+00:00\",\"dateModified\":\"2025-08-12T07:59:39+00:00\",\"description\":\"diabetes, tecnolog\u00eda, investigaci\u00f3n, innovaci\u00f3n, diabetes tipo 1, diabetes tipo 2, p\u00e1ncreas artificial, bomba de insulina, monitor continuo de glucosa, glucosa, insulina, educaci\u00f3n diabetes, simulador diabetes, robot diabetes, CSII, MDI, SAP, CGM, type 1 diabetes, type 2 diabetes, artificial pancreas, insulin pump, continuous glucose monitor, glucose, insulin, diabetes education, diabetes simulator\",\"breadcrumb\":{\"@id\":\"https:\\\/\\\/tecnodiabetes.ai2.upv.es\\\/index.php\\\/legal-notice\\\/?lang=en#breadcrumb\"},\"inLanguage\":\"es\",\"potentialAction\":[{\"@type\":\"ReadAction\",\"target\":[\"https:\\\/\\\/tecnodiabetes.ai2.upv.es\\\/index.php\\\/legal-notice\\\/?lang=en\"]}]},{\"@type\":\"BreadcrumbList\",\"@id\":\"https:\\\/\\\/tecnodiabetes.ai2.upv.es\\\/index.php\\\/legal-notice\\\/?lang=en#breadcrumb\",\"itemListElement\":[{\"@type\":\"ListItem\",\"position\":1,\"name\":\"Portada\",\"item\":\"https:\\\/\\\/tecnodiabetes.ai2.upv.es\\\/\"},{\"@type\":\"ListItem\",\"position\":2,\"name\":\"Legal Notice\"}]},{\"@type\":\"WebSite\",\"@id\":\"https:\\\/\\\/tecnodiabetes.ai2.upv.es\\\/#website\",\"url\":\"https:\\\/\\\/tecnodiabetes.ai2.upv.es\\\/\",\"name\":\"Tecnodiabetes\",\"description\":\"Divulgaci\u00f3n Cient\u00edfica sobre Diabetes\",\"potentialAction\":[{\"@type\":\"SearchAction\",\"target\":{\"@type\":\"EntryPoint\",\"urlTemplate\":\"https:\\\/\\\/tecnodiabetes.ai2.upv.es\\\/?s={search_term_string}\"},\"query-input\":{\"@type\":\"PropertyValueSpecification\",\"valueRequired\":true,\"valueName\":\"search_term_string\"}}],\"inLanguage\":\"es\"}]}<\/script>\n<!-- \/ Yoast SEO plugin. -->","yoast_head_json":{"title":"Legal Notice - Tecnodiabetes","description":"diabetes, tecnolog\u00eda, investigaci\u00f3n, innovaci\u00f3n, diabetes tipo 1, diabetes tipo 2, p\u00e1ncreas artificial, bomba de insulina, monitor continuo de glucosa, glucosa, insulina, educaci\u00f3n diabetes, simulador diabetes, robot diabetes, CSII, MDI, SAP, CGM, type 1 diabetes, type 2 diabetes, artificial pancreas, insulin pump, continuous glucose monitor, glucose, insulin, diabetes education, diabetes simulator","robots":{"index":"index","follow":"follow","max-snippet":"max-snippet:-1","max-image-preview":"max-image-preview:large","max-video-preview":"max-video-preview:-1"},"canonical":"https:\/\/tecnodiabetes.ai2.upv.es\/index.php\/legal-notice\/?lang=en","og_locale":"es_ES","og_type":"article","og_title":"Legal Notice - Tecnodiabetes","og_description":"diabetes, tecnolog\u00eda, investigaci\u00f3n, innovaci\u00f3n, diabetes tipo 1, diabetes tipo 2, p\u00e1ncreas artificial, bomba de insulina, monitor continuo de glucosa, glucosa, insulina, educaci\u00f3n diabetes, simulador diabetes, robot diabetes, CSII, MDI, SAP, CGM, type 1 diabetes, type 2 diabetes, artificial pancreas, insulin pump, continuous glucose monitor, glucose, insulin, diabetes education, diabetes simulator","og_url":"https:\/\/tecnodiabetes.ai2.upv.es\/index.php\/legal-notice\/?lang=en","og_site_name":"Tecnodiabetes","article_publisher":"https:\/\/www.facebook.com\/Tecnodiabetes-1788690764738148\/","article_modified_time":"2025-08-12T07:59:39+00:00","twitter_card":"summary_large_image","twitter_site":"@tecnodiabetes","twitter_misc":{"Tiempo de lectura":"3 minutos"},"schema":{"@context":"https:\/\/schema.org","@graph":[{"@type":"WebPage","@id":"https:\/\/tecnodiabetes.ai2.upv.es\/index.php\/legal-notice\/?lang=en","url":"https:\/\/tecnodiabetes.ai2.upv.es\/index.php\/legal-notice\/?lang=en","name":"Legal Notice - Tecnodiabetes","isPartOf":{"@id":"https:\/\/tecnodiabetes.ai2.upv.es\/#website"},"datePublished":"2025-08-12T07:58:50+00:00","dateModified":"2025-08-12T07:59:39+00:00","description":"diabetes, tecnolog\u00eda, investigaci\u00f3n, innovaci\u00f3n, diabetes tipo 1, diabetes tipo 2, p\u00e1ncreas artificial, bomba de insulina, monitor continuo de glucosa, glucosa, insulina, educaci\u00f3n diabetes, simulador diabetes, robot diabetes, CSII, MDI, SAP, CGM, type 1 diabetes, type 2 diabetes, artificial pancreas, insulin pump, continuous glucose monitor, glucose, insulin, diabetes education, diabetes simulator","breadcrumb":{"@id":"https:\/\/tecnodiabetes.ai2.upv.es\/index.php\/legal-notice\/?lang=en#breadcrumb"},"inLanguage":"es","potentialAction":[{"@type":"ReadAction","target":["https:\/\/tecnodiabetes.ai2.upv.es\/index.php\/legal-notice\/?lang=en"]}]},{"@type":"BreadcrumbList","@id":"https:\/\/tecnodiabetes.ai2.upv.es\/index.php\/legal-notice\/?lang=en#breadcrumb","itemListElement":[{"@type":"ListItem","position":1,"name":"Portada","item":"https:\/\/tecnodiabetes.ai2.upv.es\/"},{"@type":"ListItem","position":2,"name":"Legal Notice"}]},{"@type":"WebSite","@id":"https:\/\/tecnodiabetes.ai2.upv.es\/#website","url":"https:\/\/tecnodiabetes.ai2.upv.es\/","name":"Tecnodiabetes","description":"Divulgaci\u00f3n Cient\u00edfica sobre Diabetes","potentialAction":[{"@type":"SearchAction","target":{"@type":"EntryPoint","urlTemplate":"https:\/\/tecnodiabetes.ai2.upv.es\/?s={search_term_string}"},"query-input":{"@type":"PropertyValueSpecification","valueRequired":true,"valueName":"search_term_string"}}],"inLanguage":"es"}]}},"_links":{"self":[{"href":"https:\/\/tecnodiabetes.ai2.upv.es\/index.php\/wp-json\/wp\/v2\/pages\/3600","targetHints":{"allow":["GET"]}}],"collection":[{"href":"https:\/\/tecnodiabetes.ai2.upv.es\/index.php\/wp-json\/wp\/v2\/pages"}],"about":[{"href":"https:\/\/tecnodiabetes.ai2.upv.es\/index.php\/wp-json\/wp\/v2\/types\/page"}],"author":[{"embeddable":true,"href":"https:\/\/tecnodiabetes.ai2.upv.es\/index.php\/wp-json\/wp\/v2\/users\/1"}],"replies":[{"embeddable":true,"href":"https:\/\/tecnodiabetes.ai2.upv.es\/index.php\/wp-json\/wp\/v2\/comments?post=3600"}],"version-history":[{"count":5,"href":"https:\/\/tecnodiabetes.ai2.upv.es\/index.php\/wp-json\/wp\/v2\/pages\/3600\/revisions"}],"predecessor-version":[{"id":3605,"href":"https:\/\/tecnodiabetes.ai2.upv.es\/index.php\/wp-json\/wp\/v2\/pages\/3600\/revisions\/3605"}],"wp:attachment":[{"href":"https:\/\/tecnodiabetes.ai2.upv.es\/index.php\/wp-json\/wp\/v2\/media?parent=3600"}],"curies":[{"name":"wp","href":"https:\/\/api.w.org\/{rel}","templated":true}]}}