{"id":2888,"date":"2023-01-20T17:18:03","date_gmt":"2023-01-20T16:18:03","guid":{"rendered":"https:\/\/tecnodiabetes.ai2.upv.es\/?page_id=2888"},"modified":"2023-01-20T17:19:51","modified_gmt":"2023-01-20T16:19:51","slug":"prisma","status":"publish","type":"page","link":"https:\/\/tecnodiabetes.ai2.upv.es\/index.php\/prisma\/?lang=en","title":{"rendered":"PRISMA"},"content":{"rendered":"<p>[et_pb_section fb_built=\u00bb1&#8243; fullwidth=\u00bbon\u00bb custom_padding_last_edited=\u00bbon|desktop\u00bb admin_label=\u00bbSecci\u00f3n\u00bb _builder_version=\u00bb4.16&#8243; background_color=\u00bb#f15d2f\u00bb custom_padding=\u00bb30px|||\u00bb custom_padding_tablet=\u00bb50px|0|50px|0&#8243; custom_padding_phone=\u00bb50px|0|50px|0&#8243; transparent_background=\u00bboff\u00bb padding_mobile=\u00bboff\u00bb make_fullwidth=\u00bboff\u00bb use_custom_width=\u00bboff\u00bb width_unit=\u00bbon\u00bb custom_width_px=\u00bb1080px\u00bb custom_width_percent=\u00bb80%\u00bb global_colors_info=\u00bb{}\u00bb][\/et_pb_section][et_pb_section fb_built=\u00bb1&#8243; custom_padding_last_edited=\u00bbon|desktop\u00bb admin_label=\u00bbSecci\u00f3n\u00bb _builder_version=\u00bb4.16&#8243; custom_padding=\u00bb54px|0px|0px|0px\u00bb custom_padding_tablet=\u00bb50px|0|50px|0&#8243; custom_padding_phone=\u00bb50px|0|50px|0&#8243; transparent_background=\u00bboff\u00bb padding_mobile=\u00bboff\u00bb make_fullwidth=\u00bboff\u00bb use_custom_width=\u00bboff\u00bb width_unit=\u00bboff\u00bb custom_width_px=\u00bb1080px\u00bb custom_width_percent=\u00bb80%\u00bb global_colors_info=\u00bb{}\u00bb][et_pb_row padding_mobile=\u00bboff\u00bb column_padding_mobile=\u00bbon\u00bb admin_label=\u00bbrow\u00bb _builder_version=\u00bb4.16&#8243; background_size=\u00bbinitial\u00bb background_position=\u00bbtop_left\u00bb background_repeat=\u00bbrepeat\u00bb make_fullwidth=\u00bboff\u00bb use_custom_width=\u00bboff\u00bb width_unit=\u00bboff\u00bb custom_width_px=\u00bb1080px\u00bb custom_width_percent=\u00bb80%\u00bb global_colors_info=\u00bb{}\u00bb][et_pb_column type=\u00bb4_4&#8243; _builder_version=\u00bb4.16&#8243; custom_padding=\u00bb|||\u00bb global_colors_info=\u00bb{}\u00bb custom_padding__hover=\u00bb|||\u00bb][et_pb_text admin_label=\u00bbTexto\u00bb _builder_version=\u00bb4.19.0&#8243; background_size=\u00bbinitial\u00bb background_position=\u00bbtop_left\u00bb background_repeat=\u00bbrepeat\u00bb text_orientation=\u00bbcenter\u00bb module_alignment=\u00bbcenter\u00bb hover_enabled=\u00bb0&#8243; use_border_color=\u00bboff\u00bb border_color=\u00bb#ffffff\u00bb border_style=\u00bbsolid\u00bb inline_fonts=\u00bbMontserrat\u00bb global_colors_info=\u00bb{}\u00bb sticky_enabled=\u00bb0&#8243;]<\/p>\n<h4><span style=\"font-family: Montserrat; color: #999999;\">PROJECTS<\/span><\/h4>\n<h3>PRISMA<\/h3>\n<p><span style=\"font-size: x-large;\"><span style=\"font-family: Montserrat; font-size: large;\">MICRO-MECHANICAL PUMP FOR NEXT GENERATION INSULIN DELIVERY SYSTEMS<\/span><\/span><\/p>\n<p>[\/et_pb_text][\/et_pb_column][\/et_pb_row][et_pb_row column_structure=\u00bb1_2,1_2&#8243; padding_mobile=\u00bboff\u00bb column_padding_mobile=\u00bbon\u00bb admin_label=\u00bbFila\u00bb _builder_version=\u00bb4.16&#8243; background_size=\u00bbinitial\u00bb background_position=\u00bbtop_left\u00bb background_repeat=\u00bbrepeat\u00bb make_fullwidth=\u00bboff\u00bb use_custom_width=\u00bboff\u00bb width_unit=\u00bboff\u00bb custom_width_px=\u00bb1080px\u00bb custom_width_percent=\u00bb80%\u00bb global_colors_info=\u00bb{}\u00bb][et_pb_column type=\u00bb1_2&#8243; _builder_version=\u00bb4.19.0&#8243; _module_preset=\u00bbdefault\u00bb global_colors_info=\u00bb{}\u00bb][et_pb_image src=\u00bbhttps:\/\/tecnodiabetes.ai2.upv.es\/wp-content\/uploads\/2022\/12\/Logo-PRISMA.png\u00bb title_text=\u00bbLogo PRISMA\u00bb _builder_version=\u00bb4.19.0&#8243; _module_preset=\u00bbdefault\u00bb hover_enabled=\u00bb0&#8243; global_colors_info=\u00bb{}\u00bb alt=\u00bbLogo PRISMA\u00bb sticky_enabled=\u00bb0&#8243;][\/et_pb_image][\/et_pb_column][et_pb_column type=\u00bb1_2&#8243; _builder_version=\u00bb4.16&#8243; custom_padding=\u00bb|||\u00bb global_colors_info=\u00bb{}\u00bb custom_padding__hover=\u00bb|||\u00bb][et_pb_gallery gallery_ids=\u00bb1224,1225,1226,1227,1228&#8243; fullwidth=\u00bbon\u00bb admin_label=\u00bbGaler\u00eda\u00bb _builder_version=\u00bb4.16&#8243; caption_all_caps=\u00bboff\u00bb auto=\u00bbon\u00bb auto_speed=\u00bb3000&#8243; use_border_color=\u00bboff\u00bb border_color=\u00bb#ffffff\u00bb border_width=\u00bb1px\u00bb border_style=\u00bbsolid\u00bb global_colors_info=\u00bb{}\u00bb][\/et_pb_gallery][et_pb_text admin_label=\u00bbTexto\u00bb _builder_version=\u00bb4.19.0&#8243; background_size=\u00bbinitial\u00bb background_position=\u00bbtop_left\u00bb background_repeat=\u00bbrepeat\u00bb hover_enabled=\u00bb0&#8243; use_border_color=\u00bboff\u00bb border_color=\u00bb#ffffff\u00bb border_style=\u00bbsolid\u00bb global_colors_info=\u00bb{}\u00bb sticky_enabled=\u00bb0&#8243;]<\/p>\n<h4>Administrative data<\/h4>\n<p><strong>Project reference: <\/strong>HORIZON-EIC-2021-TRANSITIONOPEN-01, Proposal number: 101057436 &#8211; PRISMA<br \/>\n<strong>Title:<\/strong> MICRO-MECHANICAL PUMP FOR NEXT GENERATION INSULIN DELIVERY SYSTEMS<br \/>\n<strong>Participating centers:<\/strong> DANMARKS TEKNISKE UNIVERSITET (DK), WEIZMANN INSTITUTE OF SCIENCE (IL), UNIVERSITAT POLIT\u00c8CNICA DE VAL\u00c8NCIA (ES), DAY ONE SRL (IT)<br \/>\n<strong>Project coordinator:<\/strong> Vincenzo Esposito (DANMARKS TEKNISKE UNIVERSITET)<br \/>\n<strong>Principal investigator at UPV:<\/strong> Jorge Bondia<br \/>\n<strong>Funded by:<\/strong> European Union, Horizon Europe<br \/>\n<strong>Duration:<\/strong> 01\/07\/2022 &#8211; 30\/06\/2025<br \/>\n<strong>Funding awarded:<\/strong> UPV: \u20ac358,882.00; Total: \u20ac 2,499,838.00[\/et_pb_text][\/et_pb_column][\/et_pb_row][et_pb_row padding_mobile=\u00bboff\u00bb column_padding_mobile=\u00bbon\u00bb admin_label=\u00bbFila\u00bb _builder_version=\u00bb4.16&#8243; background_size=\u00bbinitial\u00bb background_position=\u00bbtop_left\u00bb background_repeat=\u00bbrepeat\u00bb custom_padding=\u00bb27px|0px|0px|0px\u00bb make_fullwidth=\u00bboff\u00bb use_custom_width=\u00bboff\u00bb width_unit=\u00bboff\u00bb custom_width_px=\u00bb1080px\u00bb custom_width_percent=\u00bb80%\u00bb global_colors_info=\u00bb{}\u00bb][et_pb_column type=\u00bb4_4&#8243; _builder_version=\u00bb4.16&#8243; custom_padding=\u00bb|||\u00bb global_colors_info=\u00bb{}\u00bb custom_padding__hover=\u00bb|||\u00bb][et_pb_text admin_label=\u00bbTexto\u00bb _builder_version=\u00bb4.19.0&#8243; background_size=\u00bbinitial\u00bb background_position=\u00bbtop_left\u00bb background_repeat=\u00bbrepeat\u00bb hover_enabled=\u00bb0&#8243; use_border_color=\u00bboff\u00bb border_style=\u00bbsolid\u00bb global_colors_info=\u00bb{}\u00bb sticky_enabled=\u00bb0&#8243;]<\/p>\n<h4>Project summary<\/h4>\n<p>PRISMA is a revolutionary thin-film micropump realized with novel ceria-based oxides actuating materials in the frame of the FETOPEN BioWings project, which can be used as an innovative pumping system in wearable insulin delivery devices for the treatment of diabetes. The integration of the PRISMA micropump in insulin patch pumps addresses the 3 most important pain points that still keep the vast majority of diabetic patients away from this life-saving treatment:<\/p>\n<ol>\n<li>Size, which is more than two orders of magnitude smaller than state of the art.<\/li>\n<li>Higher drug delivery accuracy within the ?5% range ensures the highest therapeutic efficacy.<\/li>\n<li>Drastic reduction in energy consumption.<\/li>\n<\/ol>\n<p>Besides the short-term vision to realise extremely compact and accurate patch pumps, the long term goal is to allow the realisation of multi-drug delivery systems, making real the much-lauded multi-hormone treatment. The main objective of this project is to validate the pump and its manufacturing process in a real operating environment, proving to system integrators that all specifications are consistently met to pave the way for the post-project system integration and clinical validation. This will pave the way to the launch of a startup company that will take care of the final steps of the development roadmap and will establish long-term cooperation agreements with prominent medical device manufacturers for the integration of PRISMA in next-generation single and multi-hormone smart patches.<\/p>\n<p>[\/et_pb_text][\/et_pb_column][\/et_pb_row][et_pb_row padding_mobile=\u00bboff\u00bb column_padding_mobile=\u00bbon\u00bb admin_label=\u00bbrow\u00bb _builder_version=\u00bb4.16&#8243; background_size=\u00bbinitial\u00bb background_position=\u00bbtop_left\u00bb background_repeat=\u00bbrepeat\u00bb custom_padding=\u00bb27px|0px|15px|0px\u00bb make_fullwidth=\u00bboff\u00bb use_custom_width=\u00bboff\u00bb width_unit=\u00bboff\u00bb custom_width_px=\u00bb1080px\u00bb custom_width_percent=\u00bb80%\u00bb global_colors_info=\u00bb{}\u00bb][et_pb_column type=\u00bb4_4&#8243; _builder_version=\u00bb4.16&#8243; custom_padding=\u00bb|||\u00bb global_colors_info=\u00bb{}\u00bb custom_padding__hover=\u00bb|||\u00bb][et_pb_text admin_label=\u00bbTexto\u00bb _builder_version=\u00bb4.16&#8243; background_size=\u00bbinitial\u00bb background_position=\u00bbtop_left\u00bb background_repeat=\u00bbrepeat\u00bb use_border_color=\u00bboff\u00bb border_style=\u00bbsolid\u00bb global_colors_info=\u00bb{}\u00bb]<\/p>\n<h4>People<\/h4>\n<p>[\/et_pb_text][\/et_pb_column][\/et_pb_row][et_pb_row column_structure=\u00bb1_3,1_3,1_3&#8243; padding_mobile=\u00bboff\u00bb column_padding_mobile=\u00bbon\u00bb admin_label=\u00bbrow\u00bb _builder_version=\u00bb4.16&#8243; background_size=\u00bbinitial\u00bb background_position=\u00bbtop_left\u00bb background_repeat=\u00bbrepeat\u00bb custom_padding=\u00bb0px|0px|22.1094px|0px\u00bb make_fullwidth=\u00bboff\u00bb use_custom_width=\u00bboff\u00bb width_unit=\u00bboff\u00bb custom_width_px=\u00bb1080px\u00bb custom_width_percent=\u00bb80%\u00bb global_colors_info=\u00bb{}\u00bb][et_pb_column type=\u00bb1_3&#8243; _builder_version=\u00bb4.16&#8243; custom_padding=\u00bb|||\u00bb global_colors_info=\u00bb{}\u00bb custom_padding__hover=\u00bb|||\u00bb][et_pb_text admin_label=\u00bbTexto\u00bb _builder_version=\u00bb4.19.0&#8243; background_size=\u00bbinitial\u00bb background_position=\u00bbtop_left\u00bb background_repeat=\u00bbrepeat\u00bb hover_enabled=\u00bb0&#8243; use_border_color=\u00bboff\u00bb border_style=\u00bbsolid\u00bb global_colors_info=\u00bb{}\u00bb sticky_enabled=\u00bb0&#8243;]<\/p>\n<h6>Universitat Polit\u00e9cnica de Val\u00e8ncia<\/h6>\n<ul>\n<li>Jorge Bondia (PI)<\/li>\n<li>Jos\u00e9 Luis D\u00edez<\/li>\n<li>Pedro Garc\u00eda<\/li>\n<li>Miguel Albero<\/li>\n<\/ul>\n<p>[\/et_pb_text][\/et_pb_column][et_pb_column type=\u00bb1_3&#8243; _builder_version=\u00bb4.16&#8243; custom_padding=\u00bb|||\u00bb global_colors_info=\u00bb{}\u00bb custom_padding__hover=\u00bb|||\u00bb][\/et_pb_column][et_pb_column type=\u00bb1_3&#8243; _builder_version=\u00bb4.16&#8243; custom_padding=\u00bb|||\u00bb global_colors_info=\u00bb{}\u00bb custom_padding__hover=\u00bb|||\u00bb][\/et_pb_column][\/et_pb_row][\/et_pb_section][et_pb_section fb_built=\u00bb1&#8243; _builder_version=\u00bb4.19.0&#8243; _module_preset=\u00bbdefault\u00bb global_colors_info=\u00bb{}\u00bb][et_pb_row _builder_version=\u00bb4.19.0&#8243; _module_preset=\u00bbdefault\u00bb global_colors_info=\u00bb{}\u00bb column_structure=\u00bb1_3,1_3,1_3&#8243;][et_pb_column _builder_version=\u00bb4.19.0&#8243; _module_preset=\u00bbdefault\u00bb type=\u00bb1_3&#8243;][\/et_pb_column][et_pb_column type=\u00bb1_3&#8243; _builder_version=\u00bb4.19.0&#8243; _module_preset=\u00bbdefault\u00bb global_colors_info=\u00bb{}\u00bb][et_pb_image src=\u00bbhttps:\/\/tecnodiabetes.ai2.upv.es\/wp-content\/uploads\/2023\/01\/horizon-europe.png\u00bb title_text=\u00bbHorizon Europe\u00bb _builder_version=\u00bb4.19.0&#8243; _module_preset=\u00bbdefault\u00bb hover_enabled=\u00bb0&#8243; global_colors_info=\u00bb{}\u00bb alt=\u00bbHorizon Europe\u00bb sticky_enabled=\u00bb0&#8243;][\/et_pb_image][\/et_pb_column][et_pb_column _builder_version=\u00bb4.19.0&#8243; _module_preset=\u00bbdefault\u00bb type=\u00bb1_3&#8243;][\/et_pb_column][\/et_pb_row][\/et_pb_section]<\/p>\n","protected":false},"excerpt":{"rendered":"<p>PROJECTS PRISMA MICRO-MECHANICAL PUMP FOR NEXT GENERATION INSULIN DELIVERY SYSTEMSAdministrative data Project reference: HORIZON-EIC-2021-TRANSITIONOPEN-01, Proposal number: 101057436 &#8211; PRISMA Title: MICRO-MECHANICAL PUMP FOR NEXT GENERATION INSULIN DELIVERY SYSTEMS Participating centers: DANMARKS TEKNISKE UNIVERSITET (DK), WEIZMANN INSTITUTE OF SCIENCE (IL), UNIVERSITAT POLIT\u00c8CNICA DE VAL\u00c8NCIA (ES), DAY ONE SRL (IT) Project coordinator: Vincenzo Esposito (DANMARKS TEKNISKE UNIVERSITET) [&hellip;]<\/p>\n","protected":false},"author":1,"featured_media":0,"parent":0,"menu_order":0,"comment_status":"closed","ping_status":"closed","template":"","meta":{"_et_pb_use_builder":"on","_et_pb_old_content":"","_et_gb_content_width":"","inline_featured_image":false,"footnotes":""},"class_list":["post-2888","page","type-page","status-publish","hentry"],"yoast_head":"<!-- This site is optimized with the Yoast SEO plugin v27.5 - https:\/\/yoast.com\/product\/yoast-seo-wordpress\/ -->\n<title>PRISMA - Tecnodiabetes<\/title>\n<meta name=\"description\" content=\"diabetes, tecnolog\u00eda, investigaci\u00f3n, innovaci\u00f3n, diabetes tipo 1, diabetes tipo 2, p\u00e1ncreas artificial, bomba de insulina, monitor continuo de glucosa, glucosa, insulina, educaci\u00f3n diabetes, simulador diabetes, robot diabetes, CSII, MDI, SAP, CGM, type 1 diabetes, type 2 diabetes, artificial pancreas, insulin pump, continuous glucose monitor, glucose, insulin, diabetes education, diabetes simulator\" \/>\n<meta name=\"robots\" content=\"index, follow, max-snippet:-1, max-image-preview:large, max-video-preview:-1\" \/>\n<link rel=\"canonical\" href=\"https:\/\/tecnodiabetes.ai2.upv.es\/index.php\/prisma\/?lang=en\" \/>\n<meta property=\"og:locale\" content=\"es_ES\" \/>\n<meta property=\"og:type\" content=\"article\" \/>\n<meta property=\"og:title\" content=\"PRISMA - Tecnodiabetes\" \/>\n<meta property=\"og:description\" content=\"diabetes, tecnolog\u00eda, investigaci\u00f3n, innovaci\u00f3n, diabetes tipo 1, diabetes tipo 2, p\u00e1ncreas artificial, bomba de insulina, monitor continuo de glucosa, glucosa, insulina, educaci\u00f3n diabetes, simulador diabetes, robot diabetes, CSII, MDI, SAP, CGM, type 1 diabetes, type 2 diabetes, artificial pancreas, insulin pump, continuous glucose monitor, glucose, insulin, diabetes education, diabetes simulator\" \/>\n<meta property=\"og:url\" content=\"https:\/\/tecnodiabetes.ai2.upv.es\/index.php\/prisma\/?lang=en\" \/>\n<meta property=\"og:site_name\" content=\"Tecnodiabetes\" \/>\n<meta property=\"article:publisher\" content=\"https:\/\/www.facebook.com\/Tecnodiabetes-1788690764738148\/\" \/>\n<meta property=\"article:modified_time\" content=\"2023-01-20T16:19:51+00:00\" \/>\n<meta name=\"twitter:card\" content=\"summary_large_image\" \/>\n<meta name=\"twitter:site\" content=\"@tecnodiabetes\" \/>\n<script type=\"application\/ld+json\" class=\"yoast-schema-graph\">{\"@context\":\"https:\\\/\\\/schema.org\",\"@graph\":[{\"@type\":\"WebPage\",\"@id\":\"https:\\\/\\\/tecnodiabetes.ai2.upv.es\\\/index.php\\\/prisma\\\/?lang=en\",\"url\":\"https:\\\/\\\/tecnodiabetes.ai2.upv.es\\\/index.php\\\/prisma\\\/?lang=en\",\"name\":\"PRISMA - Tecnodiabetes\",\"isPartOf\":{\"@id\":\"https:\\\/\\\/tecnodiabetes.ai2.upv.es\\\/#website\"},\"datePublished\":\"2023-01-20T16:18:03+00:00\",\"dateModified\":\"2023-01-20T16:19:51+00:00\",\"description\":\"diabetes, tecnolog\u00eda, investigaci\u00f3n, innovaci\u00f3n, diabetes tipo 1, diabetes tipo 2, p\u00e1ncreas artificial, bomba de insulina, monitor continuo de glucosa, glucosa, insulina, educaci\u00f3n diabetes, simulador diabetes, robot diabetes, CSII, MDI, SAP, CGM, type 1 diabetes, type 2 diabetes, artificial pancreas, insulin pump, continuous glucose monitor, glucose, insulin, diabetes education, diabetes simulator\",\"breadcrumb\":{\"@id\":\"https:\\\/\\\/tecnodiabetes.ai2.upv.es\\\/index.php\\\/prisma\\\/?lang=en#breadcrumb\"},\"inLanguage\":\"es\",\"potentialAction\":[{\"@type\":\"ReadAction\",\"target\":[\"https:\\\/\\\/tecnodiabetes.ai2.upv.es\\\/index.php\\\/prisma\\\/?lang=en\"]}]},{\"@type\":\"BreadcrumbList\",\"@id\":\"https:\\\/\\\/tecnodiabetes.ai2.upv.es\\\/index.php\\\/prisma\\\/?lang=en#breadcrumb\",\"itemListElement\":[{\"@type\":\"ListItem\",\"position\":1,\"name\":\"Portada\",\"item\":\"https:\\\/\\\/tecnodiabetes.ai2.upv.es\\\/\"},{\"@type\":\"ListItem\",\"position\":2,\"name\":\"PRISMA\"}]},{\"@type\":\"WebSite\",\"@id\":\"https:\\\/\\\/tecnodiabetes.ai2.upv.es\\\/#website\",\"url\":\"https:\\\/\\\/tecnodiabetes.ai2.upv.es\\\/\",\"name\":\"Tecnodiabetes\",\"description\":\"Divulgaci\u00f3n Cient\u00edfica sobre Diabetes\",\"potentialAction\":[{\"@type\":\"SearchAction\",\"target\":{\"@type\":\"EntryPoint\",\"urlTemplate\":\"https:\\\/\\\/tecnodiabetes.ai2.upv.es\\\/?s={search_term_string}\"},\"query-input\":{\"@type\":\"PropertyValueSpecification\",\"valueRequired\":true,\"valueName\":\"search_term_string\"}}],\"inLanguage\":\"es\"}]}<\/script>\n<!-- \/ Yoast SEO plugin. -->","yoast_head_json":{"title":"PRISMA - Tecnodiabetes","description":"diabetes, tecnolog\u00eda, investigaci\u00f3n, innovaci\u00f3n, diabetes tipo 1, diabetes tipo 2, p\u00e1ncreas artificial, bomba de insulina, monitor continuo de glucosa, glucosa, insulina, educaci\u00f3n diabetes, simulador diabetes, robot diabetes, CSII, MDI, SAP, CGM, type 1 diabetes, type 2 diabetes, artificial pancreas, insulin pump, continuous glucose monitor, glucose, insulin, diabetes education, diabetes simulator","robots":{"index":"index","follow":"follow","max-snippet":"max-snippet:-1","max-image-preview":"max-image-preview:large","max-video-preview":"max-video-preview:-1"},"canonical":"https:\/\/tecnodiabetes.ai2.upv.es\/index.php\/prisma\/?lang=en","og_locale":"es_ES","og_type":"article","og_title":"PRISMA - Tecnodiabetes","og_description":"diabetes, tecnolog\u00eda, investigaci\u00f3n, innovaci\u00f3n, diabetes tipo 1, diabetes tipo 2, p\u00e1ncreas artificial, bomba de insulina, monitor continuo de glucosa, glucosa, insulina, educaci\u00f3n diabetes, simulador diabetes, robot diabetes, CSII, MDI, SAP, CGM, type 1 diabetes, type 2 diabetes, artificial pancreas, insulin pump, continuous glucose monitor, glucose, insulin, diabetes education, diabetes simulator","og_url":"https:\/\/tecnodiabetes.ai2.upv.es\/index.php\/prisma\/?lang=en","og_site_name":"Tecnodiabetes","article_publisher":"https:\/\/www.facebook.com\/Tecnodiabetes-1788690764738148\/","article_modified_time":"2023-01-20T16:19:51+00:00","twitter_card":"summary_large_image","twitter_site":"@tecnodiabetes","schema":{"@context":"https:\/\/schema.org","@graph":[{"@type":"WebPage","@id":"https:\/\/tecnodiabetes.ai2.upv.es\/index.php\/prisma\/?lang=en","url":"https:\/\/tecnodiabetes.ai2.upv.es\/index.php\/prisma\/?lang=en","name":"PRISMA - Tecnodiabetes","isPartOf":{"@id":"https:\/\/tecnodiabetes.ai2.upv.es\/#website"},"datePublished":"2023-01-20T16:18:03+00:00","dateModified":"2023-01-20T16:19:51+00:00","description":"diabetes, tecnolog\u00eda, investigaci\u00f3n, innovaci\u00f3n, diabetes tipo 1, diabetes tipo 2, p\u00e1ncreas artificial, bomba de insulina, monitor continuo de glucosa, glucosa, insulina, educaci\u00f3n diabetes, simulador diabetes, robot diabetes, CSII, MDI, SAP, CGM, type 1 diabetes, type 2 diabetes, artificial pancreas, insulin pump, continuous glucose monitor, glucose, insulin, diabetes education, diabetes simulator","breadcrumb":{"@id":"https:\/\/tecnodiabetes.ai2.upv.es\/index.php\/prisma\/?lang=en#breadcrumb"},"inLanguage":"es","potentialAction":[{"@type":"ReadAction","target":["https:\/\/tecnodiabetes.ai2.upv.es\/index.php\/prisma\/?lang=en"]}]},{"@type":"BreadcrumbList","@id":"https:\/\/tecnodiabetes.ai2.upv.es\/index.php\/prisma\/?lang=en#breadcrumb","itemListElement":[{"@type":"ListItem","position":1,"name":"Portada","item":"https:\/\/tecnodiabetes.ai2.upv.es\/"},{"@type":"ListItem","position":2,"name":"PRISMA"}]},{"@type":"WebSite","@id":"https:\/\/tecnodiabetes.ai2.upv.es\/#website","url":"https:\/\/tecnodiabetes.ai2.upv.es\/","name":"Tecnodiabetes","description":"Divulgaci\u00f3n Cient\u00edfica sobre Diabetes","potentialAction":[{"@type":"SearchAction","target":{"@type":"EntryPoint","urlTemplate":"https:\/\/tecnodiabetes.ai2.upv.es\/?s={search_term_string}"},"query-input":{"@type":"PropertyValueSpecification","valueRequired":true,"valueName":"search_term_string"}}],"inLanguage":"es"}]}},"_links":{"self":[{"href":"https:\/\/tecnodiabetes.ai2.upv.es\/index.php\/wp-json\/wp\/v2\/pages\/2888","targetHints":{"allow":["GET"]}}],"collection":[{"href":"https:\/\/tecnodiabetes.ai2.upv.es\/index.php\/wp-json\/wp\/v2\/pages"}],"about":[{"href":"https:\/\/tecnodiabetes.ai2.upv.es\/index.php\/wp-json\/wp\/v2\/types\/page"}],"author":[{"embeddable":true,"href":"https:\/\/tecnodiabetes.ai2.upv.es\/index.php\/wp-json\/wp\/v2\/users\/1"}],"replies":[{"embeddable":true,"href":"https:\/\/tecnodiabetes.ai2.upv.es\/index.php\/wp-json\/wp\/v2\/comments?post=2888"}],"version-history":[{"count":2,"href":"https:\/\/tecnodiabetes.ai2.upv.es\/index.php\/wp-json\/wp\/v2\/pages\/2888\/revisions"}],"predecessor-version":[{"id":2893,"href":"https:\/\/tecnodiabetes.ai2.upv.es\/index.php\/wp-json\/wp\/v2\/pages\/2888\/revisions\/2893"}],"wp:attachment":[{"href":"https:\/\/tecnodiabetes.ai2.upv.es\/index.php\/wp-json\/wp\/v2\/media?parent=2888"}],"curies":[{"name":"wp","href":"https:\/\/api.w.org\/{rel}","templated":true}]}}