{"id":2877,"date":"2023-01-20T16:39:01","date_gmt":"2023-01-20T15:39:01","guid":{"rendered":"https:\/\/tecnodiabetes.ai2.upv.es\/?page_id=2877"},"modified":"2025-06-17T13:53:17","modified_gmt":"2025-06-17T11:53:17","slug":"flex-ap","status":"publish","type":"page","link":"https:\/\/tecnodiabetes.ai2.upv.es\/index.php\/flex-ap\/?lang=en","title":{"rendered":"FLEX-AP"},"content":{"rendered":"<p>[et_pb_section fb_built=\u00bb1&#8243; fullwidth=\u00bbon\u00bb custom_padding_last_edited=\u00bbon|desktop\u00bb admin_label=\u00bbSecci\u00f3n\u00bb _builder_version=\u00bb4.16&#8243; background_color=\u00bb#f15d2f\u00bb custom_padding=\u00bb30px|||\u00bb custom_padding_tablet=\u00bb50px|0|50px|0&#8243; custom_padding_phone=\u00bb50px|0|50px|0&#8243; transparent_background=\u00bboff\u00bb padding_mobile=\u00bboff\u00bb make_fullwidth=\u00bboff\u00bb use_custom_width=\u00bboff\u00bb width_unit=\u00bbon\u00bb custom_width_px=\u00bb1080px\u00bb custom_width_percent=\u00bb80%\u00bb global_colors_info=\u00bb{}\u00bb][et_pb_fullwidth_code admin_label=\u00bbC\u00f3digo de anchura completa\u00bb _builder_version=\u00bb4.16&#8243; global_colors_info=\u00bb{}\u00bb].[\/et_pb_fullwidth_code][\/et_pb_section][et_pb_section fb_built=\u00bb1&#8243; custom_padding_last_edited=\u00bbon|desktop\u00bb admin_label=\u00bbSecci\u00f3n\u00bb _builder_version=\u00bb4.16&#8243; custom_padding=\u00bb54px|0px|0px|0px\u00bb custom_padding_tablet=\u00bb50px|0|50px|0&#8243; custom_padding_phone=\u00bb50px|0|50px|0&#8243; transparent_background=\u00bboff\u00bb padding_mobile=\u00bboff\u00bb make_fullwidth=\u00bboff\u00bb use_custom_width=\u00bboff\u00bb width_unit=\u00bboff\u00bb custom_width_px=\u00bb1080px\u00bb custom_width_percent=\u00bb80%\u00bb global_colors_info=\u00bb{}\u00bb][et_pb_row padding_mobile=\u00bboff\u00bb column_padding_mobile=\u00bbon\u00bb admin_label=\u00bbrow\u00bb _builder_version=\u00bb4.16&#8243; background_size=\u00bbinitial\u00bb background_position=\u00bbtop_left\u00bb background_repeat=\u00bbrepeat\u00bb make_fullwidth=\u00bboff\u00bb use_custom_width=\u00bboff\u00bb width_unit=\u00bboff\u00bb custom_width_px=\u00bb1080px\u00bb custom_width_percent=\u00bb80%\u00bb global_colors_info=\u00bb{}\u00bb][et_pb_column type=\u00bb4_4&#8243; _builder_version=\u00bb4.16&#8243; custom_padding=\u00bb|||\u00bb global_colors_info=\u00bb{}\u00bb custom_padding__hover=\u00bb|||\u00bb][et_pb_text admin_label=\u00bbTexto\u00bb _builder_version=\u00bb4.19.0&#8243; background_size=\u00bbinitial\u00bb background_position=\u00bbtop_left\u00bb background_repeat=\u00bbrepeat\u00bb text_orientation=\u00bbcenter\u00bb module_alignment=\u00bbcenter\u00bb use_border_color=\u00bboff\u00bb border_color=\u00bb#ffffff\u00bb border_style=\u00bbsolid\u00bb inline_fonts=\u00bbMontserrat\u00bb global_colors_info=\u00bb{}\u00bb]<\/p>\n<h4><span style=\"font-family: Montserrat; color: #999999;\">PROJECTS<\/span><\/h4>\n<h3>FLEX-AP<\/h3>\n<p><span style=\"font-size: x-large;\"><span style=\"font-family: Montserrat; font-size: large;\">BEYOND HYBRID ARTIFICIAL PANCREAS SYSTEMS: RELIEVING CARB COUNTING VIA FLEXIBLE-USER-INTERACTION MULTIPLE-INPUT CONTROL ARCHITECTURES (FLEX-AP)<\/span><\/span><\/p>\n<p>[\/et_pb_text][\/et_pb_column][\/et_pb_row][et_pb_row column_structure=\u00bb1_2,1_2&#8243; padding_mobile=\u00bboff\u00bb column_padding_mobile=\u00bbon\u00bb admin_label=\u00bbFila\u00bb _builder_version=\u00bb4.16&#8243; background_size=\u00bbinitial\u00bb background_position=\u00bbtop_left\u00bb background_repeat=\u00bbrepeat\u00bb make_fullwidth=\u00bboff\u00bb use_custom_width=\u00bboff\u00bb width_unit=\u00bboff\u00bb custom_width_px=\u00bb1080px\u00bb custom_width_percent=\u00bb80%\u00bb global_colors_info=\u00bb{}\u00bb][et_pb_column type=\u00bb1_2&#8243; _builder_version=\u00bb4.19.0&#8243; _module_preset=\u00bbdefault\u00bb global_colors_info=\u00bb{}\u00bb][et_pb_image src=\u00bbhttps:\/\/tecnodiabetes.ai2.upv.es\/wp-content\/uploads\/2023\/01\/mobile-patch.png\u00bb alt=\u00bbMobile patch\u00bb title_text=\u00bbMobile patch\u00bb _builder_version=\u00bb4.19.0&#8243; _module_preset=\u00bbdefault\u00bb global_colors_info=\u00bb{}\u00bb][\/et_pb_image][\/et_pb_column][et_pb_column type=\u00bb1_2&#8243; _builder_version=\u00bb4.16&#8243; custom_padding=\u00bb|||\u00bb global_colors_info=\u00bb{}\u00bb custom_padding__hover=\u00bb|||\u00bb][et_pb_text admin_label=\u00bbTexto\u00bb _builder_version=\u00bb4.19.0&#8243; background_size=\u00bbinitial\u00bb background_position=\u00bbtop_left\u00bb background_repeat=\u00bbrepeat\u00bb use_border_color=\u00bboff\u00bb border_color=\u00bb#ffffff\u00bb border_style=\u00bbsolid\u00bb global_colors_info=\u00bb{}\u00bb]<\/p>\n<h4>Administrative data<\/h4>\n<p><strong><\/strong><\/p>\n<p><strong>Program:<\/strong> Subvenciones 2022 programa Prometeo para grupos de investigaci\u00f3n de excelencia.<strong><br \/>Project reference: <\/strong>CIPROM\/2021\/012<br \/><strong>Title:<\/strong> Beyond hybrid artificial pancreas systems: relieving carb counting via flexible-user-interaction multiple-input control architectures (FLEX-AP)<br \/><strong>Participating centers:<\/strong> Universitat Polit\u00e8cnica de Val\u00e8ncia<br \/><strong>Principal investigator:<\/strong> Jorge Bondia<br \/><strong>Funded by:<\/strong> Generalitat Valenciana, Conselleria d&#8217;Educaci\u00f3, Cultura, Universitats i Ocupaci\u00f3<br \/><strong>Duration:<\/strong> 01\/01\/2022- 31\/12\/2025<br \/><strong>Funding awarded:<\/strong> \u20ac564,140.54<\/p>\n<p>[\/et_pb_text][\/et_pb_column][\/et_pb_row][et_pb_row padding_mobile=\u00bboff\u00bb column_padding_mobile=\u00bbon\u00bb admin_label=\u00bbFila\u00bb _builder_version=\u00bb4.16&#8243; background_size=\u00bbinitial\u00bb background_position=\u00bbtop_left\u00bb background_repeat=\u00bbrepeat\u00bb custom_padding=\u00bb27px|0px|0px|0px\u00bb make_fullwidth=\u00bboff\u00bb use_custom_width=\u00bboff\u00bb width_unit=\u00bboff\u00bb custom_width_px=\u00bb1080px\u00bb custom_width_percent=\u00bb80%\u00bb global_colors_info=\u00bb{}\u00bb][et_pb_column type=\u00bb4_4&#8243; _builder_version=\u00bb4.16&#8243; custom_padding=\u00bb|||\u00bb global_colors_info=\u00bb{}\u00bb custom_padding__hover=\u00bb|||\u00bb][et_pb_text admin_label=\u00bbTexto\u00bb _builder_version=\u00bb4.27.4&#8243; background_size=\u00bbinitial\u00bb background_position=\u00bbtop_left\u00bb background_repeat=\u00bbrepeat\u00bb use_border_color=\u00bboff\u00bb border_style=\u00bbsolid\u00bb global_colors_info=\u00bb{}\u00bb]<\/p>\n<h4>Summary of the project<\/h4>\n<p>There is a need to leverage improvement of glycemic control and user experience for the wide adoption of artificial pancreas technology in type 1 diabetes. A major challenge in this sense is meal control, with large glycemic impact and yet too burdensome for patients in current hybrid artificial pancreas systems due to carb counting. Consideration of human factors into a system&#8217;s design is of paramount importance for a successful technology adoption, since expectations and needs differ from patient to patient. \u00abPerceived usefulness\u00bb and \u00abperceived ease of use\u00bb by the patient yields to its behavioral intention to use the device. Systems designed to admit flexible user interactions at meals, with minimum loss of performance in the absence of meal announcement when compared to current hybrid systems, are needed. Insulin-pramlintide systems are identified as expected major players to achieve this objective.<\/p>\n<p>The starting hypothesis of this project is that parallel multiple-input control architectures offer the required flexibility to accommodate to different levels of user interaction at meals without detriment of glycemic control, which may involve additional control actions with important constraints due to side effects such as pramlintide, analogously to glucagon. The overall goal of this project is to develop such new postprandial control strategies for an artificial pancreas with flexible user interactions at mealtime to maximize perceived usefulness and ease of use by patients. Clinical evaluation will be performed through mixed meal in-hospital and free-living ambulatory studies to analyze postprandial performance and system usability of developments with most immediate clinical translation. In particular, these studies will challenge the system with announced\/unannounced meals, and meals with different nutritional composition.<\/p>\n<p>[\/et_pb_text][\/et_pb_column][\/et_pb_row][et_pb_row padding_mobile=\u00bboff\u00bb column_padding_mobile=\u00bbon\u00bb admin_label=\u00bbrow\u00bb _builder_version=\u00bb4.16&#8243; background_size=\u00bbinitial\u00bb background_position=\u00bbtop_left\u00bb background_repeat=\u00bbrepeat\u00bb custom_padding=\u00bb27px|0px|15px|0px\u00bb make_fullwidth=\u00bboff\u00bb use_custom_width=\u00bboff\u00bb width_unit=\u00bboff\u00bb custom_width_px=\u00bb1080px\u00bb custom_width_percent=\u00bb80%\u00bb global_colors_info=\u00bb{}\u00bb][et_pb_column type=\u00bb4_4&#8243; _builder_version=\u00bb4.16&#8243; custom_padding=\u00bb|||\u00bb global_colors_info=\u00bb{}\u00bb custom_padding__hover=\u00bb|||\u00bb][et_pb_text admin_label=\u00bbTexto\u00bb _builder_version=\u00bb4.16&#8243; background_size=\u00bbinitial\u00bb background_position=\u00bbtop_left\u00bb background_repeat=\u00bbrepeat\u00bb use_border_color=\u00bboff\u00bb border_style=\u00bbsolid\u00bb global_colors_info=\u00bb{}\u00bb]<\/p>\n<h4>People<\/h4>\n<p>[\/et_pb_text][\/et_pb_column][\/et_pb_row][et_pb_row column_structure=\u00bb1_3,1_3,1_3&#8243; padding_mobile=\u00bboff\u00bb column_padding_mobile=\u00bbon\u00bb admin_label=\u00bbrow\u00bb _builder_version=\u00bb4.16&#8243; background_size=\u00bbinitial\u00bb background_position=\u00bbtop_left\u00bb background_repeat=\u00bbrepeat\u00bb custom_padding=\u00bb0px|0px|22.1094px|0px\u00bb make_fullwidth=\u00bboff\u00bb use_custom_width=\u00bboff\u00bb width_unit=\u00bboff\u00bb custom_width_px=\u00bb1080px\u00bb custom_width_percent=\u00bb80%\u00bb global_colors_info=\u00bb{}\u00bb][et_pb_column type=\u00bb1_3&#8243; _builder_version=\u00bb4.16&#8243; custom_padding=\u00bb|||\u00bb global_colors_info=\u00bb{}\u00bb custom_padding__hover=\u00bb|||\u00bb][et_pb_text admin_label=\u00bbTexto\u00bb _builder_version=\u00bb4.27.4&#8243; background_size=\u00bbinitial\u00bb background_position=\u00bbtop_left\u00bb background_repeat=\u00bbrepeat\u00bb hover_enabled=\u00bb0&#8243; use_border_color=\u00bboff\u00bb border_style=\u00bbsolid\u00bb global_colors_info=\u00bb{}\u00bb sticky_enabled=\u00bb0&#8243;]<\/p>\n<h6>Universitat Polit\u00e9cnica de Val\u00e8ncia<\/h6>\n<ul>\n<li>Jorge Bondia (coordinador)<\/li>\n<li>Jos\u00e9 Luis D\u00edez<\/li>\n<li>Pedro Garc\u00eda<\/li>\n<li>Sergio Romero<\/li>\n<li>Beatriz Ricarte<\/li>\n<li>Juan Fernando Mart\u00edn (Personal doctor)<\/li>\n<li>Ricardo Sanz (Personal doctor)<\/li>\n<li>Alejandro J. Laguna (Personal doctor)<\/li>\n<li>Iv\u00e1n Sala (Personal doctor)<\/li>\n<li>Clara Furi\u00f3 (Personal doctor)<\/li>\n<li>Mario Mart\u00ednez (Personal investigador de car\u00e1cter predoctoral)<\/li>\n<li>Pablo Rodr\u00edguez-Bobada (Personal investigador de car\u00e1cter predoctoral)<\/li>\n<\/ul>\n<p>[\/et_pb_text][\/et_pb_column][et_pb_column type=\u00bb1_3&#8243; _builder_version=\u00bb4.16&#8243; custom_padding=\u00bb|||\u00bb global_colors_info=\u00bb{}\u00bb custom_padding__hover=\u00bb|||\u00bb][et_pb_text admin_label=\u00bbTexto\u00bb _builder_version=\u00bb4.19.0&#8243; background_size=\u00bbinitial\u00bb background_position=\u00bbtop_left\u00bb background_repeat=\u00bbrepeat\u00bb text_orientation=\u00bbjustified\u00bb use_border_color=\u00bboff\u00bb border_style=\u00bbsolid\u00bb global_colors_info=\u00bb{}\u00bb]<\/p>\n<h6>Hospital Cl\u00ednico Universitario de Valencia<\/h6>\n<ul>\n<li>Francisco Javier Ampudia<\/li>\n<\/ul>\n<ul><\/ul>\n<p>[\/et_pb_text][\/et_pb_column][et_pb_column type=\u00bb1_3&#8243; _builder_version=\u00bb4.16&#8243; custom_padding=\u00bb|||\u00bb global_colors_info=\u00bb{}\u00bb custom_padding__hover=\u00bb|||\u00bb][\/et_pb_column][\/et_pb_row][\/et_pb_section][et_pb_section fb_built=\u00bb1&#8243; _builder_version=\u00bb4.19.0&#8243; _module_preset=\u00bbdefault\u00bb global_colors_info=\u00bb{}\u00bb][et_pb_row column_structure=\u00bb1_3,1_3,1_3&#8243; _builder_version=\u00bb4.19.0&#8243; _module_preset=\u00bbdefault\u00bb global_colors_info=\u00bb{}\u00bb][et_pb_column type=\u00bb1_3&#8243; _builder_version=\u00bb4.19.0&#8243; _module_preset=\u00bbdefault\u00bb global_colors_info=\u00bb{}\u00bb][\/et_pb_column][et_pb_column type=\u00bb1_3&#8243; _builder_version=\u00bb4.19.0&#8243; _module_preset=\u00bbdefault\u00bb global_colors_info=\u00bb{}\u00bb][et_pb_image src=\u00bbhttps:\/\/tecnodiabetes.ai2.upv.es\/wp-content\/uploads\/2025\/06\/conselleria.png\u00bb alt=\u00bbConselleria d&#8217;Educaci\u00f3, Cultura, Universitats i Ocupaci\u00f3\u00bb title_text=\u00bbconselleria\u00bb _builder_version=\u00bb4.27.4&#8243; _module_preset=\u00bbdefault\u00bb global_colors_info=\u00bb{}\u00bb][\/et_pb_image][\/et_pb_column][et_pb_column type=\u00bb1_3&#8243; _builder_version=\u00bb4.19.0&#8243; _module_preset=\u00bbdefault\u00bb global_colors_info=\u00bb{}\u00bb][\/et_pb_column][\/et_pb_row][\/et_pb_section]<\/p>\n","protected":false},"excerpt":{"rendered":"<p>PROJECTS FLEX-AP BEYOND HYBRID ARTIFICIAL PANCREAS SYSTEMS: RELIEVING CARB COUNTING VIA FLEXIBLE-USER-INTERACTION MULTIPLE-INPUT CONTROL ARCHITECTURES (FLEX-AP)Administrative data Program: Subvenciones 2022 programa Prometeo para grupos de investigaci\u00f3n de excelencia.Project reference: CIPROM\/2021\/012Title: Beyond hybrid artificial pancreas systems: relieving carb counting via flexible-user-interaction multiple-input control architectures (FLEX-AP)Participating centers: Universitat Polit\u00e8cnica de Val\u00e8nciaPrincipal investigator: Jorge BondiaFunded by: Generalitat Valenciana, [&hellip;]<\/p>\n","protected":false},"author":1,"featured_media":0,"parent":0,"menu_order":0,"comment_status":"closed","ping_status":"closed","template":"","meta":{"_et_pb_use_builder":"on","_et_pb_old_content":"","_et_gb_content_width":"","inline_featured_image":false,"footnotes":""},"class_list":["post-2877","page","type-page","status-publish","hentry"],"yoast_head":"<!-- This site is optimized with the Yoast SEO plugin v27.6 - https:\/\/yoast.com\/product\/yoast-seo-wordpress\/ -->\n<title>FLEX-AP - Tecnodiabetes<\/title>\n<meta name=\"description\" content=\"diabetes, tecnolog\u00eda, investigaci\u00f3n, innovaci\u00f3n, diabetes tipo 1, diabetes tipo 2, p\u00e1ncreas artificial, bomba de insulina, monitor continuo de glucosa, glucosa, insulina, educaci\u00f3n diabetes, simulador diabetes, robot diabetes, CSII, MDI, SAP, CGM, type 1 diabetes, type 2 diabetes, artificial pancreas, insulin pump, continuous glucose monitor, glucose, insulin, diabetes education, diabetes simulator\" \/>\n<meta name=\"robots\" content=\"index, follow, max-snippet:-1, max-image-preview:large, max-video-preview:-1\" \/>\n<link rel=\"canonical\" href=\"https:\/\/tecnodiabetes.ai2.upv.es\/index.php\/flex-ap\/?lang=en\" \/>\n<meta property=\"og:locale\" content=\"es_ES\" \/>\n<meta property=\"og:type\" content=\"article\" \/>\n<meta property=\"og:title\" content=\"FLEX-AP - Tecnodiabetes\" \/>\n<meta property=\"og:description\" content=\"diabetes, tecnolog\u00eda, investigaci\u00f3n, innovaci\u00f3n, diabetes tipo 1, diabetes tipo 2, p\u00e1ncreas artificial, bomba de insulina, monitor continuo de glucosa, glucosa, insulina, educaci\u00f3n diabetes, simulador diabetes, robot diabetes, CSII, MDI, SAP, CGM, type 1 diabetes, type 2 diabetes, artificial pancreas, insulin pump, continuous glucose monitor, glucose, insulin, diabetes education, diabetes simulator\" \/>\n<meta property=\"og:url\" content=\"https:\/\/tecnodiabetes.ai2.upv.es\/index.php\/flex-ap\/?lang=en\" \/>\n<meta property=\"og:site_name\" content=\"Tecnodiabetes\" \/>\n<meta property=\"article:publisher\" content=\"https:\/\/www.facebook.com\/Tecnodiabetes-1788690764738148\/\" \/>\n<meta property=\"article:modified_time\" content=\"2025-06-17T11:53:17+00:00\" \/>\n<meta name=\"twitter:card\" content=\"summary_large_image\" \/>\n<meta name=\"twitter:site\" content=\"@tecnodiabetes\" \/>\n<meta name=\"twitter:label1\" content=\"Tiempo de lectura\" \/>\n\t<meta name=\"twitter:data1\" content=\"4 minutos\" \/>\n<script type=\"application\/ld+json\" class=\"yoast-schema-graph\">{\"@context\":\"https:\\\/\\\/schema.org\",\"@graph\":[{\"@type\":\"WebPage\",\"@id\":\"https:\\\/\\\/tecnodiabetes.ai2.upv.es\\\/index.php\\\/flex-ap\\\/?lang=en\",\"url\":\"https:\\\/\\\/tecnodiabetes.ai2.upv.es\\\/index.php\\\/flex-ap\\\/?lang=en\",\"name\":\"FLEX-AP - Tecnodiabetes\",\"isPartOf\":{\"@id\":\"https:\\\/\\\/tecnodiabetes.ai2.upv.es\\\/#website\"},\"datePublished\":\"2023-01-20T15:39:01+00:00\",\"dateModified\":\"2025-06-17T11:53:17+00:00\",\"description\":\"diabetes, tecnolog\u00eda, investigaci\u00f3n, innovaci\u00f3n, diabetes tipo 1, diabetes tipo 2, p\u00e1ncreas artificial, bomba de insulina, monitor continuo de glucosa, glucosa, insulina, educaci\u00f3n diabetes, simulador diabetes, robot diabetes, CSII, MDI, SAP, CGM, type 1 diabetes, type 2 diabetes, artificial pancreas, insulin pump, continuous glucose monitor, glucose, insulin, diabetes education, diabetes simulator\",\"breadcrumb\":{\"@id\":\"https:\\\/\\\/tecnodiabetes.ai2.upv.es\\\/index.php\\\/flex-ap\\\/?lang=en#breadcrumb\"},\"inLanguage\":\"es\",\"potentialAction\":[{\"@type\":\"ReadAction\",\"target\":[\"https:\\\/\\\/tecnodiabetes.ai2.upv.es\\\/index.php\\\/flex-ap\\\/?lang=en\"]}]},{\"@type\":\"BreadcrumbList\",\"@id\":\"https:\\\/\\\/tecnodiabetes.ai2.upv.es\\\/index.php\\\/flex-ap\\\/?lang=en#breadcrumb\",\"itemListElement\":[{\"@type\":\"ListItem\",\"position\":1,\"name\":\"Portada\",\"item\":\"https:\\\/\\\/tecnodiabetes.ai2.upv.es\\\/\"},{\"@type\":\"ListItem\",\"position\":2,\"name\":\"FLEX-AP\"}]},{\"@type\":\"WebSite\",\"@id\":\"https:\\\/\\\/tecnodiabetes.ai2.upv.es\\\/#website\",\"url\":\"https:\\\/\\\/tecnodiabetes.ai2.upv.es\\\/\",\"name\":\"Tecnodiabetes\",\"description\":\"Divulgaci\u00f3n Cient\u00edfica sobre Diabetes\",\"potentialAction\":[{\"@type\":\"SearchAction\",\"target\":{\"@type\":\"EntryPoint\",\"urlTemplate\":\"https:\\\/\\\/tecnodiabetes.ai2.upv.es\\\/?s={search_term_string}\"},\"query-input\":{\"@type\":\"PropertyValueSpecification\",\"valueRequired\":true,\"valueName\":\"search_term_string\"}}],\"inLanguage\":\"es\"}]}<\/script>\n<!-- \/ Yoast SEO plugin. -->","yoast_head_json":{"title":"FLEX-AP - Tecnodiabetes","description":"diabetes, tecnolog\u00eda, investigaci\u00f3n, innovaci\u00f3n, diabetes tipo 1, diabetes tipo 2, p\u00e1ncreas artificial, bomba de insulina, monitor continuo de glucosa, glucosa, insulina, educaci\u00f3n diabetes, simulador diabetes, robot diabetes, CSII, MDI, SAP, CGM, type 1 diabetes, type 2 diabetes, artificial pancreas, insulin pump, continuous glucose monitor, glucose, insulin, diabetes education, diabetes simulator","robots":{"index":"index","follow":"follow","max-snippet":"max-snippet:-1","max-image-preview":"max-image-preview:large","max-video-preview":"max-video-preview:-1"},"canonical":"https:\/\/tecnodiabetes.ai2.upv.es\/index.php\/flex-ap\/?lang=en","og_locale":"es_ES","og_type":"article","og_title":"FLEX-AP - Tecnodiabetes","og_description":"diabetes, tecnolog\u00eda, investigaci\u00f3n, innovaci\u00f3n, diabetes tipo 1, diabetes tipo 2, p\u00e1ncreas artificial, bomba de insulina, monitor continuo de glucosa, glucosa, insulina, educaci\u00f3n diabetes, simulador diabetes, robot diabetes, CSII, MDI, SAP, CGM, type 1 diabetes, type 2 diabetes, artificial pancreas, insulin pump, continuous glucose monitor, glucose, insulin, diabetes education, diabetes simulator","og_url":"https:\/\/tecnodiabetes.ai2.upv.es\/index.php\/flex-ap\/?lang=en","og_site_name":"Tecnodiabetes","article_publisher":"https:\/\/www.facebook.com\/Tecnodiabetes-1788690764738148\/","article_modified_time":"2025-06-17T11:53:17+00:00","twitter_card":"summary_large_image","twitter_site":"@tecnodiabetes","twitter_misc":{"Tiempo de lectura":"4 minutos"},"schema":{"@context":"https:\/\/schema.org","@graph":[{"@type":"WebPage","@id":"https:\/\/tecnodiabetes.ai2.upv.es\/index.php\/flex-ap\/?lang=en","url":"https:\/\/tecnodiabetes.ai2.upv.es\/index.php\/flex-ap\/?lang=en","name":"FLEX-AP - Tecnodiabetes","isPartOf":{"@id":"https:\/\/tecnodiabetes.ai2.upv.es\/#website"},"datePublished":"2023-01-20T15:39:01+00:00","dateModified":"2025-06-17T11:53:17+00:00","description":"diabetes, tecnolog\u00eda, investigaci\u00f3n, innovaci\u00f3n, diabetes tipo 1, diabetes tipo 2, p\u00e1ncreas artificial, bomba de insulina, monitor continuo de glucosa, glucosa, insulina, educaci\u00f3n diabetes, simulador diabetes, robot diabetes, CSII, MDI, SAP, CGM, type 1 diabetes, type 2 diabetes, artificial pancreas, insulin pump, continuous glucose monitor, glucose, insulin, diabetes education, diabetes simulator","breadcrumb":{"@id":"https:\/\/tecnodiabetes.ai2.upv.es\/index.php\/flex-ap\/?lang=en#breadcrumb"},"inLanguage":"es","potentialAction":[{"@type":"ReadAction","target":["https:\/\/tecnodiabetes.ai2.upv.es\/index.php\/flex-ap\/?lang=en"]}]},{"@type":"BreadcrumbList","@id":"https:\/\/tecnodiabetes.ai2.upv.es\/index.php\/flex-ap\/?lang=en#breadcrumb","itemListElement":[{"@type":"ListItem","position":1,"name":"Portada","item":"https:\/\/tecnodiabetes.ai2.upv.es\/"},{"@type":"ListItem","position":2,"name":"FLEX-AP"}]},{"@type":"WebSite","@id":"https:\/\/tecnodiabetes.ai2.upv.es\/#website","url":"https:\/\/tecnodiabetes.ai2.upv.es\/","name":"Tecnodiabetes","description":"Divulgaci\u00f3n Cient\u00edfica sobre Diabetes","potentialAction":[{"@type":"SearchAction","target":{"@type":"EntryPoint","urlTemplate":"https:\/\/tecnodiabetes.ai2.upv.es\/?s={search_term_string}"},"query-input":{"@type":"PropertyValueSpecification","valueRequired":true,"valueName":"search_term_string"}}],"inLanguage":"es"}]}},"_links":{"self":[{"href":"https:\/\/tecnodiabetes.ai2.upv.es\/index.php\/wp-json\/wp\/v2\/pages\/2877","targetHints":{"allow":["GET"]}}],"collection":[{"href":"https:\/\/tecnodiabetes.ai2.upv.es\/index.php\/wp-json\/wp\/v2\/pages"}],"about":[{"href":"https:\/\/tecnodiabetes.ai2.upv.es\/index.php\/wp-json\/wp\/v2\/types\/page"}],"author":[{"embeddable":true,"href":"https:\/\/tecnodiabetes.ai2.upv.es\/index.php\/wp-json\/wp\/v2\/users\/1"}],"replies":[{"embeddable":true,"href":"https:\/\/tecnodiabetes.ai2.upv.es\/index.php\/wp-json\/wp\/v2\/comments?post=2877"}],"version-history":[{"count":14,"href":"https:\/\/tecnodiabetes.ai2.upv.es\/index.php\/wp-json\/wp\/v2\/pages\/2877\/revisions"}],"predecessor-version":[{"id":3389,"href":"https:\/\/tecnodiabetes.ai2.upv.es\/index.php\/wp-json\/wp\/v2\/pages\/2877\/revisions\/3389"}],"wp:attachment":[{"href":"https:\/\/tecnodiabetes.ai2.upv.es\/index.php\/wp-json\/wp\/v2\/media?parent=2877"}],"curies":[{"name":"wp","href":"https:\/\/api.w.org\/{rel}","templated":true}]}}