{"id":2857,"date":"2023-01-10T17:16:33","date_gmt":"2023-01-10T16:16:33","guid":{"rendered":"https:\/\/tecnodiabetes.ai2.upv.es\/?page_id=2857"},"modified":"2023-01-20T16:46:38","modified_gmt":"2023-01-20T15:46:38","slug":"leap","status":"publish","type":"page","link":"https:\/\/tecnodiabetes.ai2.upv.es\/index.php\/leap\/","title":{"rendered":"Leap"},"content":{"rendered":"<p>[et_pb_section fb_built=\u00bb1&#8243; fullwidth=\u00bbon\u00bb custom_padding_last_edited=\u00bbon|desktop\u00bb admin_label=\u00bbSecci\u00f3n\u00bb _builder_version=\u00bb4.16&#8243; background_color=\u00bb#f15d2f\u00bb custom_padding=\u00bb30px|||\u00bb custom_padding_tablet=\u00bb50px|0|50px|0&#8243; custom_padding_phone=\u00bb50px|0|50px|0&#8243; transparent_background=\u00bboff\u00bb padding_mobile=\u00bboff\u00bb make_fullwidth=\u00bboff\u00bb use_custom_width=\u00bboff\u00bb width_unit=\u00bbon\u00bb custom_width_px=\u00bb1080px\u00bb custom_width_percent=\u00bb80%\u00bb global_colors_info=\u00bb{}\u00bb][et_pb_fullwidth_code admin_label=\u00bbC\u00f3digo de anchura completa\u00bb _builder_version=\u00bb4.16&#8243; global_colors_info=\u00bb{}\u00bb].[\/et_pb_fullwidth_code][\/et_pb_section][et_pb_section fb_built=\u00bb1&#8243; custom_padding_last_edited=\u00bbon|desktop\u00bb admin_label=\u00bbSecci\u00f3n\u00bb _builder_version=\u00bb4.16&#8243; custom_padding=\u00bb54px|0px|0px|0px\u00bb custom_padding_tablet=\u00bb50px|0|50px|0&#8243; custom_padding_phone=\u00bb50px|0|50px|0&#8243; transparent_background=\u00bboff\u00bb padding_mobile=\u00bboff\u00bb make_fullwidth=\u00bboff\u00bb use_custom_width=\u00bboff\u00bb width_unit=\u00bboff\u00bb custom_width_px=\u00bb1080px\u00bb custom_width_percent=\u00bb80%\u00bb global_colors_info=\u00bb{}\u00bb][et_pb_row padding_mobile=\u00bboff\u00bb column_padding_mobile=\u00bbon\u00bb admin_label=\u00bbrow\u00bb _builder_version=\u00bb4.16&#8243; background_size=\u00bbinitial\u00bb background_position=\u00bbtop_left\u00bb background_repeat=\u00bbrepeat\u00bb make_fullwidth=\u00bboff\u00bb use_custom_width=\u00bboff\u00bb width_unit=\u00bboff\u00bb custom_width_px=\u00bb1080px\u00bb custom_width_percent=\u00bb80%\u00bb global_colors_info=\u00bb{}\u00bb][et_pb_column type=\u00bb4_4&#8243; _builder_version=\u00bb4.16&#8243; custom_padding=\u00bb|||\u00bb global_colors_info=\u00bb{}\u00bb custom_padding__hover=\u00bb|||\u00bb][et_pb_text admin_label=\u00bbTexto\u00bb _builder_version=\u00bb4.19.0&#8243; background_size=\u00bbinitial\u00bb background_position=\u00bbtop_left\u00bb background_repeat=\u00bbrepeat\u00bb text_orientation=\u00bbcenter\u00bb module_alignment=\u00bbcenter\u00bb use_border_color=\u00bboff\u00bb border_style=\u00bbsolid\u00bb inline_fonts=\u00bbMontserrat\u00bb global_colors_info=\u00bb{}\u00bb]<\/p>\n<h4><span style=\"font-family: Montserrat; color: #999999;\">PROYECTOS<\/span><\/h4>\n<h3>LEAP<\/h3>\n<p><span style=\"font-family: Montserrat; font-size: large;\">SISTEMAS DE PREDICCI\u00d3N BASADOS EN EL APRENDIZAJE PARA EL APOYO A LAS TERAPIAS INSUL\u00cdNICAS EN DIABETES TIPO 1: DEL LABORATORIO A UN PROTOTIPO DE PRODUCTO<\/span><\/p>\n<p>[\/et_pb_text][\/et_pb_column][\/et_pb_row][et_pb_row column_structure=\u00bb1_2,1_2&#8243; padding_mobile=\u00bboff\u00bb column_padding_mobile=\u00bbon\u00bb admin_label=\u00bbFila\u00bb _builder_version=\u00bb4.16&#8243; background_size=\u00bbinitial\u00bb background_position=\u00bbtop_left\u00bb background_repeat=\u00bbrepeat\u00bb make_fullwidth=\u00bboff\u00bb use_custom_width=\u00bboff\u00bb width_unit=\u00bboff\u00bb custom_width_px=\u00bb1080px\u00bb custom_width_percent=\u00bb80%\u00bb global_colors_info=\u00bb{}\u00bb][et_pb_column type=\u00bb1_2&#8243; _builder_version=\u00bb4.16&#8243; custom_padding=\u00bb|||\u00bb global_colors_info=\u00bb{}\u00bb custom_padding__hover=\u00bb|||\u00bb][et_pb_image src=\u00bbhttps:\/\/tecnodiabetes.ai2.upv.es\/wp-content\/uploads\/2022\/12\/businessman-g716b3a9a8_1920.jpg\u00bb title_text=\u00bbbusinessman-g716b3a9a8_1920&#8243; _builder_version=\u00bb4.19.0&#8243; _module_preset=\u00bbdefault\u00bb global_colors_info=\u00bb{}\u00bb][\/et_pb_image][\/et_pb_column][et_pb_column type=\u00bb1_2&#8243; _builder_version=\u00bb4.16&#8243; custom_padding=\u00bb|||\u00bb global_colors_info=\u00bb{}\u00bb custom_padding__hover=\u00bb|||\u00bb][et_pb_text admin_label=\u00bbTexto\u00bb _builder_version=\u00bb4.19.0&#8243; background_size=\u00bbinitial\u00bb background_position=\u00bbtop_left\u00bb background_repeat=\u00bbrepeat\u00bb hover_enabled=\u00bb0&#8243; use_border_color=\u00bboff\u00bb border_style=\u00bbsolid\u00bb global_colors_info=\u00bb{}\u00bb sticky_enabled=\u00bb0&#8243;]<\/p>\n<h4>Datos administrativos<\/h4>\n<p><strong>Referencia del proyecto:<\/strong> PDC2021-121470-C21<br \/><strong style=\"font-size: 14px;\">T\u00edtulo:<\/strong><span style=\"font-size: 14px;\"> Sistemas de predicci\u00f3n basados en el aprendizaje para el apoyo a las terapias insul\u00ednicas en diabetes tipo 1: del laboratorio a un prototipo de producto \u2013 LEAP<br \/><\/span><strong style=\"font-size: 14px;\">Entidades participantes:<\/strong><span style=\"font-size: 14px;\"> Proyecto coordinado<br \/><\/span><strong style=\"font-size: 14px;\">Subproyecto 1:<\/strong><span style=\"font-size: 14px;\"> Universitat Polit\u00e8cnica de Val\u00e8ncia (coordinador)<br \/><\/span><strong style=\"font-size: 14px;\">Subproyecto 2:<\/strong><span style=\"font-size: 14px;\"> Universitat de Girona<br \/><\/span><strong style=\"font-size: 14px;\">Investigador principal:<\/strong><span style=\"font-size: 14px;\"> Jorge Bondia (coordinador); Josep Veh\u00ed<br \/><strong style=\"font-size: 14px;\">Entidad financiadora:<\/strong><span style=\"font-size: 14px;\"> Agencia Estatal de Investigaci\u00f3n (MCIN\/AEI\/10.13039\/501100011033); Uni\u00f3n Europea Next Generation EU \/ PRTR<br \/><\/span><strong style=\"font-size: 14px;\">Duraci\u00f3n:<\/strong><span style=\"font-size: 14px;\"> 01\/12\/2021 \u2013 30\/11\/2023<br \/><\/span><strong style=\"font-size: 14px;\">Financiaci\u00f3n recibida:<\/strong><span style=\"font-size: 14px;\"> Subproyecto 1: 69.000,00 \u20ac<br \/><\/span><span style=\"font-size: 14px;\">Subproyecto 2: 69.000,00 \u20ac<\/span><\/span><\/p>\n<p>[\/et_pb_text][\/et_pb_column][\/et_pb_row][et_pb_row padding_mobile=\u00bboff\u00bb column_padding_mobile=\u00bbon\u00bb admin_label=\u00bbFila\u00bb _builder_version=\u00bb4.16&#8243; background_size=\u00bbinitial\u00bb background_position=\u00bbtop_left\u00bb background_repeat=\u00bbrepeat\u00bb custom_padding=\u00bb22.1094px|0px|0px|0px\u00bb make_fullwidth=\u00bboff\u00bb use_custom_width=\u00bboff\u00bb width_unit=\u00bboff\u00bb custom_width_px=\u00bb1080px\u00bb custom_width_percent=\u00bb80%\u00bb global_colors_info=\u00bb{}\u00bb][et_pb_column type=\u00bb4_4&#8243; _builder_version=\u00bb4.16&#8243; custom_padding=\u00bb|||\u00bb global_colors_info=\u00bb{}\u00bb custom_padding__hover=\u00bb|||\u00bb][et_pb_text admin_label=\u00bbTexto\u00bb _builder_version=\u00bb4.19.0&#8243; background_size=\u00bbinitial\u00bb background_position=\u00bbtop_left\u00bb background_repeat=\u00bbrepeat\u00bb use_border_color=\u00bboff\u00bb border_style=\u00bbsolid\u00bb global_colors_info=\u00bb{}\u00bb]<\/p>\n<h4>Resumen del proyecto coordinado<\/h4>\n<p>La creciente adopci\u00f3n del uso de la monitorizaci\u00f3n continua de la glucosa (MCG) ofrece una oportunidad de negocio, con una estimaci\u00f3n en 2021 de 4 millones de usuarios en todo el mundo, principalmente en Estados Unidos y Europa. Se espera que el crecimiento contin\u00fae con dos d\u00edgitos m\u00e1s all\u00e1 de 2030, con la expansi\u00f3n de la cobertura para la T2D y los mercados asi\u00e1ticos.<\/p>\n<p>La MCG no s\u00f3lo ha allanado el camino a las actuales bombas avanzadas, como el p\u00e1ncreas artificial, sino tambi\u00e9n a los sistemas de supervisi\u00f3n y apoyo a la toma de decisiones (DSS) dirigidos tambi\u00e9n a los usuarios de m\u00faltiples inyecciones de insulina (MDI), la gran mayor\u00eda de los pacientes.<br \/>Las herramientas para la supervisi\u00f3n de los pacientes y el apoyo a la toma de decisiones son todav\u00eda embrionarias y se necesita mejorar los sistemas para minimizar el riesgo de hipoglucemia. Adem\u00e1s, van por detr\u00e1s de las necesidades de las personas con T1D, ya que est\u00e1n dirigidas principalmente a los usuarios de bombas y\/o requieren una intensa intervenci\u00f3n manual por parte de los pacientes para la recogida de datos en la que se basan los algoritmos, en detrimento de la usabilidad.<br \/>Este proyecto tiene como objetivo avanzar en el TRL de los resultados del equipo de investigaci\u00f3n en el \u00e1mbito de los sistemas de predicci\u00f3n basados en el aprendizaje para apoyar las terapias de insulina en la diabetes tipo 1, abordando tanto las herramientas de aprendizaje autom\u00e1tico para el apoyo a la decisi\u00f3n basada en la predicci\u00f3n (Subproyecto 2 de la Universidad de Girona, UdG) como la predicci\u00f3n de la glucosa sin la recogida manual de datos de entrada (Subproyecto 1 de la Universitat Polit\u00e8cnica de Val\u00e8ncia, UPV).<\/p>\n<p>Como resultado, se construir\u00e1 un prototipo de producto y un demostrador por subproyecto.<br \/>Esta propuesta de proyecto de prueba de concepto proviene del proyecto \u201cSoluciones para la mejora de la eficiencia y la seguridad del p\u00e1ncreas artificial mediante arquitecturas de control multivariable tolerantes a fallos \u2013 <a href=\"\/index.php\/msafe-ap\/\">mSAFE-AP<\/a>\u201d (DPI2016-78831-C2-1-R), compuesto por dos subproyectos de la UPV y la UdG. El proyecto ten\u00eda como objetivo el dise\u00f1o de un p\u00e1ncreas artificial eficiente y seguro en uso normal en vida libre. Como parte de los objetivos, se abord\u00f3 el desarrollo de nuevas herramientas para la supervisi\u00f3n del paciente, incluyendo la clasificaci\u00f3n y detecci\u00f3n de escenarios de vida libre, con el fin de proporcionar un conjunto de herramientas para advertir a un sistema de p\u00e1ncreas artificial sobre los riesgos y mitigar autom\u00e1ticamente sus efectos a trav\u00e9s de la modulaci\u00f3n del algoritmo de control. En este sentido, se abord\u00f3 la ampliaci\u00f3n del concepto de fallo m\u00e1s all\u00e1 de la instrumentaci\u00f3n para incluir los estados metab\u00f3licos an\u00f3malos del paciente y los factores humanos, as\u00ed como el desarrollo de m\u00e9todos avanzados para una mejor predicci\u00f3n de la glucosa y de los riesgos asociados a la dosificaci\u00f3n de insulina. Este objetivo se desarroll\u00f3 en tres tareas que abordaban el desarrollo de clasificadores del estado metab\u00f3lico y del comportamiento del paciente, predictores de glucosa con mayor precisi\u00f3n de predicci\u00f3n para horizontes de predicci\u00f3n m\u00e1s largos y con una m\u00ednima aportaci\u00f3n del usuario, y predictores de riesgo a diferentes escalas temporales basados en t\u00e9cnicas de aprendizaje autom\u00e1tico, dando lugar a los resultados asociados a esta propuesta. El proyecto LEAP acercar\u00e1 estas tecnolog\u00edas al mercado, avanzando en \u00faltima instancia hacia nuevas terapias personalizadas para la diabetes.<\/p>\n<p>[\/et_pb_text][\/et_pb_column][\/et_pb_row][et_pb_row padding_mobile=\u00bboff\u00bb column_padding_mobile=\u00bbon\u00bb admin_label=\u00bbrow\u00bb _builder_version=\u00bb4.16&#8243; background_size=\u00bbinitial\u00bb background_position=\u00bbtop_left\u00bb background_repeat=\u00bbrepeat\u00bb custom_padding=\u00bb27px|0px|15px|0px\u00bb make_fullwidth=\u00bboff\u00bb use_custom_width=\u00bboff\u00bb width_unit=\u00bboff\u00bb custom_width_px=\u00bb1080px\u00bb custom_width_percent=\u00bb80%\u00bb global_colors_info=\u00bb{}\u00bb][et_pb_column type=\u00bb4_4&#8243; _builder_version=\u00bb4.16&#8243; custom_padding=\u00bb|||\u00bb global_colors_info=\u00bb{}\u00bb custom_padding__hover=\u00bb|||\u00bb][et_pb_text admin_label=\u00bbTexto\u00bb _builder_version=\u00bb4.16&#8243; background_size=\u00bbinitial\u00bb background_position=\u00bbtop_left\u00bb background_repeat=\u00bbrepeat\u00bb use_border_color=\u00bboff\u00bb border_style=\u00bbsolid\u00bb global_colors_info=\u00bb{}\u00bb]<\/p>\n<h4>Investigadores<\/h4>\n<p>[\/et_pb_text][\/et_pb_column][\/et_pb_row][et_pb_row column_structure=\u00bb1_3,1_3,1_3&#8243; padding_mobile=\u00bboff\u00bb column_padding_mobile=\u00bbon\u00bb admin_label=\u00bbrow\u00bb _builder_version=\u00bb4.16&#8243; background_size=\u00bbinitial\u00bb background_position=\u00bbtop_left\u00bb background_repeat=\u00bbrepeat\u00bb custom_padding=\u00bb0px|0px|35px|0px\u00bb make_fullwidth=\u00bboff\u00bb use_custom_width=\u00bboff\u00bb width_unit=\u00bboff\u00bb custom_width_px=\u00bb1080px\u00bb custom_width_percent=\u00bb80%\u00bb global_colors_info=\u00bb{}\u00bb][et_pb_column type=\u00bb1_3&#8243; _builder_version=\u00bb4.16&#8243; custom_padding=\u00bb|||\u00bb global_colors_info=\u00bb{}\u00bb custom_padding__hover=\u00bb|||\u00bb][et_pb_text admin_label=\u00bbTexto\u00bb _builder_version=\u00bb4.19.0&#8243; background_size=\u00bbinitial\u00bb background_position=\u00bbtop_left\u00bb background_repeat=\u00bbrepeat\u00bb use_border_color=\u00bboff\u00bb border_style=\u00bbsolid\u00bb global_colors_info=\u00bb{}\u00bb]<\/p>\n<h6>Universitat Polit\u00e8cnica de Val\u00e8ncia<\/h6>\n<ul>\n<li>Jorge Bondia (coordinador)<\/li>\n<li>Jos\u00e9 Luis D\u00edez<\/li>\n<li>Iv\u00e1n Sala<\/li>\n<\/ul>\n<p>[\/et_pb_text][\/et_pb_column][et_pb_column type=\u00bb1_3&#8243; _builder_version=\u00bb4.16&#8243; custom_padding=\u00bb|||\u00bb global_colors_info=\u00bb{}\u00bb custom_padding__hover=\u00bb|||\u00bb][et_pb_text admin_label=\u00bbTexto\u00bb _builder_version=\u00bb4.19.0&#8243; background_size=\u00bbinitial\u00bb background_position=\u00bbtop_left\u00bb background_repeat=\u00bbrepeat\u00bb use_border_color=\u00bboff\u00bb border_style=\u00bbsolid\u00bb global_colors_info=\u00bb{}\u00bb]<\/p>\n<h6>Universitat de Girona<\/h6>\n<ul>\n<li>Josep Veh\u00ed (co-IP)<\/li>\n<li>Aleix Beneyto<\/li>\n<li>Iv\u00e1n Contreras<\/li>\n<\/ul>\n<ul><\/ul>\n<p>[\/et_pb_text][\/et_pb_column][et_pb_column type=\u00bb1_3&#8243; _builder_version=\u00bb4.16&#8243; custom_padding=\u00bb|||\u00bb global_colors_info=\u00bb{}\u00bb custom_padding__hover=\u00bb|||\u00bb][\/et_pb_column][\/et_pb_row][\/et_pb_section][et_pb_section fb_built=\u00bb1&#8243; _builder_version=\u00bb4.19.0&#8243; _module_preset=\u00bbdefault\u00bb global_colors_info=\u00bb{}\u00bb][et_pb_row _builder_version=\u00bb4.19.0&#8243; _module_preset=\u00bbdefault\u00bb global_colors_info=\u00bb{}\u00bb][et_pb_column type=\u00bb4_4&#8243; _builder_version=\u00bb4.19.0&#8243; _module_preset=\u00bbdefault\u00bb global_colors_info=\u00bb{}\u00bb][et_pb_image src=\u00bbhttps:\/\/tecnodiabetes.ai2.upv.es\/wp-content\/uploads\/2022\/12\/micin-financiadoUEnextgeneration-prtr-aei-scaled.jpg\u00bb title_text=\u00bbmicin-financiadoUEnextgeneration-prtr-aei\u00bb _builder_version=\u00bb4.19.0&#8243; _module_preset=\u00bbdefault\u00bb global_colors_info=\u00bb{}\u00bb][\/et_pb_image][\/et_pb_column][\/et_pb_row][\/et_pb_section]<\/p>\n","protected":false},"excerpt":{"rendered":"<p>PROYECTOS LEAP SISTEMAS DE PREDICCI\u00d3N BASADOS EN EL APRENDIZAJE PARA EL APOYO A LAS TERAPIAS INSUL\u00cdNICAS EN DIABETES TIPO 1: DEL LABORATORIO A UN PROTOTIPO DE PRODUCTODatos administrativos Referencia del proyecto: PDC2021-121470-C21T\u00edtulo: Sistemas de predicci\u00f3n basados en el aprendizaje para el apoyo a las terapias insul\u00ednicas en diabetes tipo 1: del laboratorio a un prototipo [&hellip;]<\/p>\n","protected":false},"author":1,"featured_media":0,"parent":0,"menu_order":0,"comment_status":"closed","ping_status":"closed","template":"","meta":{"_et_pb_use_builder":"on","_et_pb_old_content":"","_et_gb_content_width":"","inline_featured_image":false,"footnotes":""},"class_list":["post-2857","page","type-page","status-publish","hentry"],"yoast_head":"<!-- This site is optimized with the Yoast SEO plugin v27.5 - https:\/\/yoast.com\/product\/yoast-seo-wordpress\/ -->\n<title>Leap - Tecnodiabetes<\/title>\n<meta name=\"description\" content=\"diabetes, tecnolog\u00eda, investigaci\u00f3n, innovaci\u00f3n, diabetes tipo 1, diabetes tipo 2, p\u00e1ncreas artificial, bomba de insulina, monitor continuo de glucosa, glucosa, insulina, educaci\u00f3n diabetes, simulador diabetes, robot diabetes, CSII, MDI, SAP, CGM, type 1 diabetes, type 2 diabetes, artificial pancreas, insulin pump, continuous glucose monitor, glucose, insulin, diabetes education, diabetes simulator\" \/>\n<meta name=\"robots\" content=\"index, follow, max-snippet:-1, max-image-preview:large, max-video-preview:-1\" \/>\n<link rel=\"canonical\" href=\"https:\/\/tecnodiabetes.ai2.upv.es\/index.php\/leap\/\" \/>\n<meta property=\"og:locale\" content=\"es_ES\" \/>\n<meta property=\"og:type\" content=\"article\" \/>\n<meta property=\"og:title\" content=\"Leap - Tecnodiabetes\" \/>\n<meta property=\"og:description\" content=\"diabetes, tecnolog\u00eda, investigaci\u00f3n, innovaci\u00f3n, diabetes tipo 1, diabetes tipo 2, p\u00e1ncreas artificial, bomba de insulina, monitor continuo de glucosa, glucosa, insulina, educaci\u00f3n diabetes, simulador diabetes, robot diabetes, CSII, MDI, SAP, CGM, type 1 diabetes, type 2 diabetes, artificial pancreas, insulin pump, continuous glucose monitor, glucose, insulin, diabetes education, diabetes simulator\" \/>\n<meta property=\"og:url\" content=\"https:\/\/tecnodiabetes.ai2.upv.es\/index.php\/leap\/\" \/>\n<meta property=\"og:site_name\" content=\"Tecnodiabetes\" \/>\n<meta property=\"article:publisher\" content=\"https:\/\/www.facebook.com\/Tecnodiabetes-1788690764738148\/\" \/>\n<meta property=\"article:modified_time\" content=\"2023-01-20T15:46:38+00:00\" \/>\n<meta name=\"twitter:card\" content=\"summary_large_image\" \/>\n<meta name=\"twitter:site\" content=\"@tecnodiabetes\" \/>\n<script type=\"application\/ld+json\" class=\"yoast-schema-graph\">{\"@context\":\"https:\\\/\\\/schema.org\",\"@graph\":[{\"@type\":\"WebPage\",\"@id\":\"https:\\\/\\\/tecnodiabetes.ai2.upv.es\\\/index.php\\\/leap\\\/\",\"url\":\"https:\\\/\\\/tecnodiabetes.ai2.upv.es\\\/index.php\\\/leap\\\/\",\"name\":\"Leap - Tecnodiabetes\",\"isPartOf\":{\"@id\":\"https:\\\/\\\/tecnodiabetes.ai2.upv.es\\\/#website\"},\"datePublished\":\"2023-01-10T16:16:33+00:00\",\"dateModified\":\"2023-01-20T15:46:38+00:00\",\"description\":\"diabetes, tecnolog\u00eda, investigaci\u00f3n, innovaci\u00f3n, diabetes tipo 1, diabetes tipo 2, p\u00e1ncreas artificial, bomba de insulina, monitor continuo de glucosa, glucosa, insulina, educaci\u00f3n diabetes, simulador diabetes, robot diabetes, CSII, MDI, SAP, CGM, type 1 diabetes, type 2 diabetes, artificial pancreas, insulin pump, continuous glucose monitor, glucose, insulin, diabetes education, diabetes simulator\",\"breadcrumb\":{\"@id\":\"https:\\\/\\\/tecnodiabetes.ai2.upv.es\\\/index.php\\\/leap\\\/#breadcrumb\"},\"inLanguage\":\"es\",\"potentialAction\":[{\"@type\":\"ReadAction\",\"target\":[\"https:\\\/\\\/tecnodiabetes.ai2.upv.es\\\/index.php\\\/leap\\\/\"]}]},{\"@type\":\"BreadcrumbList\",\"@id\":\"https:\\\/\\\/tecnodiabetes.ai2.upv.es\\\/index.php\\\/leap\\\/#breadcrumb\",\"itemListElement\":[{\"@type\":\"ListItem\",\"position\":1,\"name\":\"Portada\",\"item\":\"https:\\\/\\\/tecnodiabetes.ai2.upv.es\\\/\"},{\"@type\":\"ListItem\",\"position\":2,\"name\":\"Leap\"}]},{\"@type\":\"WebSite\",\"@id\":\"https:\\\/\\\/tecnodiabetes.ai2.upv.es\\\/#website\",\"url\":\"https:\\\/\\\/tecnodiabetes.ai2.upv.es\\\/\",\"name\":\"Tecnodiabetes\",\"description\":\"Divulgaci\u00f3n Cient\u00edfica sobre Diabetes\",\"potentialAction\":[{\"@type\":\"SearchAction\",\"target\":{\"@type\":\"EntryPoint\",\"urlTemplate\":\"https:\\\/\\\/tecnodiabetes.ai2.upv.es\\\/?s={search_term_string}\"},\"query-input\":{\"@type\":\"PropertyValueSpecification\",\"valueRequired\":true,\"valueName\":\"search_term_string\"}}],\"inLanguage\":\"es\"}]}<\/script>\n<!-- \/ Yoast SEO plugin. -->","yoast_head_json":{"title":"Leap - Tecnodiabetes","description":"diabetes, tecnolog\u00eda, investigaci\u00f3n, innovaci\u00f3n, diabetes tipo 1, diabetes tipo 2, p\u00e1ncreas artificial, bomba de insulina, monitor continuo de glucosa, glucosa, insulina, educaci\u00f3n diabetes, simulador diabetes, robot diabetes, CSII, MDI, SAP, CGM, type 1 diabetes, type 2 diabetes, artificial pancreas, insulin pump, continuous glucose monitor, glucose, insulin, diabetes education, diabetes simulator","robots":{"index":"index","follow":"follow","max-snippet":"max-snippet:-1","max-image-preview":"max-image-preview:large","max-video-preview":"max-video-preview:-1"},"canonical":"https:\/\/tecnodiabetes.ai2.upv.es\/index.php\/leap\/","og_locale":"es_ES","og_type":"article","og_title":"Leap - Tecnodiabetes","og_description":"diabetes, tecnolog\u00eda, investigaci\u00f3n, innovaci\u00f3n, diabetes tipo 1, diabetes tipo 2, p\u00e1ncreas artificial, bomba de insulina, monitor continuo de glucosa, glucosa, insulina, educaci\u00f3n diabetes, simulador diabetes, robot diabetes, CSII, MDI, SAP, CGM, type 1 diabetes, type 2 diabetes, artificial pancreas, insulin pump, continuous glucose monitor, glucose, insulin, diabetes education, diabetes simulator","og_url":"https:\/\/tecnodiabetes.ai2.upv.es\/index.php\/leap\/","og_site_name":"Tecnodiabetes","article_publisher":"https:\/\/www.facebook.com\/Tecnodiabetes-1788690764738148\/","article_modified_time":"2023-01-20T15:46:38+00:00","twitter_card":"summary_large_image","twitter_site":"@tecnodiabetes","schema":{"@context":"https:\/\/schema.org","@graph":[{"@type":"WebPage","@id":"https:\/\/tecnodiabetes.ai2.upv.es\/index.php\/leap\/","url":"https:\/\/tecnodiabetes.ai2.upv.es\/index.php\/leap\/","name":"Leap - Tecnodiabetes","isPartOf":{"@id":"https:\/\/tecnodiabetes.ai2.upv.es\/#website"},"datePublished":"2023-01-10T16:16:33+00:00","dateModified":"2023-01-20T15:46:38+00:00","description":"diabetes, tecnolog\u00eda, investigaci\u00f3n, innovaci\u00f3n, diabetes tipo 1, diabetes tipo 2, p\u00e1ncreas artificial, bomba de insulina, monitor continuo de glucosa, glucosa, insulina, educaci\u00f3n diabetes, simulador diabetes, robot diabetes, CSII, MDI, SAP, CGM, type 1 diabetes, type 2 diabetes, artificial pancreas, insulin pump, continuous glucose monitor, glucose, insulin, diabetes education, diabetes simulator","breadcrumb":{"@id":"https:\/\/tecnodiabetes.ai2.upv.es\/index.php\/leap\/#breadcrumb"},"inLanguage":"es","potentialAction":[{"@type":"ReadAction","target":["https:\/\/tecnodiabetes.ai2.upv.es\/index.php\/leap\/"]}]},{"@type":"BreadcrumbList","@id":"https:\/\/tecnodiabetes.ai2.upv.es\/index.php\/leap\/#breadcrumb","itemListElement":[{"@type":"ListItem","position":1,"name":"Portada","item":"https:\/\/tecnodiabetes.ai2.upv.es\/"},{"@type":"ListItem","position":2,"name":"Leap"}]},{"@type":"WebSite","@id":"https:\/\/tecnodiabetes.ai2.upv.es\/#website","url":"https:\/\/tecnodiabetes.ai2.upv.es\/","name":"Tecnodiabetes","description":"Divulgaci\u00f3n Cient\u00edfica sobre Diabetes","potentialAction":[{"@type":"SearchAction","target":{"@type":"EntryPoint","urlTemplate":"https:\/\/tecnodiabetes.ai2.upv.es\/?s={search_term_string}"},"query-input":{"@type":"PropertyValueSpecification","valueRequired":true,"valueName":"search_term_string"}}],"inLanguage":"es"}]}},"_links":{"self":[{"href":"https:\/\/tecnodiabetes.ai2.upv.es\/index.php\/wp-json\/wp\/v2\/pages\/2857","targetHints":{"allow":["GET"]}}],"collection":[{"href":"https:\/\/tecnodiabetes.ai2.upv.es\/index.php\/wp-json\/wp\/v2\/pages"}],"about":[{"href":"https:\/\/tecnodiabetes.ai2.upv.es\/index.php\/wp-json\/wp\/v2\/types\/page"}],"author":[{"embeddable":true,"href":"https:\/\/tecnodiabetes.ai2.upv.es\/index.php\/wp-json\/wp\/v2\/users\/1"}],"replies":[{"embeddable":true,"href":"https:\/\/tecnodiabetes.ai2.upv.es\/index.php\/wp-json\/wp\/v2\/comments?post=2857"}],"version-history":[{"count":6,"href":"https:\/\/tecnodiabetes.ai2.upv.es\/index.php\/wp-json\/wp\/v2\/pages\/2857\/revisions"}],"predecessor-version":[{"id":2883,"href":"https:\/\/tecnodiabetes.ai2.upv.es\/index.php\/wp-json\/wp\/v2\/pages\/2857\/revisions\/2883"}],"wp:attachment":[{"href":"https:\/\/tecnodiabetes.ai2.upv.es\/index.php\/wp-json\/wp\/v2\/media?parent=2857"}],"curies":[{"name":"wp","href":"https:\/\/api.w.org\/{rel}","templated":true}]}}