{"id":2304,"date":"2019-03-13T14:31:23","date_gmt":"2019-03-13T13:31:23","guid":{"rendered":"https:\/\/tecnodiabetes.ai2.upv.es\/?page_id=2304"},"modified":"2019-03-25T22:52:34","modified_gmt":"2019-03-25T21:52:34","slug":"mandanos-tus-consultas","status":"publish","type":"page","link":"https:\/\/tecnodiabetes.ai2.upv.es\/index.php\/mandanos-tus-consultas\/","title":{"rendered":"M\u00e1ndanos tus consultas"},"content":{"rendered":"<p>[et_pb_section fb_built=\u00bb1&#8243; _builder_version=\u00bb3.20.2&#8243; custom_padding=\u00bb4px|0px|0|0px|false|false\u00bb][et_pb_row _builder_version=\u00bb3.20.2&#8243;][et_pb_column type=\u00bb4_4&#8243; _builder_version=\u00bb3.20.2&#8243;][et_pb_text _builder_version=\u00bb3.20.2&#8243;]<\/p>\n<h4 style=\"text-align: center;\"><span style=\"font-family: Montserrat; color: #999999;\">TUS EXPERIENCIAS<\/span><\/h4>\n<h3 style=\"text-align: center;\">Living Lab<\/h3>\n<p>[\/et_pb_text][\/et_pb_column][\/et_pb_row][et_pb_row _builder_version=\u00bb3.20.2&#8243;][et_pb_column type=\u00bb4_4&#8243; _builder_version=\u00bb3.20.2&#8243;][et_pb_image src=\u00bbhttps:\/\/tecnodiabetes.ai2.upv.es\/wp-content\/uploads\/2019\/03\/livinglabai2.jpg\u00bb _builder_version=\u00bb3.20.2&#8243;][\/et_pb_image][\/et_pb_column][\/et_pb_row][\/et_pb_section][et_pb_section fb_built=\u00bb1&#8243; custom_padding_last_edited=\u00bbon|desktop\u00bb admin_label=\u00bbsection\u00bb _builder_version=\u00bb3.0.74&#8243; background_color=\u00bbrgba(242,242,242,0.47)\u00bb custom_padding=\u00bb0|0px|0|0px|false|false\u00bb custom_padding_tablet=\u00bb50px|0|50px|0&#8243; transparent_background=\u00bboff\u00bb][et_pb_row custom_padding=\u00bb3px|0px|0|0px|false|false\u00bb column_padding_mobile=\u00bbon\u00bb admin_label=\u00bbrow\u00bb _builder_version=\u00bb3.0.47&#8243; background_size=\u00bbinitial\u00bb background_position=\u00bbtop_left\u00bb background_repeat=\u00bbrepeat\u00bb][et_pb_column type=\u00bb4_4&#8243; _builder_version=\u00bb3.0.47&#8243;][et_pb_text _builder_version=\u00bb3.0.98&#8243; background_size=\u00bbinitial\u00bb background_position=\u00bbtop_left\u00bb background_repeat=\u00bbrepeat\u00bb use_border_color=\u00bboff\u00bb][\/et_pb_text][et_pb_text _builder_version=\u00bb3.20.2&#8243; background_size=\u00bbinitial\u00bb background_position=\u00bbtop_left\u00bb background_repeat=\u00bbrepeat\u00bb use_border_color=\u00bboff\u00bb border_color=\u00bb#ffffff\u00bb border_style=\u00bbsolid\u00bb]<\/p>\n<h4 style=\"text-align: center;\">M\u00e1ndanos tus consultas<\/h4>\n\n<div class=\"wpcf7 no-js\" id=\"wpcf7-f1147-o1\" lang=\"es-ES\" dir=\"ltr\" data-wpcf7-id=\"1147\">\n<div class=\"screen-reader-response\"><p role=\"status\" aria-live=\"polite\" aria-atomic=\"true\"><\/p> <ul><\/ul><\/div>\n<form action=\"\/index.php\/wp-json\/wp\/v2\/pages\/2304#wpcf7-f1147-o1\" method=\"post\" class=\"wpcf7-form init wpcf7-acceptance-as-validation\" aria-label=\"Formulario de contacto\" novalidate=\"novalidate\" data-status=\"init\">\n<fieldset class=\"hidden-fields-container\"><input type=\"hidden\" name=\"_wpcf7\" value=\"1147\" \/><input type=\"hidden\" name=\"_wpcf7_version\" value=\"6.1.5\" \/><input type=\"hidden\" name=\"_wpcf7_locale\" value=\"es_ES\" \/><input type=\"hidden\" name=\"_wpcf7_unit_tag\" value=\"wpcf7-f1147-o1\" \/><input type=\"hidden\" name=\"_wpcf7_container_post\" value=\"0\" \/><input type=\"hidden\" name=\"_wpcf7_posted_data_hash\" value=\"\" \/><input type=\"hidden\" name=\"_wpcf7_recaptcha_response\" value=\"\" \/>\n<\/fieldset>\n<label> Nombre*\n    <span class=\"wpcf7-form-control-wrap\" data-name=\"your-name\"><input size=\"40\" maxlength=\"400\" class=\"wpcf7-form-control wpcf7-text wpcf7-validates-as-required\" aria-required=\"true\" aria-invalid=\"false\" value=\"\" type=\"text\" name=\"your-name\" \/><\/span> <\/label>\n\n<label> Email*\n    <span class=\"wpcf7-form-control-wrap\" data-name=\"your-email\"><input size=\"40\" maxlength=\"400\" class=\"wpcf7-form-control wpcf7-email wpcf7-validates-as-required wpcf7-text wpcf7-validates-as-email\" aria-required=\"true\" aria-invalid=\"false\" value=\"\" type=\"email\" name=\"your-email\" \/><\/span> <\/label>\n\n<label> Consulta:\n    <span class=\"wpcf7-form-control-wrap\" data-name=\"your-message\"><textarea cols=\"40\" rows=\"10\" maxlength=\"2000\" class=\"wpcf7-form-control wpcf7-textarea\" aria-invalid=\"false\" name=\"your-message\"><\/textarea><\/span> <\/label>\n<span class=\"wpcf7-form-control-wrap\" data-name=\"acceptance-235\"><span class=\"wpcf7-form-control wpcf7-acceptance\"><span class=\"wpcf7-list-item\"><label><input type=\"checkbox\" name=\"acceptance-235\" value=\"1\" aria-invalid=\"false\" \/><span class=\"wpcf7-list-item-label\">Acepto la <a href=\"\/index.php\/legal-notice\/\" target=\"_blank\">Pol\u00edtica de privacidad<\/a><\/span><\/label><\/span><\/span><\/span>\n\n<p><input class=\"wpcf7-form-control wpcf7-submit has-spinner\" type=\"submit\" value=\"Enviar\" \/><\/p><div class=\"wpcf7-response-output\" aria-hidden=\"true\"><\/div>\n<\/form>\n<\/div>\n\n<p>[\/et_pb_text][\/et_pb_column][\/et_pb_row][et_pb_row padding_mobile=\u00bboff\u00bb column_padding_mobile=\u00bbon\u00bb admin_label=\u00bbrow\u00bb _builder_version=\u00bb3.0.47&#8243; background_size=\u00bbinitial\u00bb background_position=\u00bbtop_left\u00bb background_repeat=\u00bbrepeat\u00bb][et_pb_column type=\u00bb4_4&#8243; _builder_version=\u00bb3.0.47&#8243;][et_pb_text _builder_version=\u00bb3.0.87&#8243; background_size=\u00bbinitial\u00bb background_position=\u00bbtop_left\u00bb background_repeat=\u00bbrepeat\u00bb use_border_color=\u00bboff\u00bb border_style=\u00bbsolid\u00bb]<\/p>\n<h4><\/h4>\n<p>&nbsp;<\/p>\n<p>[\/et_pb_text][\/et_pb_column][\/et_pb_row][\/et_pb_section][et_pb_section fb_built=\u00bb1&#8243; _builder_version=\u00bb3.19.18&#8243; custom_padding=\u00bb0|0px|19px|0px|false|false\u00bb][et_pb_row _builder_version=\u00bb3.19.18&#8243;][et_pb_column type=\u00bb4_4&#8243; _builder_version=\u00bb3.19.18&#8243;][et_pb_text _builder_version=\u00bb3.19.18&#8243;]<\/p>\n<p><span>En los formularios de esta p\u00e1gina deber\u00e1 introducir algunos datos personales. As\u00ed tratamos sus datos:<\/span><\/p>\n<p>Responsable: Identidad: Instituto ai2 de la UPV &#8211; CIF: Q4618002B. Direcci\u00f3n postal: Camino de Vera s\/n. Edificio 8G Acceso D 46022 Valencia. Tel\u00e9fono: 963879550. e-mail: instituto@ai2.upv.es. Los datos de car\u00e1cter personal que se proporcionan rellenando el presente formulario ser\u00e1n tratados por el Instituto ai2 como responsable de esta web. La finalidad de la recogida y tratamiento de los datos personales es para gestionar la solicitud que se realiza en este formulario.<\/p>\n<p>Legitimaci\u00f3n: Consentimiento del interesado. Como usuario e interesado se le informa que los datos que se facilitan estar\u00e1n ubicados en los servidores del instituto ai2 dentro de la Uni\u00f3n Europea.Los datos no se ceder\u00e1n a terceros salvo en los casos en que exista una obligaci\u00f3n legal. El hecho de que no se introduzcan los datos de car\u00e1cter personal que aparecen en el formulario como obligatorios podr\u00e1 tener como consecuencia que no se pueda atender su solicitud. Podr\u00e1 ejercer sus derechos de acceso, rectificaci\u00f3n, limitaci\u00f3n y suprimir los datos escibiendo a tecnodiabetes@ai2.upv.es as\u00ed como el derecho a presentar una reclamaci\u00f3n ante una autoridad de control.<\/p>\n<p>Aqu\u00ed puede consultar la <a href=\"http:\/\/tecnodiabetes.ai2.upv.es\/index.php\/legal-notice\/\" rel=\"noopener noreferrer\" target=\"_blank\">Pol\u00edtica de Privacidad<\/a><\/p>\n<p>[\/et_pb_text][\/et_pb_column][\/et_pb_row][\/et_pb_section]<\/p>\n","protected":false},"excerpt":{"rendered":"<p>TUS EXPERIENCIAS Living LabM\u00e1ndanos tus consultas \n<div class=\"wpcf7 no-js\" id=\"wpcf7-f1147-o2\" lang=\"es-ES\" dir=\"ltr\" data-wpcf7-id=\"1147\">\n<div class=\"screen-reader-response\"><p role=\"status\" aria-live=\"polite\" aria-atomic=\"true\"><\/p> <ul><\/ul><\/div>\n<form action=\"\/index.php\/wp-json\/wp\/v2\/pages\/2304#wpcf7-f1147-o2\" method=\"post\" class=\"wpcf7-form init wpcf7-acceptance-as-validation\" aria-label=\"Formulario de contacto\" novalidate=\"novalidate\" data-status=\"init\">\n<fieldset class=\"hidden-fields-container\"><input type=\"hidden\" name=\"_wpcf7\" value=\"1147\" \/><input type=\"hidden\" name=\"_wpcf7_version\" value=\"6.1.5\" \/><input type=\"hidden\" name=\"_wpcf7_locale\" value=\"es_ES\" \/><input type=\"hidden\" name=\"_wpcf7_unit_tag\" value=\"wpcf7-f1147-o2\" \/><input type=\"hidden\" name=\"_wpcf7_container_post\" value=\"0\" \/><input type=\"hidden\" name=\"_wpcf7_posted_data_hash\" value=\"\" \/><input type=\"hidden\" name=\"_wpcf7_recaptcha_response\" value=\"\" \/>\n<\/fieldset>\n<label> Nombre*\n    <span class=\"wpcf7-form-control-wrap\" data-name=\"your-name\"><input size=\"40\" maxlength=\"400\" class=\"wpcf7-form-control wpcf7-text wpcf7-validates-as-required\" aria-required=\"true\" aria-invalid=\"false\" value=\"\" type=\"text\" name=\"your-name\" \/><\/span> <\/label>\n\n<label> Email*\n    <span class=\"wpcf7-form-control-wrap\" data-name=\"your-email\"><input size=\"40\" maxlength=\"400\" class=\"wpcf7-form-control wpcf7-email wpcf7-validates-as-required wpcf7-text wpcf7-validates-as-email\" aria-required=\"true\" aria-invalid=\"false\" value=\"\" type=\"email\" name=\"your-email\" \/><\/span> <\/label>\n\n<label> Consulta:\n    <span class=\"wpcf7-form-control-wrap\" data-name=\"your-message\"><textarea cols=\"40\" rows=\"10\" maxlength=\"2000\" class=\"wpcf7-form-control wpcf7-textarea\" aria-invalid=\"false\" name=\"your-message\"><\/textarea><\/span> <\/label>\n<span class=\"wpcf7-form-control-wrap\" data-name=\"acceptance-235\"><span class=\"wpcf7-form-control wpcf7-acceptance\"><span class=\"wpcf7-list-item\"><label><input type=\"checkbox\" name=\"acceptance-235\" value=\"1\" aria-invalid=\"false\" \/><span class=\"wpcf7-list-item-label\">Acepto la <a href=\"\/index.php\/legal-notice\/\" target=\"_blank\">Pol\u00edtica de privacidad<\/a><\/span><\/label><\/span><\/span><\/span>\n\n<p><input class=\"wpcf7-form-control wpcf7-submit has-spinner\" type=\"submit\" value=\"Enviar\" \/><\/p><div class=\"wpcf7-response-output\" aria-hidden=\"true\"><\/div>\n<\/form>\n<\/div>\n &nbsp;En los formularios de esta p\u00e1gina deber\u00e1 introducir algunos datos personales. As\u00ed tratamos sus datos: Responsable: Identidad: Instituto ai2 de la UPV &#8211; CIF: Q4618002B. Direcci\u00f3n postal: Camino de Vera s\/n. Edificio 8G Acceso D 46022 Valencia. Tel\u00e9fono: 963879550. e-mail: instituto@ai2.upv.es. Los datos de [&hellip;]<\/p>\n","protected":false},"author":9,"featured_media":0,"parent":0,"menu_order":0,"comment_status":"closed","ping_status":"closed","template":"","meta":{"_et_pb_use_builder":"on","_et_pb_old_content":"","_et_gb_content_width":"","inline_featured_image":false,"footnotes":""},"class_list":["post-2304","page","type-page","status-publish","hentry"],"yoast_head":"<!-- This site is optimized with the Yoast SEO plugin v27.6 - https:\/\/yoast.com\/product\/yoast-seo-wordpress\/ -->\n<title>M\u00e1ndanos tus consultas - Tecnodiabetes<\/title>\n<meta name=\"description\" content=\"diabetes, tecnolog\u00eda, investigaci\u00f3n, innovaci\u00f3n, diabetes tipo 1, diabetes tipo 2, p\u00e1ncreas artificial, bomba de insulina, monitor continuo de glucosa, glucosa, insulina, educaci\u00f3n diabetes, simulador diabetes, robot diabetes, CSII, MDI, SAP, CGM, type 1 diabetes, type 2 diabetes, artificial pancreas, insulin pump, continuous glucose monitor, glucose, insulin, diabetes education, diabetes simulator\" \/>\n<meta name=\"robots\" content=\"index, follow, max-snippet:-1, max-image-preview:large, max-video-preview:-1\" \/>\n<link rel=\"canonical\" href=\"https:\/\/tecnodiabetes.ai2.upv.es\/index.php\/mandanos-tus-consultas\/\" \/>\n<meta property=\"og:locale\" content=\"es_ES\" \/>\n<meta property=\"og:type\" content=\"article\" \/>\n<meta property=\"og:title\" content=\"M\u00e1ndanos tus consultas - Tecnodiabetes\" \/>\n<meta property=\"og:description\" content=\"diabetes, tecnolog\u00eda, investigaci\u00f3n, innovaci\u00f3n, diabetes tipo 1, diabetes tipo 2, p\u00e1ncreas artificial, bomba de insulina, monitor continuo de glucosa, glucosa, insulina, educaci\u00f3n diabetes, simulador diabetes, robot diabetes, CSII, MDI, SAP, CGM, type 1 diabetes, type 2 diabetes, artificial pancreas, insulin pump, continuous glucose monitor, glucose, insulin, diabetes education, diabetes simulator\" \/>\n<meta property=\"og:url\" content=\"https:\/\/tecnodiabetes.ai2.upv.es\/index.php\/mandanos-tus-consultas\/\" \/>\n<meta property=\"og:site_name\" content=\"Tecnodiabetes\" \/>\n<meta property=\"article:publisher\" content=\"https:\/\/www.facebook.com\/Tecnodiabetes-1788690764738148\/\" \/>\n<meta property=\"article:modified_time\" content=\"2019-03-25T21:52:34+00:00\" \/>\n<meta name=\"twitter:card\" content=\"summary_large_image\" \/>\n<meta name=\"twitter:site\" content=\"@tecnodiabetes\" \/>\n<meta name=\"twitter:label1\" content=\"Tiempo de lectura\" \/>\n\t<meta name=\"twitter:data1\" content=\"3 minutos\" \/>\n<script type=\"application\/ld+json\" class=\"yoast-schema-graph\">{\"@context\":\"https:\\\/\\\/schema.org\",\"@graph\":[{\"@type\":\"WebPage\",\"@id\":\"https:\\\/\\\/tecnodiabetes.ai2.upv.es\\\/index.php\\\/mandanos-tus-consultas\\\/\",\"url\":\"https:\\\/\\\/tecnodiabetes.ai2.upv.es\\\/index.php\\\/mandanos-tus-consultas\\\/\",\"name\":\"M\u00e1ndanos tus consultas - Tecnodiabetes\",\"isPartOf\":{\"@id\":\"https:\\\/\\\/tecnodiabetes.ai2.upv.es\\\/#website\"},\"datePublished\":\"2019-03-13T13:31:23+00:00\",\"dateModified\":\"2019-03-25T21:52:34+00:00\",\"description\":\"diabetes, tecnolog\u00eda, investigaci\u00f3n, innovaci\u00f3n, diabetes tipo 1, diabetes tipo 2, p\u00e1ncreas artificial, bomba de insulina, monitor continuo de glucosa, glucosa, insulina, educaci\u00f3n diabetes, simulador diabetes, robot diabetes, CSII, MDI, SAP, CGM, type 1 diabetes, type 2 diabetes, artificial pancreas, insulin pump, continuous glucose monitor, glucose, insulin, diabetes education, diabetes simulator\",\"breadcrumb\":{\"@id\":\"https:\\\/\\\/tecnodiabetes.ai2.upv.es\\\/index.php\\\/mandanos-tus-consultas\\\/#breadcrumb\"},\"inLanguage\":\"es\",\"potentialAction\":[{\"@type\":\"ReadAction\",\"target\":[\"https:\\\/\\\/tecnodiabetes.ai2.upv.es\\\/index.php\\\/mandanos-tus-consultas\\\/\"]}]},{\"@type\":\"BreadcrumbList\",\"@id\":\"https:\\\/\\\/tecnodiabetes.ai2.upv.es\\\/index.php\\\/mandanos-tus-consultas\\\/#breadcrumb\",\"itemListElement\":[{\"@type\":\"ListItem\",\"position\":1,\"name\":\"Portada\",\"item\":\"https:\\\/\\\/tecnodiabetes.ai2.upv.es\\\/\"},{\"@type\":\"ListItem\",\"position\":2,\"name\":\"M\u00e1ndanos tus consultas\"}]},{\"@type\":\"WebSite\",\"@id\":\"https:\\\/\\\/tecnodiabetes.ai2.upv.es\\\/#website\",\"url\":\"https:\\\/\\\/tecnodiabetes.ai2.upv.es\\\/\",\"name\":\"Tecnodiabetes\",\"description\":\"Divulgaci\u00f3n Cient\u00edfica sobre Diabetes\",\"potentialAction\":[{\"@type\":\"SearchAction\",\"target\":{\"@type\":\"EntryPoint\",\"urlTemplate\":\"https:\\\/\\\/tecnodiabetes.ai2.upv.es\\\/?s={search_term_string}\"},\"query-input\":{\"@type\":\"PropertyValueSpecification\",\"valueRequired\":true,\"valueName\":\"search_term_string\"}}],\"inLanguage\":\"es\"}]}<\/script>\n<!-- \/ Yoast SEO plugin. -->","yoast_head_json":{"title":"M\u00e1ndanos tus consultas - Tecnodiabetes","description":"diabetes, tecnolog\u00eda, investigaci\u00f3n, innovaci\u00f3n, diabetes tipo 1, diabetes tipo 2, p\u00e1ncreas artificial, bomba de insulina, monitor continuo de glucosa, glucosa, insulina, educaci\u00f3n diabetes, simulador diabetes, robot diabetes, CSII, MDI, SAP, CGM, type 1 diabetes, type 2 diabetes, artificial pancreas, insulin pump, continuous glucose monitor, glucose, insulin, diabetes education, diabetes simulator","robots":{"index":"index","follow":"follow","max-snippet":"max-snippet:-1","max-image-preview":"max-image-preview:large","max-video-preview":"max-video-preview:-1"},"canonical":"https:\/\/tecnodiabetes.ai2.upv.es\/index.php\/mandanos-tus-consultas\/","og_locale":"es_ES","og_type":"article","og_title":"M\u00e1ndanos tus consultas - Tecnodiabetes","og_description":"diabetes, tecnolog\u00eda, investigaci\u00f3n, innovaci\u00f3n, diabetes tipo 1, diabetes tipo 2, p\u00e1ncreas artificial, bomba de insulina, monitor continuo de glucosa, glucosa, insulina, educaci\u00f3n diabetes, simulador diabetes, robot diabetes, CSII, MDI, SAP, CGM, type 1 diabetes, type 2 diabetes, artificial pancreas, insulin pump, continuous glucose monitor, glucose, insulin, diabetes education, diabetes simulator","og_url":"https:\/\/tecnodiabetes.ai2.upv.es\/index.php\/mandanos-tus-consultas\/","og_site_name":"Tecnodiabetes","article_publisher":"https:\/\/www.facebook.com\/Tecnodiabetes-1788690764738148\/","article_modified_time":"2019-03-25T21:52:34+00:00","twitter_card":"summary_large_image","twitter_site":"@tecnodiabetes","twitter_misc":{"Tiempo de lectura":"3 minutos"},"schema":{"@context":"https:\/\/schema.org","@graph":[{"@type":"WebPage","@id":"https:\/\/tecnodiabetes.ai2.upv.es\/index.php\/mandanos-tus-consultas\/","url":"https:\/\/tecnodiabetes.ai2.upv.es\/index.php\/mandanos-tus-consultas\/","name":"M\u00e1ndanos tus consultas - Tecnodiabetes","isPartOf":{"@id":"https:\/\/tecnodiabetes.ai2.upv.es\/#website"},"datePublished":"2019-03-13T13:31:23+00:00","dateModified":"2019-03-25T21:52:34+00:00","description":"diabetes, tecnolog\u00eda, investigaci\u00f3n, innovaci\u00f3n, diabetes tipo 1, diabetes tipo 2, p\u00e1ncreas artificial, bomba de insulina, monitor continuo de glucosa, glucosa, insulina, educaci\u00f3n diabetes, simulador diabetes, robot diabetes, CSII, MDI, SAP, CGM, type 1 diabetes, type 2 diabetes, artificial pancreas, insulin pump, continuous glucose monitor, glucose, insulin, diabetes education, diabetes simulator","breadcrumb":{"@id":"https:\/\/tecnodiabetes.ai2.upv.es\/index.php\/mandanos-tus-consultas\/#breadcrumb"},"inLanguage":"es","potentialAction":[{"@type":"ReadAction","target":["https:\/\/tecnodiabetes.ai2.upv.es\/index.php\/mandanos-tus-consultas\/"]}]},{"@type":"BreadcrumbList","@id":"https:\/\/tecnodiabetes.ai2.upv.es\/index.php\/mandanos-tus-consultas\/#breadcrumb","itemListElement":[{"@type":"ListItem","position":1,"name":"Portada","item":"https:\/\/tecnodiabetes.ai2.upv.es\/"},{"@type":"ListItem","position":2,"name":"M\u00e1ndanos tus consultas"}]},{"@type":"WebSite","@id":"https:\/\/tecnodiabetes.ai2.upv.es\/#website","url":"https:\/\/tecnodiabetes.ai2.upv.es\/","name":"Tecnodiabetes","description":"Divulgaci\u00f3n Cient\u00edfica sobre Diabetes","potentialAction":[{"@type":"SearchAction","target":{"@type":"EntryPoint","urlTemplate":"https:\/\/tecnodiabetes.ai2.upv.es\/?s={search_term_string}"},"query-input":{"@type":"PropertyValueSpecification","valueRequired":true,"valueName":"search_term_string"}}],"inLanguage":"es"}]}},"_links":{"self":[{"href":"https:\/\/tecnodiabetes.ai2.upv.es\/index.php\/wp-json\/wp\/v2\/pages\/2304","targetHints":{"allow":["GET"]}}],"collection":[{"href":"https:\/\/tecnodiabetes.ai2.upv.es\/index.php\/wp-json\/wp\/v2\/pages"}],"about":[{"href":"https:\/\/tecnodiabetes.ai2.upv.es\/index.php\/wp-json\/wp\/v2\/types\/page"}],"author":[{"embeddable":true,"href":"https:\/\/tecnodiabetes.ai2.upv.es\/index.php\/wp-json\/wp\/v2\/users\/9"}],"replies":[{"embeddable":true,"href":"https:\/\/tecnodiabetes.ai2.upv.es\/index.php\/wp-json\/wp\/v2\/comments?post=2304"}],"version-history":[{"count":5,"href":"https:\/\/tecnodiabetes.ai2.upv.es\/index.php\/wp-json\/wp\/v2\/pages\/2304\/revisions"}],"predecessor-version":[{"id":2390,"href":"https:\/\/tecnodiabetes.ai2.upv.es\/index.php\/wp-json\/wp\/v2\/pages\/2304\/revisions\/2390"}],"wp:attachment":[{"href":"https:\/\/tecnodiabetes.ai2.upv.es\/index.php\/wp-json\/wp\/v2\/media?parent=2304"}],"curies":[{"name":"wp","href":"https:\/\/api.w.org\/{rel}","templated":true}]}}