{"id":2104,"date":"2018-10-16T10:11:52","date_gmt":"2018-10-16T08:11:52","guid":{"rendered":"http:\/\/tecnodiabetes.ai2.upv.es\/?page_id=2104"},"modified":"2018-11-22T00:14:14","modified_gmt":"2018-11-21T23:14:14","slug":"evento","status":"publish","type":"page","link":"https:\/\/tecnodiabetes.ai2.upv.es\/index.php\/evento\/","title":{"rendered":"evento"},"content":{"rendered":"<p>[et_pb_section bb_built=\u00bb1&#8243; _builder_version=\u00bb3.17.1&#8243;][et_pb_row][et_pb_column type=\u00bb4_4&#8243;][et_pb_text _builder_version=\u00bb3.17.2&#8243;]<\/p>\n<h2 style=\"text-align: center;\"><strong>JORNADA SOBRE INVESTIGACI\u00d3N EN TECNOLOG\u00cdAS PARA LA DIABETES<\/strong><\/h2>\n<h2 style=\"text-align: center;\"><strong>1 de&nbsp; diciembre de 2018<\/strong><\/h2>\n<p>&nbsp;<\/p>\n<h3 style=\"text-align: center;\">Jornada de Puertas Abiertas de la Investigaci\u00f3n en Diabetes<\/h3>\n<h3 style=\"text-align: center;\">en el Instituto ai2 de la Universitat Polit\u00e8cnica de Val\u00e8ncia<\/h3>\n<h3 style=\"text-align: center;\">con motivo del D\u00eda Mundial de la Diabetes<\/h3>\n<p>[\/et_pb_text][\/et_pb_column][\/et_pb_row][et_pb_row][et_pb_column type=\u00bb1_2&#8243;][et_pb_text _builder_version=\u00bb3.17.1&#8243;]<\/p>\n<p>Sal\u00f3n de Actos del cubo Rojo, Edificio 8E, Acceso J, 3er piso<\/p>\n<p>Ciudad Polit\u00e8cnica de la Innovaci\u00f3n,<\/p>\n<p>Universitat Polit\u00e8cnica de Val\u00e8ncia<\/p>\n<p>[\/et_pb_text][\/et_pb_column][et_pb_column type=\u00bb1_2&#8243;][et_pb_image _builder_version=\u00bb3.17.1&#8243; src=\u00bbhttp:\/\/tecnodiabetes.ai2.upv.es\/wp-content\/uploads\/2018\/10\/plano-UPV2.png\u00bb url=\u00bbhttp:\/\/www.upv.es\/plano\/plano-2d-es.html\u00bb url_new_window=\u00bbon\u00bb \/][\/et_pb_column][\/et_pb_row][et_pb_row][et_pb_column type=\u00bb4_4&#8243;][et_pb_text _builder_version=\u00bb3.17.2&#8243;]<\/p>\n<h5>Actualmente el aforo est\u00e1 completo. Rellene el siguiente formulario si desea apuntarse a la lista de espera. En caso de bajas le enviaremos un correo de confirmaci\u00f3n de registro.<\/h5>\n<p>[\/et_pb_text][\/et_pb_column][\/et_pb_row][et_pb_row][et_pb_column type=\u00bb4_4&#8243;][et_pb_text _builder_version=\u00bb3.17.1&#8243;]<\/p>\n\n<div class=\"wpcf7 no-js\" id=\"wpcf7-f2109-o1\" lang=\"es-ES\" dir=\"ltr\" data-wpcf7-id=\"2109\">\n<div class=\"screen-reader-response\"><p role=\"status\" aria-live=\"polite\" aria-atomic=\"true\"><\/p> <ul><\/ul><\/div>\n<form action=\"\/index.php\/wp-json\/wp\/v2\/pages\/2104#wpcf7-f2109-o1\" method=\"post\" class=\"wpcf7-form init wpcf7-acceptance-as-validation\" aria-label=\"Formulario de contacto\" novalidate=\"novalidate\" data-status=\"init\">\n<fieldset class=\"hidden-fields-container\"><input type=\"hidden\" name=\"_wpcf7\" value=\"2109\" \/><input type=\"hidden\" name=\"_wpcf7_version\" value=\"6.1.5\" \/><input type=\"hidden\" name=\"_wpcf7_locale\" value=\"es_ES\" \/><input type=\"hidden\" name=\"_wpcf7_unit_tag\" value=\"wpcf7-f2109-o1\" \/><input type=\"hidden\" name=\"_wpcf7_container_post\" value=\"0\" \/><input type=\"hidden\" name=\"_wpcf7_posted_data_hash\" value=\"\" \/><input type=\"hidden\" name=\"_wpcf7_recaptcha_response\" value=\"\" \/>\n<\/fieldset>\n<div class=\"wpcf7-response-output\" aria-hidden=\"true\"><\/div>\n<table>\n<tr>\n<td style=\"color:#777777; font-size:16px;font-weight:bold; line-height:27px;\" width=\"20%\">\n<label> Nombre*  <span class=\"wpcf7-form-control-wrap\" data-name=\"nombre1\"><input size=\"40\" maxlength=\"400\" class=\"wpcf7-form-control wpcf7-text wpcf7-validates-as-required\" aria-required=\"true\" aria-invalid=\"false\" value=\"\" type=\"text\" name=\"nombre1\" \/><\/span> <\/label><\/td>\n<td style=\"color:#777777; font-size:16px;font-weight:bold; line-height:27px;\" width=\"30%\">\n<label> Apellidos*  <span class=\"wpcf7-form-control-wrap\" data-name=\"apellidos1\"><input size=\"40\" maxlength=\"400\" class=\"wpcf7-form-control wpcf7-text wpcf7-validates-as-required\" aria-required=\"true\" aria-invalid=\"false\" value=\"\" type=\"text\" name=\"apellidos1\" \/><\/span> <\/label><\/td>\n<td style=\"color:#777777; font-size:16px;font-weight:bold; line-height:27px;\" width=\"30%\">\n<label> Email*   <span class=\"wpcf7-form-control-wrap\" data-name=\"email1\"><input size=\"40\" maxlength=\"400\" class=\"wpcf7-form-control wpcf7-email wpcf7-validates-as-required wpcf7-text wpcf7-validates-as-email\" aria-required=\"true\" aria-invalid=\"false\" value=\"\" type=\"email\" name=\"email1\" \/><\/span> <\/label><\/td>\n<td style=\"color:#777777; font-size:16px;font-weight:bold; line-height:27px;\" width=\"20%\">\n<span class=\"wpcf7-form-control-wrap\" data-name=\"tipo_persona1\"><span class=\"wpcf7-form-control wpcf7-checkbox wpcf7-validates-as-required wpcf7-exclusive-checkbox\"><span class=\"wpcf7-list-item first\"><label><input type=\"checkbox\" name=\"tipo_persona1\" value=\"Paciente\" \/><span class=\"wpcf7-list-item-label\">Paciente<\/span><\/label><\/span><span class=\"wpcf7-list-item last\"><label><input type=\"checkbox\" name=\"tipo_persona1\" value=\"Profesional\" \/><span class=\"wpcf7-list-item-label\">Profesional<\/span><\/label><\/span><\/span><\/span><\/td>\n<\/tr>\n<tr>\n<td style=\"color:#777777; font-size:16px;font-weight:bold; line-height:27px;\">\n<label> Nombre  <span class=\"wpcf7-form-control-wrap\" data-name=\"nombre2\"><input size=\"40\" maxlength=\"400\" class=\"wpcf7-form-control wpcf7-text\" aria-invalid=\"false\" value=\"\" type=\"text\" name=\"nombre2\" \/><\/span> <\/label><\/td>\n<td style=\"color:#777777; font-size:16px;font-weight:bold; line-height:27px;\">\n<label> Apellidos  <span class=\"wpcf7-form-control-wrap\" data-name=\"apellidos2\"><input size=\"40\" maxlength=\"400\" class=\"wpcf7-form-control wpcf7-text\" aria-invalid=\"false\" value=\"\" type=\"text\" name=\"apellidos2\" \/><\/span> <\/label><\/td>\n<td style=\"color:#777777; font-size:16px;font-weight:bold; line-height:27px;\">\n<label> Email   <span class=\"wpcf7-form-control-wrap\" data-name=\"email2\"><input size=\"40\" maxlength=\"400\" class=\"wpcf7-form-control wpcf7-email wpcf7-text wpcf7-validates-as-email\" aria-invalid=\"false\" value=\"\" type=\"email\" name=\"email2\" \/><\/span> <\/label><\/td>\n<td style=\"color:#777777; font-size:16px;font-weight:bold; line-height:27px;\">\n<span class=\"wpcf7-form-control-wrap\" data-name=\"tipo_persona2\"><span class=\"wpcf7-form-control wpcf7-checkbox wpcf7-exclusive-checkbox\"><span class=\"wpcf7-list-item first\"><label><input type=\"checkbox\" name=\"tipo_persona2\" value=\"Paciente\" \/><span class=\"wpcf7-list-item-label\">Paciente<\/span><\/label><\/span><span class=\"wpcf7-list-item last\"><label><input type=\"checkbox\" name=\"tipo_persona2\" value=\"Profesional\" \/><span class=\"wpcf7-list-item-label\">Profesional<\/span><\/label><\/span><\/span><\/span><\/td>\n<\/tr>\n<tr>\n<td style=\"color:#777777; font-size:16px;font-weight:bold; line-height:27px;\">\n<label> Nombre  <span class=\"wpcf7-form-control-wrap\" data-name=\"nombre3\"><input size=\"40\" maxlength=\"400\" class=\"wpcf7-form-control wpcf7-text\" aria-invalid=\"false\" value=\"\" type=\"text\" name=\"nombre3\" \/><\/span> <\/label><\/td>\n<td style=\"color:#777777; font-size:16px;font-weight:bold; line-height:27px;\">\n<label> Apellidos  <span class=\"wpcf7-form-control-wrap\" data-name=\"apellidos3\"><input size=\"40\" maxlength=\"400\" class=\"wpcf7-form-control wpcf7-text\" aria-invalid=\"false\" value=\"\" type=\"text\" name=\"apellidos3\" \/><\/span> <\/label><\/td>\n<td style=\"color:#777777; font-size:16px;font-weight:bold; line-height:27px;\">\n<label> Email   <span class=\"wpcf7-form-control-wrap\" data-name=\"email3\"><input size=\"40\" maxlength=\"400\" class=\"wpcf7-form-control wpcf7-email wpcf7-text wpcf7-validates-as-email\" aria-invalid=\"false\" value=\"\" type=\"email\" name=\"email3\" \/><\/span> <\/label><\/td>\n<td style=\"color:#777777; font-size:16px;font-weight:bold; line-height:27px;\">\n<span class=\"wpcf7-form-control-wrap\" data-name=\"tipo_persona3\"><span class=\"wpcf7-form-control wpcf7-checkbox wpcf7-exclusive-checkbox\"><span class=\"wpcf7-list-item first\"><label><input type=\"checkbox\" name=\"tipo_persona3\" value=\"Paciente\" \/><span class=\"wpcf7-list-item-label\">Paciente<\/span><\/label><\/span><span class=\"wpcf7-list-item last\"><label><input type=\"checkbox\" name=\"tipo_persona3\" value=\"Profesional\" \/><span class=\"wpcf7-list-item-label\">Profesional<\/span><\/label><\/span><\/span><\/span><\/td>\n<\/tr>\n<tr>\n<td style=\"color:#777777; font-size:16px;font-weight:bold; line-height:27px;\">\n<label> Nombre  <span class=\"wpcf7-form-control-wrap\" data-name=\"nombre4\"><input size=\"40\" maxlength=\"400\" class=\"wpcf7-form-control wpcf7-text\" aria-invalid=\"false\" value=\"\" type=\"text\" name=\"nombre4\" \/><\/span> <\/label><\/td>\n<td style=\"color:#777777; font-size:16px;font-weight:bold; line-height:27px;\">\n<label> Apellidos  <span class=\"wpcf7-form-control-wrap\" data-name=\"apellidos4\"><input size=\"40\" maxlength=\"400\" class=\"wpcf7-form-control wpcf7-text\" aria-invalid=\"false\" value=\"\" type=\"text\" name=\"apellidos4\" \/><\/span> <\/label><\/td>\n<td style=\"color:#777777; font-size:16px;font-weight:bold; line-height:27px;\">\n<label> Email   <span class=\"wpcf7-form-control-wrap\" data-name=\"email4\"><input size=\"40\" maxlength=\"400\" class=\"wpcf7-form-control wpcf7-email wpcf7-text wpcf7-validates-as-email\" aria-invalid=\"false\" value=\"\" type=\"email\" name=\"email4\" \/><\/span> <\/label><\/td>\n<td style=\"color:#777777; font-size:16px;font-weight:bold; line-height:27px;\">\n<span class=\"wpcf7-form-control-wrap\" data-name=\"tipo_persona4\"><span class=\"wpcf7-form-control wpcf7-checkbox wpcf7-exclusive-checkbox\"><span class=\"wpcf7-list-item first\"><label><input type=\"checkbox\" name=\"tipo_persona4\" value=\"Paciente\" \/><span class=\"wpcf7-list-item-label\">Paciente<\/span><\/label><\/span><span class=\"wpcf7-list-item last\"><label><input type=\"checkbox\" name=\"tipo_persona4\" value=\"Profesional\" \/><span class=\"wpcf7-list-item-label\">Profesional<\/span><\/label><\/span><\/span><\/span><\/td>\n<\/tr><\/table>\n\n<span class=\"wpcf7-form-control-wrap\" data-name=\"acceptance-235\"><span class=\"wpcf7-form-control wpcf7-acceptance\"><span class=\"wpcf7-list-item\"><input type=\"checkbox\" name=\"acceptance-235\" value=\"1\" aria-invalid=\"false\" \/><\/span><\/span><\/span> Acepto la <a href=\"\/index.php\/legal-notice\/\" target=\"_blank\">Pol\u00edtica de privacidad<\/a>\n<p>\n<\/p>\n<p>\n<input class=\"wpcf7-form-control wpcf7-submit has-spinner\" type=\"submit\" value=\"Inscribirse\" \/><\/p>\n<div class=\"wpcf7-response-output\" aria-hidden=\"true\"><\/div>\n<div style=\"margin-top:25px; padding:15px; border: solid 1px #999; text-align:justify; font-style:italic; color: #777; font-family:Arial; line-height:1.1em\">\nResponsable: Identidad: Instituto ai2 de la UPV - NIF: Q4618002B Dir. postal: Camino de Vera s\/n. Edificio 8G Acceso D 46022 Valencia Tel\u00e9fono: 963879550 Correo elect: <a href=\"mailto:instituto@ai2.upv.es\" > instituto@ai2.upv.es<\/a>\nLos datos de car\u00e1cter personal que se proporcionan rellenando el presente formulario ser\u00e1n tratados por el Instituto ai2 como responsable de esta web.\nLa finalidad de la recogida y tratamiento de los datos personales es para gestionar la solicitud que se realiza en este formulario de  inscripci\u00f3n al evento indicado en el mismo y a los talleres que all\u00ed se realizar\u00e1n. \nLegitimaci\u00f3n: Consentimiento del interesado.\nComo usuario e interesado se le informa que los datos que se facilitan estar\u00e1n ubicados en los servidores del instituto ai2 dentro de la UE.Los datos no se ceder\u00e1n a terceros salvo en los casos en que exista una obligaci\u00f3n legal.\nEl hecho de que no se introduzcan los datos de car\u00e1cter personal que aparecen en el formulario como obligatorios podr\u00e1 tener como consecuencia que no se pueda atender su solicitud.\nPodr\u00e1 ejercer sus derechos de acceso, rectificaci\u00f3n, limitaci\u00f3n y suprimir los datos escribiendo a <a href=\"mailto:instituto@ai2.upv.es\" > instituto@ai2.upv.es<\/a> as\u00ed como el derecho a presentar una reclamaci\u00f3n ante una autoridad de control.\nAqu\u00ed puede consultar la Pol\u00edtica de Privacidad<\/div>\n<\/form>\n<\/div>\n\n<p>[\/et_pb_text][\/et_pb_column][\/et_pb_row][\/et_pb_section]<\/p>\n","protected":false},"excerpt":{"rendered":"<p><div class=\"et_pb_row et_pb_row_0 et_pb_row_empty\">\n\t\t\t\t\n\t\t\t\t\n\t\t\t\t\n\t\t\t\t\n\t\t\t\t\n\t\t\t<\/div> JORNADA SOBRE INVESTIGACI\u00d3N EN TECNOLOG\u00cdAS PARA LA DIABETES 1 de&nbsp; diciembre de 2018 &nbsp; Jornada de Puertas Abiertas de la Investigaci\u00f3n en Diabetes en el Instituto ai2 de la Universitat Polit\u00e8cnica de Val\u00e8ncia con motivo del D\u00eda Mundial de la Diabetes <div class=\"et_pb_row et_pb_row_1 et_pb_row_empty\">\n\t\t\t\t\n\t\t\t\t\n\t\t\t\t\n\t\t\t\t\n\t\t\t\t\n\t\t\t<\/div> Sal\u00f3n de Actos del cubo Rojo, Edificio 8E, Acceso J, 3er piso [&hellip;]<\/p>\n","protected":false},"author":9,"featured_media":0,"parent":0,"menu_order":0,"comment_status":"closed","ping_status":"closed","template":"","meta":{"_et_pb_use_builder":"on","_et_pb_old_content":"<p>[contact-form-7 id=\"1147\" title=\"Formulario de contacto\"]<\/p>","_et_gb_content_width":"","inline_featured_image":false,"footnotes":""},"class_list":["post-2104","page","type-page","status-publish","hentry"],"yoast_head":"<!-- This site is optimized with the Yoast SEO plugin v27.4 - https:\/\/yoast.com\/product\/yoast-seo-wordpress\/ -->\n<title>evento - Tecnodiabetes<\/title>\n<meta name=\"description\" content=\"diabetes, tecnolog\u00eda, investigaci\u00f3n, innovaci\u00f3n, diabetes tipo 1, diabetes tipo 2, p\u00e1ncreas artificial, bomba de insulina, monitor continuo de glucosa, glucosa, insulina, educaci\u00f3n diabetes, simulador diabetes, robot diabetes, CSII, MDI, SAP, CGM, type 1 diabetes, type 2 diabetes, artificial pancreas, insulin pump, continuous glucose monitor, glucose, insulin, diabetes education, diabetes simulator\" \/>\n<meta name=\"robots\" content=\"index, follow, max-snippet:-1, max-image-preview:large, max-video-preview:-1\" \/>\n<link rel=\"canonical\" href=\"https:\/\/tecnodiabetes.ai2.upv.es\/index.php\/evento\/\" \/>\n<meta property=\"og:locale\" content=\"es_ES\" \/>\n<meta property=\"og:type\" content=\"article\" \/>\n<meta property=\"og:title\" content=\"evento - Tecnodiabetes\" \/>\n<meta property=\"og:description\" content=\"diabetes, tecnolog\u00eda, investigaci\u00f3n, innovaci\u00f3n, diabetes tipo 1, diabetes tipo 2, p\u00e1ncreas artificial, bomba de insulina, monitor continuo de glucosa, glucosa, insulina, educaci\u00f3n diabetes, simulador diabetes, robot diabetes, CSII, MDI, SAP, CGM, type 1 diabetes, type 2 diabetes, artificial pancreas, insulin pump, continuous glucose monitor, glucose, insulin, diabetes education, diabetes simulator\" \/>\n<meta property=\"og:url\" content=\"https:\/\/tecnodiabetes.ai2.upv.es\/index.php\/evento\/\" \/>\n<meta property=\"og:site_name\" content=\"Tecnodiabetes\" \/>\n<meta property=\"article:publisher\" content=\"https:\/\/www.facebook.com\/Tecnodiabetes-1788690764738148\/\" \/>\n<meta property=\"article:modified_time\" content=\"2018-11-21T23:14:14+00:00\" \/>\n<meta name=\"twitter:card\" content=\"summary_large_image\" \/>\n<meta name=\"twitter:site\" content=\"@tecnodiabetes\" \/>\n<meta name=\"twitter:label1\" content=\"Tiempo de lectura\" \/>\n\t<meta name=\"twitter:data1\" content=\"1 minuto\" \/>\n<script type=\"application\/ld+json\" class=\"yoast-schema-graph\">{\"@context\":\"https:\\\/\\\/schema.org\",\"@graph\":[{\"@type\":\"WebPage\",\"@id\":\"https:\\\/\\\/tecnodiabetes.ai2.upv.es\\\/index.php\\\/evento\\\/\",\"url\":\"https:\\\/\\\/tecnodiabetes.ai2.upv.es\\\/index.php\\\/evento\\\/\",\"name\":\"evento - Tecnodiabetes\",\"isPartOf\":{\"@id\":\"https:\\\/\\\/tecnodiabetes.ai2.upv.es\\\/#website\"},\"datePublished\":\"2018-10-16T08:11:52+00:00\",\"dateModified\":\"2018-11-21T23:14:14+00:00\",\"description\":\"diabetes, tecnolog\u00eda, investigaci\u00f3n, innovaci\u00f3n, diabetes tipo 1, diabetes tipo 2, p\u00e1ncreas artificial, bomba de insulina, monitor continuo de glucosa, glucosa, insulina, educaci\u00f3n diabetes, simulador diabetes, robot diabetes, CSII, MDI, SAP, CGM, type 1 diabetes, type 2 diabetes, artificial pancreas, insulin pump, continuous glucose monitor, glucose, insulin, diabetes education, diabetes simulator\",\"breadcrumb\":{\"@id\":\"https:\\\/\\\/tecnodiabetes.ai2.upv.es\\\/index.php\\\/evento\\\/#breadcrumb\"},\"inLanguage\":\"es\",\"potentialAction\":[{\"@type\":\"ReadAction\",\"target\":[\"https:\\\/\\\/tecnodiabetes.ai2.upv.es\\\/index.php\\\/evento\\\/\"]}]},{\"@type\":\"BreadcrumbList\",\"@id\":\"https:\\\/\\\/tecnodiabetes.ai2.upv.es\\\/index.php\\\/evento\\\/#breadcrumb\",\"itemListElement\":[{\"@type\":\"ListItem\",\"position\":1,\"name\":\"Portada\",\"item\":\"https:\\\/\\\/tecnodiabetes.ai2.upv.es\\\/\"},{\"@type\":\"ListItem\",\"position\":2,\"name\":\"evento\"}]},{\"@type\":\"WebSite\",\"@id\":\"https:\\\/\\\/tecnodiabetes.ai2.upv.es\\\/#website\",\"url\":\"https:\\\/\\\/tecnodiabetes.ai2.upv.es\\\/\",\"name\":\"Tecnodiabetes\",\"description\":\"Divulgaci\u00f3n Cient\u00edfica sobre Diabetes\",\"potentialAction\":[{\"@type\":\"SearchAction\",\"target\":{\"@type\":\"EntryPoint\",\"urlTemplate\":\"https:\\\/\\\/tecnodiabetes.ai2.upv.es\\\/?s={search_term_string}\"},\"query-input\":{\"@type\":\"PropertyValueSpecification\",\"valueRequired\":true,\"valueName\":\"search_term_string\"}}],\"inLanguage\":\"es\"}]}<\/script>\n<!-- \/ Yoast SEO plugin. -->","yoast_head_json":{"title":"evento - Tecnodiabetes","description":"diabetes, tecnolog\u00eda, investigaci\u00f3n, innovaci\u00f3n, diabetes tipo 1, diabetes tipo 2, p\u00e1ncreas artificial, bomba de insulina, monitor continuo de glucosa, glucosa, insulina, educaci\u00f3n diabetes, simulador diabetes, robot diabetes, CSII, MDI, SAP, CGM, type 1 diabetes, type 2 diabetes, artificial pancreas, insulin pump, continuous glucose monitor, glucose, insulin, diabetes education, diabetes simulator","robots":{"index":"index","follow":"follow","max-snippet":"max-snippet:-1","max-image-preview":"max-image-preview:large","max-video-preview":"max-video-preview:-1"},"canonical":"https:\/\/tecnodiabetes.ai2.upv.es\/index.php\/evento\/","og_locale":"es_ES","og_type":"article","og_title":"evento - Tecnodiabetes","og_description":"diabetes, tecnolog\u00eda, investigaci\u00f3n, innovaci\u00f3n, diabetes tipo 1, diabetes tipo 2, p\u00e1ncreas artificial, bomba de insulina, monitor continuo de glucosa, glucosa, insulina, educaci\u00f3n diabetes, simulador diabetes, robot diabetes, CSII, MDI, SAP, CGM, type 1 diabetes, type 2 diabetes, artificial pancreas, insulin pump, continuous glucose monitor, glucose, insulin, diabetes education, diabetes simulator","og_url":"https:\/\/tecnodiabetes.ai2.upv.es\/index.php\/evento\/","og_site_name":"Tecnodiabetes","article_publisher":"https:\/\/www.facebook.com\/Tecnodiabetes-1788690764738148\/","article_modified_time":"2018-11-21T23:14:14+00:00","twitter_card":"summary_large_image","twitter_site":"@tecnodiabetes","twitter_misc":{"Tiempo de lectura":"1 minuto"},"schema":{"@context":"https:\/\/schema.org","@graph":[{"@type":"WebPage","@id":"https:\/\/tecnodiabetes.ai2.upv.es\/index.php\/evento\/","url":"https:\/\/tecnodiabetes.ai2.upv.es\/index.php\/evento\/","name":"evento - Tecnodiabetes","isPartOf":{"@id":"https:\/\/tecnodiabetes.ai2.upv.es\/#website"},"datePublished":"2018-10-16T08:11:52+00:00","dateModified":"2018-11-21T23:14:14+00:00","description":"diabetes, tecnolog\u00eda, investigaci\u00f3n, innovaci\u00f3n, diabetes tipo 1, diabetes tipo 2, p\u00e1ncreas artificial, bomba de insulina, monitor continuo de glucosa, glucosa, insulina, educaci\u00f3n diabetes, simulador diabetes, robot diabetes, CSII, MDI, SAP, CGM, type 1 diabetes, type 2 diabetes, artificial pancreas, insulin pump, continuous glucose monitor, glucose, insulin, diabetes education, diabetes simulator","breadcrumb":{"@id":"https:\/\/tecnodiabetes.ai2.upv.es\/index.php\/evento\/#breadcrumb"},"inLanguage":"es","potentialAction":[{"@type":"ReadAction","target":["https:\/\/tecnodiabetes.ai2.upv.es\/index.php\/evento\/"]}]},{"@type":"BreadcrumbList","@id":"https:\/\/tecnodiabetes.ai2.upv.es\/index.php\/evento\/#breadcrumb","itemListElement":[{"@type":"ListItem","position":1,"name":"Portada","item":"https:\/\/tecnodiabetes.ai2.upv.es\/"},{"@type":"ListItem","position":2,"name":"evento"}]},{"@type":"WebSite","@id":"https:\/\/tecnodiabetes.ai2.upv.es\/#website","url":"https:\/\/tecnodiabetes.ai2.upv.es\/","name":"Tecnodiabetes","description":"Divulgaci\u00f3n Cient\u00edfica sobre Diabetes","potentialAction":[{"@type":"SearchAction","target":{"@type":"EntryPoint","urlTemplate":"https:\/\/tecnodiabetes.ai2.upv.es\/?s={search_term_string}"},"query-input":{"@type":"PropertyValueSpecification","valueRequired":true,"valueName":"search_term_string"}}],"inLanguage":"es"}]}},"_links":{"self":[{"href":"https:\/\/tecnodiabetes.ai2.upv.es\/index.php\/wp-json\/wp\/v2\/pages\/2104","targetHints":{"allow":["GET"]}}],"collection":[{"href":"https:\/\/tecnodiabetes.ai2.upv.es\/index.php\/wp-json\/wp\/v2\/pages"}],"about":[{"href":"https:\/\/tecnodiabetes.ai2.upv.es\/index.php\/wp-json\/wp\/v2\/types\/page"}],"author":[{"embeddable":true,"href":"https:\/\/tecnodiabetes.ai2.upv.es\/index.php\/wp-json\/wp\/v2\/users\/9"}],"replies":[{"embeddable":true,"href":"https:\/\/tecnodiabetes.ai2.upv.es\/index.php\/wp-json\/wp\/v2\/comments?post=2104"}],"version-history":[{"count":15,"href":"https:\/\/tecnodiabetes.ai2.upv.es\/index.php\/wp-json\/wp\/v2\/pages\/2104\/revisions"}],"predecessor-version":[{"id":2222,"href":"https:\/\/tecnodiabetes.ai2.upv.es\/index.php\/wp-json\/wp\/v2\/pages\/2104\/revisions\/2222"}],"wp:attachment":[{"href":"https:\/\/tecnodiabetes.ai2.upv.es\/index.php\/wp-json\/wp\/v2\/media?parent=2104"}],"curies":[{"name":"wp","href":"https:\/\/api.w.org\/{rel}","templated":true}]}}