{"id":1594,"date":"2017-02-03T14:16:46","date_gmt":"2017-02-03T13:16:46","guid":{"rendered":"http:\/\/tecnodiabetes.ai2.upv.es\/?page_id=1594"},"modified":"2023-01-23T14:12:49","modified_gmt":"2023-01-23T13:12:49","slug":"msafe-ap","status":"publish","type":"page","link":"https:\/\/tecnodiabetes.ai2.upv.es\/index.php\/msafe-ap\/","title":{"rendered":"mSAFE-AP"},"content":{"rendered":"<p>[et_pb_section fb_built=\u00bb1&#8243; fullwidth=\u00bbon\u00bb custom_padding_last_edited=\u00bbon|desktop\u00bb _builder_version=\u00bb4.16&#8243; background_color=\u00bb#f15d2f\u00bb custom_padding=\u00bb30px|||\u00bb custom_padding_tablet=\u00bb50px|0|50px|0&#8243; custom_padding_phone=\u00bb\u00bb transparent_background=\u00bboff\u00bb padding_mobile=\u00bboff\u00bb make_fullwidth=\u00bboff\u00bb use_custom_width=\u00bboff\u00bb width_unit=\u00bbon\u00bb custom_width_px=\u00bb1080px\u00bb custom_width_percent=\u00bb80%\u00bb global_colors_info=\u00bb{}\u00bb][et_pb_fullwidth_code _builder_version=\u00bb4.16&#8243; global_colors_info=\u00bb{}\u00bb].[\/et_pb_fullwidth_code][\/et_pb_section][et_pb_section fb_built=\u00bb1&#8243; custom_padding_last_edited=\u00bbon|desktop\u00bb _builder_version=\u00bb4.16&#8243; custom_padding=\u00bb54px|0px|0px|0px\u00bb custom_padding_tablet=\u00bb50px|0|50px|0&#8243; custom_padding_phone=\u00bb\u00bb transparent_background=\u00bboff\u00bb padding_mobile=\u00bboff\u00bb make_fullwidth=\u00bboff\u00bb use_custom_width=\u00bboff\u00bb width_unit=\u00bboff\u00bb custom_width_px=\u00bb1080px\u00bb custom_width_percent=\u00bb80%\u00bb global_colors_info=\u00bb{}\u00bb][et_pb_row padding_mobile=\u00bboff\u00bb column_padding_mobile=\u00bbon\u00bb admin_label=\u00bbrow\u00bb _builder_version=\u00bb4.16&#8243; background_size=\u00bbinitial\u00bb background_position=\u00bbtop_left\u00bb background_repeat=\u00bbrepeat\u00bb make_fullwidth=\u00bboff\u00bb use_custom_width=\u00bboff\u00bb width_unit=\u00bboff\u00bb custom_width_px=\u00bb1080px\u00bb custom_width_percent=\u00bb80%\u00bb global_colors_info=\u00bb{}\u00bb][et_pb_column type=\u00bb4_4&#8243; _builder_version=\u00bb4.16&#8243; custom_padding=\u00bb|||\u00bb global_colors_info=\u00bb{}\u00bb custom_padding__hover=\u00bb|||\u00bb][et_pb_text _builder_version=\u00bb4.16&#8243; background_size=\u00bbinitial\u00bb background_position=\u00bbtop_left\u00bb background_repeat=\u00bbrepeat\u00bb text_orientation=\u00bbcenter\u00bb module_alignment=\u00bbcenter\u00bb use_border_color=\u00bboff\u00bb border_style=\u00bbsolid\u00bb inline_fonts=\u00bbMontserrat\u00bb global_colors_info=\u00bb{}\u00bb]<\/p>\n<h4><span style=\"font-family: Montserrat; color: #999999;\" data-mce-style=\"font-family: Montserrat; color: #999999;\">PROYECTOS<\/span><\/h4>\n<\/p>\n<h3>mSAFE-AP<\/h3>\n<\/p>\n<p><span style=\"font-family: Montserrat; font-size: large;\" data-mce-style=\"font-family: Montserrat; font-size: large;\">SOLUCIONES PARA LA MEJORA DE LA EFICIENCIA Y SEGURIDAD DEL P\u00c1NCREAS ARTIFICIAL MEDIANTE ARQUITECTURAS DE CONTROL MULTIVARIABLE TOLERANTES A FALLOS<\/span><br data-mce-bogus=\"1\"><\/p>\n<p>[\/et_pb_text][\/et_pb_column][\/et_pb_row][et_pb_row padding_mobile=\u00bboff\u00bb column_padding_mobile=\u00bbon\u00bb _builder_version=\u00bb4.16&#8243; background_size=\u00bbinitial\u00bb background_position=\u00bbtop_left\u00bb background_repeat=\u00bbrepeat\u00bb make_fullwidth=\u00bboff\u00bb use_custom_width=\u00bboff\u00bb width_unit=\u00bboff\u00bb custom_width_px=\u00bb1080px\u00bb custom_width_percent=\u00bb80%\u00bb global_colors_info=\u00bb{}\u00bb column_structure=\u00bb1_2,1_2&#8243;][et_pb_column type=\u00bb1_2&#8243; _builder_version=\u00bb4.16&#8243; custom_padding=\u00bb|||\u00bb global_colors_info=\u00bb{}\u00bb custom_padding__hover=\u00bb|||\u00bb][et_pb_image src=\u00bbhttp:\/\/tecnodiabetes.ai2.upv.es\/wp-content\/uploads\/2017\/02\/foto_mSAFEAP.jpg\u00bb align_tablet=\u00bbcenter\u00bb align_last_edited=\u00bbon|desktop\u00bb _builder_version=\u00bb4.16&#8243; animation_style=\u00bbslide\u00bb animation_direction=\u00bbleft\u00bb animation_duration=\u00bb500ms\u00bb animation_intensity_slide=\u00bb10%\u00bb use_border_color=\u00bboff\u00bb border_color=\u00bb#ffffff\u00bb border_style=\u00bbsolid\u00bb animation=\u00bbleft\u00bb sticky=\u00bboff\u00bb always_center_on_mobile=\u00bbon\u00bb global_colors_info=\u00bb{}\u00bb align_phone=\u00bbcenter\u00bb][\/et_pb_image][\/et_pb_column][et_pb_column type=\u00bb1_2&#8243; _builder_version=\u00bb4.16&#8243; custom_padding=\u00bb|||\u00bb global_colors_info=\u00bb{}\u00bb custom_padding__hover=\u00bb|||\u00bb][et_pb_text _builder_version=\u00bb4.16&#8243; background_size=\u00bbinitial\u00bb background_position=\u00bbtop_left\u00bb background_repeat=\u00bbrepeat\u00bb use_border_color=\u00bboff\u00bb border_style=\u00bbsolid\u00bb global_colors_info=\u00bb{}\u00bb]<\/p>\n<h4>Datos administrativos<\/h4>\n<\/p>\n<\/p>\n<p><strong>Referencia del proyecto:<\/strong> DPI2016-78831-C2-1-R<br \/><strong style=\"font-size: 14px;\" data-mce-style=\"font-size: 14px;\">T\u00edtulo:<\/strong><span style=\"font-size: 14px;\" data-mce-style=\"font-size: 14px;\"> Soluciones para la mejora de la eficiencia y seguridad del p\u00e1ncreas artificial mediante arquitecturas de control multivariable tolerantes a fallos&nbsp; &#8211; mSAFE-AP<br \/><\/span><strong style=\"font-size: 14px;\" data-mce-style=\"font-size: 14px;\">Entidades participantes:<\/strong><span style=\"font-size: 14px;\" data-mce-style=\"font-size: 14px;\"> Proyecto coordinado<br \/><\/span><strong style=\"font-size: 14px;\" data-mce-style=\"font-size: 14px;\">Subproyecto 1:<\/strong><span style=\"font-size: 14px;\" data-mce-style=\"font-size: 14px;\"> Universitat Polit\u00e8cnica de Val\u00e8ncia (coordinador)<br \/><\/span><strong style=\"font-size: 14px;\" data-mce-style=\"font-size: 14px;\">Subproyecto 2:<\/strong><span style=\"font-size: 14px;\" data-mce-style=\"font-size: 14px;\"> Universitat de Girona<br \/><\/span><strong style=\"font-size: 14px;\" data-mce-style=\"font-size: 14px;\">Investigador principal:<\/strong><span style=\"font-size: 14px;\" data-mce-style=\"font-size: 14px;\"> Jorge Bondia (coordinador); Josep Veh\u00ed<br \/><strong style=\"font-size: 14px;\" data-mce-style=\"font-size: 14px;\">Entidad financiadora:<\/strong><span style=\"font-size: 14px;\" data-mce-style=\"font-size: 14px;\"> Ministerio de Econom\u00eda y Competitividad<br \/><\/span><strong style=\"font-size: 14px;\" data-mce-style=\"font-size: 14px;\">Duraci\u00f3n:<\/strong><span style=\"font-size: 14px;\" data-mce-style=\"font-size: 14px;\"> 30\/12\/2016-29\/12\/2019<br \/><\/span><strong style=\"font-size: 14px;\" data-mce-style=\"font-size: 14px;\">Financiaci\u00f3n recibida:<\/strong><span style=\"font-size: 14px;\" data-mce-style=\"font-size: 14px;\"> Subproyecto 1: 254.100,00\u20ac<br \/><\/span><span style=\"font-size: 14px;\" data-mce-style=\"font-size: 14px;\">Subproyecto 2: 284.350,00 \u20ac<\/span><\/span><\/p>\n<p>[\/et_pb_text][\/et_pb_column][\/et_pb_row][et_pb_row padding_mobile=\u00bboff\u00bb column_padding_mobile=\u00bbon\u00bb _builder_version=\u00bb4.16&#8243; background_size=\u00bbinitial\u00bb background_position=\u00bbtop_left\u00bb background_repeat=\u00bbrepeat\u00bb custom_padding=\u00bb22.1094px|0px|0px|0px\u00bb make_fullwidth=\u00bboff\u00bb use_custom_width=\u00bboff\u00bb width_unit=\u00bboff\u00bb custom_width_px=\u00bb1080px\u00bb custom_width_percent=\u00bb80%\u00bb global_colors_info=\u00bb{}\u00bb][et_pb_column type=\u00bb4_4&#8243; _builder_version=\u00bb4.16&#8243; custom_padding=\u00bb|||\u00bb global_colors_info=\u00bb{}\u00bb custom_padding__hover=\u00bb|||\u00bb][et_pb_text _builder_version=\u00bb4.16&#8243; background_size=\u00bbinitial\u00bb background_position=\u00bbtop_left\u00bb background_repeat=\u00bbrepeat\u00bb use_border_color=\u00bboff\u00bb border_color=\u00bb#ffffff\u00bb border_style=\u00bbsolid\u00bb global_colors_info=\u00bb{}\u00bb]<\/p>\n<h4>Resumen del proyecto<\/h4>\n<p>A medida que los sistemas de p\u00e1ncreas artificial se mueven hacia la comercializaci\u00f3n, es necesario hacer frente a los nuevos retos que implican un uso intensivo y prolongado de un sistema complejo, con m\u00faltiples componentes con diferente vida \u00fatil, gestionados por humanos con una formaci\u00f3n m\u00ednima y tendencia a la falta de adherencia. Los desaf\u00edos constantes de eficiencia y seguridad entran en una nueva dimensi\u00f3n al considerar largos per\u00edodos de tiempo, en el que muchas de las acciones deben ser realizadas por el paciente sin supervisi\u00f3n. Por tanto, es necesario dotar al p\u00e1ncreas artificial con nuevos mecanismos para el seguimiento del paciente, la detecci\u00f3n y predicci\u00f3n de riesgos, actuando en consecuencia en el sistema para garantizar su seguridad. Las t\u00e9cnicas basadas en el control tolerante a fallos reconfigurable se consideran como un buen candidato para abordar estos problemas y se explorar\u00e1n en esta propuesta. Adem\u00e1s, la complejidad del problema sugiere la necesidad de m\u00e1s grados de libertad que los dados por una arquitectura de control una-entrada-una-salida basados solamente en la medici\u00f3n de la glucosa y la infusi\u00f3n de insulina, lo que lleva a los enfoques de control multivariable para el p\u00e1ncreas artificial. Sin embargo, esto implica retos adicionales, como interpretaciones err\u00f3neas por parte del sistema de control de las se\u00f1ales adicionales, que deben ser tratados adecuadamente en los m\u00f3dulos de mitigaci\u00f3n de fallos.<\/p>\n<p>El objetivo general de este proyecto es el dise\u00f1o de un p\u00e1ncreas artificial ambulatorio eficiente y seguro en su uso cotidiano mediante el desarrollo e implementaci\u00f3n de controladores multivariable, reconfigurables y tolerantes a fallos. En concreto, la propuesta abordar\u00e1:<br \/>\n(1) El uso de se\u00f1ales adicionales, aparte de la medici\u00f3n de glucosa, proveniente de dispositivos o nuevas intervenciones del paciente, para la mejora de prestaciones ante ejercicio y comidas mixtas de diferente composici\u00f3n nutricional y consumo de alcohol.<br \/>\n(2) La aplicaci\u00f3n de medidas de control adicionales, aparte de infusi\u00f3n de insulina, para la minimizaci\u00f3n del riesgo de hipoglucemia en escenarios desafiantes con ca\u00edda r\u00e1pida de la glucosa, como el ejercicio. Se explorar\u00e1n los sistemas bihormonales con coordinaci\u00f3n de la infusi\u00f3n de insulina y glucag\u00f3n, as\u00ed como el uso de advertencias de ingesta de carbohidratos de rescate en los sistemas unihormonales.<br \/>\n(3) El desarrollo de nuevas herramientas para la supervisi\u00f3n del paciente, incluyendo la clasificaci\u00f3n y detecci\u00f3n de situaciones de la vida libre, con la extensi\u00f3n del concepto de fallo m\u00e1s all\u00e1 de la instrumentaci\u00f3n, incluyendo estados metab\u00f3licos an\u00f3malos del paciente y factores humanos, as\u00ed como la predicci\u00f3n de riesgos a partir de t\u00e9cnicas de modelado estoc\u00e1stico e h\u00edbrido.<\/p>\n<p>Como resultado del proyecto, se construir\u00e1 un nuevo sistema de p\u00e1ncreas artificial multivariable reconfigurable tolerante a fallos sobre plataforma m\u00f3vil incluyendo los m\u00e9todos desarrollados, que ser\u00e1 evaluado en la \u00faltima fase del proyecto mediante un estudio piloto ambulatorio de 3 meses.<br \/>\n[\/et_pb_text][\/et_pb_column][\/et_pb_row][et_pb_row padding_mobile=\u00bboff\u00bb column_padding_mobile=\u00bbon\u00bb admin_label=\u00bbrow\u00bb _builder_version=\u00bb4.16&#8243; background_size=\u00bbinitial\u00bb background_position=\u00bbtop_left\u00bb background_repeat=\u00bbrepeat\u00bb custom_padding=\u00bb27px|0px|15px|0px\u00bb make_fullwidth=\u00bboff\u00bb use_custom_width=\u00bboff\u00bb width_unit=\u00bboff\u00bb custom_width_px=\u00bb1080px\u00bb custom_width_percent=\u00bb80%\u00bb global_colors_info=\u00bb{}\u00bb][et_pb_column type=\u00bb4_4&#8243; _builder_version=\u00bb4.16&#8243; custom_padding=\u00bb|||\u00bb global_colors_info=\u00bb{}\u00bb custom_padding__hover=\u00bb|||\u00bb][et_pb_text _builder_version=\u00bb4.16&#8243; background_size=\u00bbinitial\u00bb background_position=\u00bbtop_left\u00bb background_repeat=\u00bbrepeat\u00bb use_border_color=\u00bboff\u00bb border_style=\u00bbsolid\u00bb global_colors_info=\u00bb{}\u00bb]<\/p>\n<h4>Investigadores<\/h4>\n<p>[\/et_pb_text][\/et_pb_column][\/et_pb_row][et_pb_row padding_mobile=\u00bboff\u00bb column_padding_mobile=\u00bbon\u00bb admin_label=\u00bbrow\u00bb _builder_version=\u00bb4.16&#8243; background_size=\u00bbinitial\u00bb background_position=\u00bbtop_left\u00bb background_repeat=\u00bbrepeat\u00bb custom_padding=\u00bb0px|0px|35px|0px\u00bb make_fullwidth=\u00bboff\u00bb use_custom_width=\u00bboff\u00bb width_unit=\u00bboff\u00bb custom_width_px=\u00bb1080px\u00bb custom_width_percent=\u00bb80%\u00bb global_colors_info=\u00bb{}\u00bb column_structure=\u00bb1_3,1_3,1_3&#8243;][et_pb_column type=\u00bb1_3&#8243; _builder_version=\u00bb4.16&#8243; custom_padding=\u00bb|||\u00bb global_colors_info=\u00bb{}\u00bb custom_padding__hover=\u00bb|||\u00bb][et_pb_text _builder_version=\u00bb4.16&#8243; background_size=\u00bbinitial\u00bb background_position=\u00bbtop_left\u00bb background_repeat=\u00bbrepeat\u00bb use_border_color=\u00bboff\u00bb global_colors_info=\u00bb{}\u00bb]<\/p>\n<h6>Universitat Polit\u00e8cnica de Val\u00e8ncia<\/h6>\n<ul>\n<li>Jorge Bondia (coordinador)<\/li>\n<li>Jos\u00e9 Luis D\u00edez<\/li>\n<li>Sergio Romero<\/li>\n<li>Beatriz Ricarte<\/li>\n<li>Alejandro J. Laguna<\/li>\n<li>Juan Fernando Mart\u00edn<\/li>\n<li>Vanessa Moscard\u00f3<\/li>\n<li>Ricardo Sanz<\/li>\n<li>Eslam Montaser<\/li>\n<li>Iv\u00e1n Sala<\/li>\n<li>Clara Furi\u00f3<\/li>\n<li>Michelle A. Caicedo<\/li>\n<\/ul>\n<h6>\nImperial College London<\/h6>\n<ul>\n<li>Pau Herrero<\/li>\n<\/ul>\n<h6>\nHarvard University<\/h6>\n<ul>\n<li>Eyal Dassau<\/li>\n<\/ul>\n<p>[\/et_pb_text][\/et_pb_column][et_pb_column type=\u00bb1_3&#8243; _builder_version=\u00bb4.16&#8243; custom_padding=\u00bb|||\u00bb global_colors_info=\u00bb{}\u00bb custom_padding__hover=\u00bb|||\u00bb][et_pb_text _builder_version=\u00bb4.16&#8243; background_size=\u00bbinitial\u00bb background_position=\u00bbtop_left\u00bb background_repeat=\u00bbrepeat\u00bb use_border_color=\u00bboff\u00bb border_color=\u00bb#ffffff\u00bb border_style=\u00bbsolid\u00bb global_colors_info=\u00bb{}\u00bb]<\/p>\n<h6>Universitat de Girona<\/h6>\n<ul>\n<li>Josep Veh\u00ed (co-IP)<\/li>\n<li>Remei Calm<\/li>\n<li>Anna C. Comas<\/li>\n<li>Charrise Raamkimsoon<\/li>\n<li>Silvia Oviedo<\/li>\n<li>Lyvia Regina Biagi Silva Bertachi<\/li>\n<li>Aleix Beneyto<\/li>\n<li>Arthur Hirata Bertachi<\/li>\n<li>Iv\u00e1n Contreras<\/li>\n<\/ul>\n<h6>\nUniversity of Padova<\/h6>\n<ul>\n<li>Claudio Cobelli<\/li>\n<\/ul>\n<p>[\/et_pb_text][\/et_pb_column][et_pb_column type=\u00bb1_3&#8243; _builder_version=\u00bb4.16&#8243; custom_padding=\u00bb|||\u00bb global_colors_info=\u00bb{}\u00bb custom_padding__hover=\u00bb|||\u00bb][et_pb_text _builder_version=\u00bb4.16&#8243; background_size=\u00bbinitial\u00bb background_position=\u00bbtop_left\u00bb background_repeat=\u00bbrepeat\u00bb use_border_color=\u00bboff\u00bb border_color=\u00bb#ffffff\u00bb border_style=\u00bbsolid\u00bb global_colors_info=\u00bb{}\u00bb]<\/p>\n<h6>\nHospital Cl\u00ednic de Barcelona<\/h6>\n<ul>\n<li>Ignacio Conget<\/li>\n<li>Marga Gim\u00e9nez<\/li>\n<li>Carmen Quir\u00f3s<\/li>\n<\/ul>\n<h6>Hospital Francesc de Borja de Gand\u00eda<\/h6>\n<ul>\n<li>Paolo Rossetti<\/li>\n<\/ul>\n<h6>Hospital Cl\u00ednico de Valencia<\/h6>\n<ul>\n<li>F. Javier Ampudia<\/li>\n<\/ul>\n<p>[\/et_pb_text][\/et_pb_column][\/et_pb_row][\/et_pb_section][et_pb_section fb_built=\u00bb1&#8243; theme_builder_area=\u00bbpost_content\u00bb _builder_version=\u00bb4.19.0&#8243; _module_preset=\u00bbdefault\u00bb][et_pb_row _builder_version=\u00bb4.19.0&#8243; _module_preset=\u00bbdefault\u00bb column_structure=\u00bb1_4,1_2,1_4&#8243; theme_builder_area=\u00bbpost_content\u00bb][et_pb_column _builder_version=\u00bb4.19.0&#8243; _module_preset=\u00bbdefault\u00bb type=\u00bb1_4&#8243; theme_builder_area=\u00bbpost_content\u00bb][\/et_pb_column][et_pb_column _builder_version=\u00bb4.19.0&#8243; _module_preset=\u00bbdefault\u00bb type=\u00bb1_2&#8243; theme_builder_area=\u00bbpost_content\u00bb][et_pb_image src=\u00bbhttps:\/\/tecnodiabetes.ai2.upv.es\/wp-content\/uploads\/2023\/01\/Logotipo_del_Ministerio_de_Economia_y_Competitividad.png\u00bb _builder_version=\u00bb4.19.0&#8243; _module_preset=\u00bbdefault\u00bb theme_builder_area=\u00bbpost_content\u00bb alt=\u00bbMinisterio de Econom\u00eda y c\u00bb title_text=\u00bbLogotipo_del_Ministerio_de_Econom\u00eda_y_Competitividad\u00bb hover_enabled=\u00bb0&#8243; sticky_enabled=\u00bb0&#8243;][\/et_pb_image][\/et_pb_column][et_pb_column _builder_version=\u00bb4.19.0&#8243; _module_preset=\u00bbdefault\u00bb type=\u00bb1_4&#8243; theme_builder_area=\u00bbpost_content\u00bb][\/et_pb_column][\/et_pb_row][\/et_pb_section]<\/p>\n","protected":false},"excerpt":{"rendered":"<p>PROYECTOS mSAFE-AP SOLUCIONES PARA LA MEJORA DE LA EFICIENCIA Y SEGURIDAD DEL P\u00c1NCREAS ARTIFICIAL MEDIANTE ARQUITECTURAS DE CONTROL MULTIVARIABLE TOLERANTES A FALLOS Datos administrativos Referencia del proyecto: DPI2016-78831-C2-1-RT\u00edtulo: Soluciones para la mejora de la eficiencia y seguridad del p\u00e1ncreas artificial mediante arquitecturas de control multivariable tolerantes a fallos&nbsp; &#8211; mSAFE-APEntidades participantes: Proyecto coordinadoSubproyecto 1: Universitat [&hellip;]<\/p>\n","protected":false},"author":1,"featured_media":0,"parent":0,"menu_order":0,"comment_status":"closed","ping_status":"closed","template":"","meta":{"_et_pb_use_builder":"on","_et_pb_old_content":"","_et_gb_content_width":"","inline_featured_image":false,"footnotes":""},"class_list":["post-1594","page","type-page","status-publish","hentry"],"yoast_head":"<!-- This site is optimized with the Yoast SEO plugin v27.5 - https:\/\/yoast.com\/product\/yoast-seo-wordpress\/ -->\n<title>Proyecto de p\u00e1ncreas artificial mSAFE-AP - Tecnodiabetes<\/title>\n<meta name=\"description\" content=\"Conoce el proyecto mSAFE-AP, que aborda la mejora de la eficiencia y seguridad del p\u00e1ncreas artificial mediante control multivariable tolerante a fallos.\" \/>\n<meta name=\"robots\" content=\"index, follow, max-snippet:-1, max-image-preview:large, max-video-preview:-1\" \/>\n<link rel=\"canonical\" href=\"https:\/\/tecnodiabetes.ai2.upv.es\/index.php\/msafe-ap\/\" \/>\n<meta property=\"og:locale\" content=\"es_ES\" \/>\n<meta property=\"og:type\" content=\"article\" \/>\n<meta property=\"og:title\" content=\"Proyecto de p\u00e1ncreas artificial mSAFE-AP - Tecnodiabetes\" \/>\n<meta property=\"og:description\" content=\"Conoce el proyecto mSAFE-AP, que aborda la mejora de la eficiencia y seguridad del p\u00e1ncreas artificial mediante control multivariable tolerante a fallos.\" \/>\n<meta property=\"og:url\" content=\"https:\/\/tecnodiabetes.ai2.upv.es\/index.php\/msafe-ap\/\" \/>\n<meta property=\"og:site_name\" content=\"Tecnodiabetes\" \/>\n<meta property=\"article:publisher\" content=\"https:\/\/www.facebook.com\/Tecnodiabetes-1788690764738148\/\" \/>\n<meta property=\"article:modified_time\" content=\"2023-01-23T13:12:49+00:00\" \/>\n<meta name=\"twitter:card\" content=\"summary_large_image\" \/>\n<meta name=\"twitter:site\" content=\"@tecnodiabetes\" \/>\n<meta name=\"twitter:label1\" content=\"Tiempo de lectura\" \/>\n\t<meta name=\"twitter:data1\" content=\"8 minutos\" \/>\n<script type=\"application\/ld+json\" class=\"yoast-schema-graph\">{\"@context\":\"https:\\\/\\\/schema.org\",\"@graph\":[{\"@type\":\"WebPage\",\"@id\":\"https:\\\/\\\/tecnodiabetes.ai2.upv.es\\\/index.php\\\/msafe-ap\\\/\",\"url\":\"https:\\\/\\\/tecnodiabetes.ai2.upv.es\\\/index.php\\\/msafe-ap\\\/\",\"name\":\"Proyecto de p\u00e1ncreas artificial mSAFE-AP - Tecnodiabetes\",\"isPartOf\":{\"@id\":\"https:\\\/\\\/tecnodiabetes.ai2.upv.es\\\/#website\"},\"datePublished\":\"2017-02-03T13:16:46+00:00\",\"dateModified\":\"2023-01-23T13:12:49+00:00\",\"description\":\"Conoce el proyecto mSAFE-AP, que aborda la mejora de la eficiencia y seguridad del p\u00e1ncreas artificial mediante control multivariable tolerante a fallos.\",\"breadcrumb\":{\"@id\":\"https:\\\/\\\/tecnodiabetes.ai2.upv.es\\\/index.php\\\/msafe-ap\\\/#breadcrumb\"},\"inLanguage\":\"es\",\"potentialAction\":[{\"@type\":\"ReadAction\",\"target\":[\"https:\\\/\\\/tecnodiabetes.ai2.upv.es\\\/index.php\\\/msafe-ap\\\/\"]}]},{\"@type\":\"BreadcrumbList\",\"@id\":\"https:\\\/\\\/tecnodiabetes.ai2.upv.es\\\/index.php\\\/msafe-ap\\\/#breadcrumb\",\"itemListElement\":[{\"@type\":\"ListItem\",\"position\":1,\"name\":\"Portada\",\"item\":\"https:\\\/\\\/tecnodiabetes.ai2.upv.es\\\/\"},{\"@type\":\"ListItem\",\"position\":2,\"name\":\"mSAFE-AP\"}]},{\"@type\":\"WebSite\",\"@id\":\"https:\\\/\\\/tecnodiabetes.ai2.upv.es\\\/#website\",\"url\":\"https:\\\/\\\/tecnodiabetes.ai2.upv.es\\\/\",\"name\":\"Tecnodiabetes\",\"description\":\"Divulgaci\u00f3n Cient\u00edfica sobre Diabetes\",\"potentialAction\":[{\"@type\":\"SearchAction\",\"target\":{\"@type\":\"EntryPoint\",\"urlTemplate\":\"https:\\\/\\\/tecnodiabetes.ai2.upv.es\\\/?s={search_term_string}\"},\"query-input\":{\"@type\":\"PropertyValueSpecification\",\"valueRequired\":true,\"valueName\":\"search_term_string\"}}],\"inLanguage\":\"es\"}]}<\/script>\n<!-- \/ Yoast SEO plugin. -->","yoast_head_json":{"title":"Proyecto de p\u00e1ncreas artificial mSAFE-AP - Tecnodiabetes","description":"Conoce el proyecto mSAFE-AP, que aborda la mejora de la eficiencia y seguridad del p\u00e1ncreas artificial mediante control multivariable tolerante a fallos.","robots":{"index":"index","follow":"follow","max-snippet":"max-snippet:-1","max-image-preview":"max-image-preview:large","max-video-preview":"max-video-preview:-1"},"canonical":"https:\/\/tecnodiabetes.ai2.upv.es\/index.php\/msafe-ap\/","og_locale":"es_ES","og_type":"article","og_title":"Proyecto de p\u00e1ncreas artificial mSAFE-AP - Tecnodiabetes","og_description":"Conoce el proyecto mSAFE-AP, que aborda la mejora de la eficiencia y seguridad del p\u00e1ncreas artificial mediante control multivariable tolerante a fallos.","og_url":"https:\/\/tecnodiabetes.ai2.upv.es\/index.php\/msafe-ap\/","og_site_name":"Tecnodiabetes","article_publisher":"https:\/\/www.facebook.com\/Tecnodiabetes-1788690764738148\/","article_modified_time":"2023-01-23T13:12:49+00:00","twitter_card":"summary_large_image","twitter_site":"@tecnodiabetes","twitter_misc":{"Tiempo de lectura":"8 minutos"},"schema":{"@context":"https:\/\/schema.org","@graph":[{"@type":"WebPage","@id":"https:\/\/tecnodiabetes.ai2.upv.es\/index.php\/msafe-ap\/","url":"https:\/\/tecnodiabetes.ai2.upv.es\/index.php\/msafe-ap\/","name":"Proyecto de p\u00e1ncreas artificial mSAFE-AP - Tecnodiabetes","isPartOf":{"@id":"https:\/\/tecnodiabetes.ai2.upv.es\/#website"},"datePublished":"2017-02-03T13:16:46+00:00","dateModified":"2023-01-23T13:12:49+00:00","description":"Conoce el proyecto mSAFE-AP, que aborda la mejora de la eficiencia y seguridad del p\u00e1ncreas artificial mediante control multivariable tolerante a fallos.","breadcrumb":{"@id":"https:\/\/tecnodiabetes.ai2.upv.es\/index.php\/msafe-ap\/#breadcrumb"},"inLanguage":"es","potentialAction":[{"@type":"ReadAction","target":["https:\/\/tecnodiabetes.ai2.upv.es\/index.php\/msafe-ap\/"]}]},{"@type":"BreadcrumbList","@id":"https:\/\/tecnodiabetes.ai2.upv.es\/index.php\/msafe-ap\/#breadcrumb","itemListElement":[{"@type":"ListItem","position":1,"name":"Portada","item":"https:\/\/tecnodiabetes.ai2.upv.es\/"},{"@type":"ListItem","position":2,"name":"mSAFE-AP"}]},{"@type":"WebSite","@id":"https:\/\/tecnodiabetes.ai2.upv.es\/#website","url":"https:\/\/tecnodiabetes.ai2.upv.es\/","name":"Tecnodiabetes","description":"Divulgaci\u00f3n Cient\u00edfica sobre Diabetes","potentialAction":[{"@type":"SearchAction","target":{"@type":"EntryPoint","urlTemplate":"https:\/\/tecnodiabetes.ai2.upv.es\/?s={search_term_string}"},"query-input":{"@type":"PropertyValueSpecification","valueRequired":true,"valueName":"search_term_string"}}],"inLanguage":"es"}]}},"_links":{"self":[{"href":"https:\/\/tecnodiabetes.ai2.upv.es\/index.php\/wp-json\/wp\/v2\/pages\/1594","targetHints":{"allow":["GET"]}}],"collection":[{"href":"https:\/\/tecnodiabetes.ai2.upv.es\/index.php\/wp-json\/wp\/v2\/pages"}],"about":[{"href":"https:\/\/tecnodiabetes.ai2.upv.es\/index.php\/wp-json\/wp\/v2\/types\/page"}],"author":[{"embeddable":true,"href":"https:\/\/tecnodiabetes.ai2.upv.es\/index.php\/wp-json\/wp\/v2\/users\/1"}],"replies":[{"embeddable":true,"href":"https:\/\/tecnodiabetes.ai2.upv.es\/index.php\/wp-json\/wp\/v2\/comments?post=1594"}],"version-history":[{"count":12,"href":"https:\/\/tecnodiabetes.ai2.upv.es\/index.php\/wp-json\/wp\/v2\/pages\/1594\/revisions"}],"predecessor-version":[{"id":2935,"href":"https:\/\/tecnodiabetes.ai2.upv.es\/index.php\/wp-json\/wp\/v2\/pages\/1594\/revisions\/2935"}],"wp:attachment":[{"href":"https:\/\/tecnodiabetes.ai2.upv.es\/index.php\/wp-json\/wp\/v2\/media?parent=1594"}],"curies":[{"name":"wp","href":"https:\/\/api.w.org\/{rel}","templated":true}]}}